{"id":1371,"date":"2025-10-09T00:13:30","date_gmt":"2025-10-09T00:13:30","guid":{"rendered":"https:\/\/acinolatam.com\/?page_id=1371"},"modified":"2025-11-11T18:32:10","modified_gmt":"2025-11-11T18:32:10","slug":"empleos","status":"publish","type":"page","link":"https:\/\/acinolatam.com\/es\/empleos\/","title":{"rendered":"Carrera"},"content":{"rendered":"<div id=\"text-block-0\" class=\"text-block wysiwyg acino-block--first\" data-view=\"text-block\"><div class=\"container wysiwyg-wrapper\"><h1>Acelerando nuestro futuro<\/h1>\n<p>En Acino, superamos los l\u00edmites para ofrecer productos farmac\u00e9uticos de alta calidad que mejoran la vida de los pacientes.<\/p>\n<p>Impulsados por nuestro objetivo com\u00fan de proporcionar acceso a los medicamentos a quienes los necesitan, nuestra fortaleza reside en nuestra experiencia \u00fanica y nuestra presencia en mercados emergentes y de alto crecimiento.<\/p>\n<p>Estamos orgullosos de desafiar el statu quo de la industria farmac\u00e9utica, mirando siempre hacia el futuro con una mente abierta. Nos comprometemos a promover la atenci\u00f3n sanitaria en todas las comunidades, cuidando de los pacientes, las personas y el medio ambiente.<\/p>\n<p>Creemos que para tener \u00e9xito como empresa, debemos tener \u00e9xito como personas. Por eso esperamos que todos los miembros del equipo contribuyan a nuestra cultura ganadora, adopten el trabajo en equipo y el esp\u00edritu emprendedor. Empoderamos a nuestra gente para que d\u00e9 forma a su carrera profesional y haga realidad sus aspiraciones.<\/p>\n<p>\u00bfTienes ganas de pasar a la acci\u00f3n? En Acino, animamos a nuestra gente a hacer que las cosas sucedan y a tener un impacto. Con acceso directo a los l\u00edderes, si puedes encontrar una soluci\u00f3n, podemos llevarla a cabo.<\/p>\n<p>Bienvenido a Acino, un entorno din\u00e1mico y en r\u00e1pido crecimiento donde tus contribuciones pueden marcar una diferencia real.<\/p>\n<\/div><\/div>\n\n<div id=\"button-links-0\" class=\"button-links acino-block--first\" data-view=\"button-links\"><div class=\"container\"><a href=\"https:\/\/acinolatam.com\/es\/jobs\/\" class=\"button accentOne-solid\">El siguiente paso es tuyo: Buscar trabajo<\/a><\/div><\/div>\n\n<div id=\"text-block-0\" class=\"text-block wysiwyg acino-block--first\" data-view=\"text-block\"><div class=\"container wysiwyg-wrapper\"><h2>Acino de un vistazo<\/h2>\n<\/div><\/div>\n\n<div id=\"multi-column-layout-0\" class=\"multi-column-layout wysiwyg asset-type-image acino-block--first\" data-view=\"multi-column-layout\"><div class=\"container\"><ul><li><div><div class=\"wysiwyg-wrapper item-text\"><h1 style=\"text-align: center\"><span class=\"text-blue text-accentOne\"><strong>3,000+<\/strong><\/span><\/h1>\n<p style=\"text-align: center\">Empleados en todo el mundo<\/p>\n<\/div><\/div><\/li><li><div><div class=\"wysiwyg-wrapper item-text\"><h1 style=\"text-align: center\"><span class=\"text-blue text-accentOne\"><strong class=\"figure-text text-accentOne\"><span class=\"animated-number\" data-target=\"51\">51<\/span>%<\/strong><\/span><\/h1>\n<div class=\"wysiwyg-wrapper subtext\">\n<p style=\"text-align: center\">de nuestros empleados en todo el mundo son mujeres<\/p>\n<\/div>\n<\/div><\/div><\/li><li><div><div class=\"wysiwyg-wrapper item-text\"><h1 style=\"text-align: center\"><span class=\"text-blue text-accentOne\"><strong class=\"figure-text text-accentOne\"><span class=\"animated-number\" data-target=\"51\">84<\/span>%<\/strong><\/span><\/h1>\n<div class=\"wysiwyg-wrapper subtext\">\n<p style=\"text-align: center\">de nuestros empleados est\u00e1n contentos de trabajar en Acino<br \/>\n(resultados de la encuesta de 2024)<\/p>\n<\/div>\n<\/div><\/div><\/li><\/ul><\/div><\/div>\n\n<div id=\"multi-column-layout-0\" class=\"multi-column-layout wysiwyg asset-type-image acino-block--first\" data-view=\"multi-column-layout\"><div class=\"container\"><ul><li><div><picture class=\"desktop-img\"><source srcset=\"data:image\/gif;base64,R0lGODlhAQABAIAAAAAAAP\/\/\/yH5BAEAAAAALAAAAAABAAEAAAIBRAA7\" data-srcset=\"data:image\/gif;base64,R0lGODlhAQABAIAAAAAAAP\/\/\/yH5BAEAAAAALAAAAAABAAEAAAIBRAA7\" media=\"(max-width: 412px)\" type=\"image\/gif\"\/><source srcset=\"https:\/\/assets.acinolatam.com\/wp-content\/webp-express\/webp-images\/uploads\/sites\/3\/2025\/10\/persons.jpg.webp\" media=\"(min-width: 413px)\" type=\"image\/webp\"\/><source srcset=\"https:\/\/assets.acinolatam.com\/wp-content\/uploads\/sites\/3\/2025\/10\/persons.jpg\" media=\"(min-width: 413px)\" type=\"image\/jpeg\"\/><img loading=\"lazy\" decoding=\"async\" alt=\"\" src=\"https:\/\/assets.acinolatam.com\/wp-content\/uploads\/sites\/3\/2025\/10\/persons.jpg\" width=\"450\" height=\"296\" style=\"aspect-ratio:450\/296;\"  \/><\/picture><picture class=\"mobile-img\"><source srcset=\"data:image\/gif;base64,R0lGODlhAQABAIAAAAAAAP\/\/\/yH5BAEAAAAALAAAAAABAAEAAAIBRAA7\" data-srcset=\"data:image\/gif;base64,R0lGODlhAQABAIAAAAAAAP\/\/\/yH5BAEAAAAALAAAAAABAAEAAAIBRAA7\" media=\"(min-width: 413px)\" type=\"image\/gif\"\/><source srcset=\"https:\/\/assets.acinolatam.com\/wp-content\/webp-express\/webp-images\/uploads\/sites\/3\/2025\/10\/persons-412x271.jpg.webp, https:\/\/assets.acinolatam.com\/wp-content\/webp-express\/webp-images\/uploads\/sites\/3\/2025\/10\/persons.jpg.webp 2x\" media=\"(max-width: 412px)\" type=\"image\/webp\"\/><source srcset=\"https:\/\/assets.acinolatam.com\/wp-content\/uploads\/sites\/3\/2025\/10\/persons-412x271.jpg, https:\/\/assets.acinolatam.com\/wp-content\/uploads\/sites\/3\/2025\/10\/persons.jpg 2x\" media=\"(max-width: 412px)\" type=\"image\/jpeg\"\/><img loading=\"lazy\" decoding=\"async\" alt=\"\" src=\"https:\/\/assets.acinolatam.com\/wp-content\/uploads\/sites\/3\/2025\/10\/persons-412x271.jpg\" width=\"412\" height=\"271\" style=\"aspect-ratio:412\/271;\"  \/><\/picture><p id=\"0-cultura\" class=\"text item-title\"><strong>Cultura<\/strong><\/p><div class=\"wysiwyg-wrapper item-text\"><p><a href=\"https:\/\/acinolatam.com\/our-culture\/\">La confianza, la innovaci\u00f3n, la agilidad y la colaboraci\u00f3n<\/a> son parte fundamental de nuestra cultura y nuestro negocio. Estos valores nos sirven de gu\u00eda a la hora de contratar, evaluar y ascender a las personas.<\/p>\n<\/div><\/div><\/li><li><div><picture class=\"desktop-img\"><source srcset=\"data:image\/gif;base64,R0lGODlhAQABAIAAAAAAAP\/\/\/yH5BAEAAAAALAAAAAABAAEAAAIBRAA7\" data-srcset=\"data:image\/gif;base64,R0lGODlhAQABAIAAAAAAAP\/\/\/yH5BAEAAAAALAAAAAABAAEAAAIBRAA7\" media=\"(max-width: 412px)\" type=\"image\/gif\"\/><source srcset=\"https:\/\/assets.acinolatam.com\/wp-content\/webp-express\/webp-images\/uploads\/sites\/3\/2025\/10\/acino_history.jpg.webp\" media=\"(min-width: 413px)\" type=\"image\/webp\"\/><source srcset=\"https:\/\/assets.acinolatam.com\/wp-content\/uploads\/sites\/3\/2025\/10\/acino_history.jpg\" media=\"(min-width: 413px)\" type=\"image\/jpeg\"\/><img loading=\"lazy\" decoding=\"async\" alt=\"\" src=\"https:\/\/assets.acinolatam.com\/wp-content\/uploads\/sites\/3\/2025\/10\/acino_history.jpg\" width=\"450\" height=\"296\" style=\"aspect-ratio:450\/296;\"  \/><\/picture><picture class=\"mobile-img\"><source srcset=\"data:image\/gif;base64,R0lGODlhAQABAIAAAAAAAP\/\/\/yH5BAEAAAAALAAAAAABAAEAAAIBRAA7\" data-srcset=\"data:image\/gif;base64,R0lGODlhAQABAIAAAAAAAP\/\/\/yH5BAEAAAAALAAAAAABAAEAAAIBRAA7\" media=\"(min-width: 413px)\" type=\"image\/gif\"\/><source srcset=\"https:\/\/assets.acinolatam.com\/wp-content\/webp-express\/webp-images\/uploads\/sites\/3\/2025\/10\/acino_history-412x271.jpg.webp, https:\/\/assets.acinolatam.com\/wp-content\/webp-express\/webp-images\/uploads\/sites\/3\/2025\/10\/acino_history.jpg.webp 2x\" media=\"(max-width: 412px)\" type=\"image\/webp\"\/><source srcset=\"https:\/\/assets.acinolatam.com\/wp-content\/uploads\/sites\/3\/2025\/10\/acino_history-412x271.jpg, https:\/\/assets.acinolatam.com\/wp-content\/uploads\/sites\/3\/2025\/10\/acino_history.jpg 2x\" media=\"(max-width: 412px)\" type=\"image\/jpeg\"\/><img loading=\"lazy\" decoding=\"async\" alt=\"\" src=\"https:\/\/assets.acinolatam.com\/wp-content\/uploads\/sites\/3\/2025\/10\/acino_history-412x271.jpg\" width=\"412\" height=\"271\" style=\"aspect-ratio:412\/271;\"  \/><\/picture><p id=\"1-historia\" class=\"text item-title\"><strong>Historia<\/strong><\/p><div class=\"wysiwyg-wrapper item-text\"><div class=\"wysiwyg-wrapper item-text\">\n<p>Una trayectoria consolidada y probada que se <a href=\"https:\/\/acino.swiss\/about\/our-identity\/\">remonta a 1836<\/a>. La empresa fue racionalizando gradualmente su negocio para centrarse en la fabricaci\u00f3n y comercializaci\u00f3n de productos farmac\u00e9uticos.<\/p>\n<\/div>\n<\/div><\/div><\/li><li><div><picture class=\"desktop-img\"><source srcset=\"data:image\/gif;base64,R0lGODlhAQABAIAAAAAAAP\/\/\/yH5BAEAAAAALAAAAAABAAEAAAIBRAA7\" data-srcset=\"data:image\/gif;base64,R0lGODlhAQABAIAAAAAAAP\/\/\/yH5BAEAAAAALAAAAAABAAEAAAIBRAA7\" media=\"(max-width: 412px)\" type=\"image\/gif\"\/><source srcset=\"https:\/\/assets.acinolatam.com\/wp-content\/webp-express\/webp-images\/uploads\/sites\/3\/2025\/10\/doctor.jpg.webp\" media=\"(min-width: 413px)\" type=\"image\/webp\"\/><source srcset=\"https:\/\/assets.acinolatam.com\/wp-content\/uploads\/sites\/3\/2025\/10\/doctor.jpg\" media=\"(min-width: 413px)\" type=\"image\/jpeg\"\/><img loading=\"lazy\" decoding=\"async\" alt=\"\" src=\"https:\/\/assets.acinolatam.com\/wp-content\/uploads\/sites\/3\/2025\/10\/doctor.jpg\" width=\"450\" height=\"296\" style=\"aspect-ratio:450\/296;\"  \/><\/picture><picture class=\"mobile-img\"><source srcset=\"data:image\/gif;base64,R0lGODlhAQABAIAAAAAAAP\/\/\/yH5BAEAAAAALAAAAAABAAEAAAIBRAA7\" data-srcset=\"data:image\/gif;base64,R0lGODlhAQABAIAAAAAAAP\/\/\/yH5BAEAAAAALAAAAAABAAEAAAIBRAA7\" media=\"(min-width: 413px)\" type=\"image\/gif\"\/><source srcset=\"https:\/\/assets.acinolatam.com\/wp-content\/webp-express\/webp-images\/uploads\/sites\/3\/2025\/10\/doctor-412x271.jpg.webp, https:\/\/assets.acinolatam.com\/wp-content\/webp-express\/webp-images\/uploads\/sites\/3\/2025\/10\/doctor.jpg.webp 2x\" media=\"(max-width: 412px)\" type=\"image\/webp\"\/><source srcset=\"https:\/\/assets.acinolatam.com\/wp-content\/uploads\/sites\/3\/2025\/10\/doctor-412x271.jpg, https:\/\/assets.acinolatam.com\/wp-content\/uploads\/sites\/3\/2025\/10\/doctor.jpg 2x\" media=\"(max-width: 412px)\" type=\"image\/jpeg\"\/><img loading=\"lazy\" decoding=\"async\" alt=\"\" src=\"https:\/\/assets.acinolatam.com\/wp-content\/uploads\/sites\/3\/2025\/10\/doctor-412x271.jpg\" width=\"412\" height=\"271\" style=\"aspect-ratio:412\/271;\"  \/><\/picture><p id=\"2-acino-is-here-to-grow\" class=\"text item-title\"><strong>Acino is here to grow<\/strong><\/p><div class=\"wysiwyg-wrapper item-text\"><p>La presencia global de Acino se extiende a m\u00e1s de 90 mercados de alto crecimiento, con un claro enfoque en la expansi\u00f3n continua en <a href=\"https:\/\/acino.swiss\/about\/meta\/\">Medio Oriente<\/a>, <a href=\"https:\/\/acino.swiss\/about\/africa\/\">\u00c1frica<\/a>,\u00a0<a href=\"https:\/\/acino.swiss\/about\/ukraine-and-cis\/\">Ucrania y pa\u00edses de Euroasia<\/a>, y <a href=\"https:\/\/acino.swiss\/about\/latin-america\/\">Am\u00e9rica Latina<\/a>.<\/p>\n<\/div><\/div><\/li><li><div><picture class=\"desktop-img\"><source srcset=\"data:image\/gif;base64,R0lGODlhAQABAIAAAAAAAP\/\/\/yH5BAEAAAAALAAAAAABAAEAAAIBRAA7\" data-srcset=\"data:image\/gif;base64,R0lGODlhAQABAIAAAAAAAP\/\/\/yH5BAEAAAAALAAAAAABAAEAAAIBRAA7\" media=\"(max-width: 412px)\" type=\"image\/gif\"\/><source srcset=\"https:\/\/assets.acinolatam.com\/wp-content\/webp-express\/webp-images\/uploads\/sites\/3\/2025\/10\/The_see.jpg.webp\" media=\"(min-width: 413px)\" type=\"image\/webp\"\/><source srcset=\"https:\/\/assets.acinolatam.com\/wp-content\/uploads\/sites\/3\/2025\/10\/The_see.jpg\" media=\"(min-width: 413px)\" type=\"image\/jpeg\"\/><img loading=\"lazy\" decoding=\"async\" alt=\"\" src=\"https:\/\/assets.acinolatam.com\/wp-content\/uploads\/sites\/3\/2025\/10\/The_see.jpg\" width=\"450\" height=\"296\" style=\"aspect-ratio:450\/296;\"  \/><\/picture><picture class=\"mobile-img\"><source srcset=\"data:image\/gif;base64,R0lGODlhAQABAIAAAAAAAP\/\/\/yH5BAEAAAAALAAAAAABAAEAAAIBRAA7\" data-srcset=\"data:image\/gif;base64,R0lGODlhAQABAIAAAAAAAP\/\/\/yH5BAEAAAAALAAAAAABAAEAAAIBRAA7\" media=\"(min-width: 413px)\" type=\"image\/gif\"\/><source srcset=\"https:\/\/assets.acinolatam.com\/wp-content\/webp-express\/webp-images\/uploads\/sites\/3\/2025\/10\/The_see-412x271.jpg.webp, https:\/\/assets.acinolatam.com\/wp-content\/webp-express\/webp-images\/uploads\/sites\/3\/2025\/10\/The_see.jpg.webp 2x\" media=\"(max-width: 412px)\" type=\"image\/webp\"\/><source srcset=\"https:\/\/assets.acinolatam.com\/wp-content\/uploads\/sites\/3\/2025\/10\/The_see-412x271.jpg, https:\/\/assets.acinolatam.com\/wp-content\/uploads\/sites\/3\/2025\/10\/The_see.jpg 2x\" media=\"(max-width: 412px)\" type=\"image\/jpeg\"\/><img loading=\"lazy\" decoding=\"async\" alt=\"\" src=\"https:\/\/assets.acinolatam.com\/wp-content\/uploads\/sites\/3\/2025\/10\/The_see-412x271.jpg\" width=\"412\" height=\"271\" style=\"aspect-ratio:412\/271;\"  \/><\/picture><p id=\"3-mejorar-la-vida-de-las-personas\" class=\"text item-title\"><strong>Mejorar la vida de las personas<\/strong><\/p><div class=\"wysiwyg-wrapper item-text\"><p>Hacer de la sociedad un lugar m\u00e1s humano es la raz\u00f3n por la que la <a href=\"https:\/\/acino.swiss\/we-care\/sustainability\/\">sustentabilidad<\/a> est\u00e1 integrada en nuestras actividades diarias y es un deber de todos en Acino.<\/p>\n<\/div><\/div><\/li><li><div><picture class=\"desktop-img\"><source srcset=\"data:image\/gif;base64,R0lGODlhAQABAIAAAAAAAP\/\/\/yH5BAEAAAAALAAAAAABAAEAAAIBRAA7\" data-srcset=\"data:image\/gif;base64,R0lGODlhAQABAIAAAAAAAP\/\/\/yH5BAEAAAAALAAAAAABAAEAAAIBRAA7\" media=\"(max-width: 412px)\" type=\"image\/gif\"\/><source srcset=\"https:\/\/assets.acinolatam.com\/wp-content\/webp-express\/webp-images\/uploads\/sites\/3\/2025\/10\/chemist.jpg.webp\" media=\"(min-width: 413px)\" type=\"image\/webp\"\/><source srcset=\"https:\/\/assets.acinolatam.com\/wp-content\/uploads\/sites\/3\/2025\/10\/chemist.jpg\" media=\"(min-width: 413px)\" type=\"image\/jpeg\"\/><img loading=\"lazy\" decoding=\"async\" alt=\"\" src=\"https:\/\/assets.acinolatam.com\/wp-content\/uploads\/sites\/3\/2025\/10\/chemist.jpg\" width=\"450\" height=\"296\" style=\"aspect-ratio:450\/296;\"  \/><\/picture><picture class=\"mobile-img\"><source srcset=\"data:image\/gif;base64,R0lGODlhAQABAIAAAAAAAP\/\/\/yH5BAEAAAAALAAAAAABAAEAAAIBRAA7\" data-srcset=\"data:image\/gif;base64,R0lGODlhAQABAIAAAAAAAP\/\/\/yH5BAEAAAAALAAAAAABAAEAAAIBRAA7\" media=\"(min-width: 413px)\" type=\"image\/gif\"\/><source srcset=\"https:\/\/assets.acinolatam.com\/wp-content\/webp-express\/webp-images\/uploads\/sites\/3\/2025\/10\/chemist-412x271.jpg.webp, https:\/\/assets.acinolatam.com\/wp-content\/webp-express\/webp-images\/uploads\/sites\/3\/2025\/10\/chemist.jpg.webp 2x\" media=\"(max-width: 412px)\" type=\"image\/webp\"\/><source srcset=\"https:\/\/assets.acinolatam.com\/wp-content\/uploads\/sites\/3\/2025\/10\/chemist-412x271.jpg, https:\/\/assets.acinolatam.com\/wp-content\/uploads\/sites\/3\/2025\/10\/chemist.jpg 2x\" media=\"(max-width: 412px)\" type=\"image\/jpeg\"\/><img loading=\"lazy\" decoding=\"async\" alt=\"\" src=\"https:\/\/assets.acinolatam.com\/wp-content\/uploads\/sites\/3\/2025\/10\/chemist-412x271.jpg\" width=\"412\" height=\"271\" style=\"aspect-ratio:412\/271;\"  \/><\/picture><p id=\"4-conoce-a-nuestros-empleados\" class=\"text item-title\"><strong>Conoce a nuestros empleados<\/strong><\/p><div class=\"wysiwyg-wrapper item-text\"><p>\u00bfQuieres saber c\u00f3mo es trabajar en Acino? <a href=\"https:\/\/acino.swiss\/careers\/our-people\/\">Escucha lo que cuentan la familia Urso Russo y sus compa\u00f1eros.<\/a><\/p>\n<\/div><\/div><\/li><li><div><picture class=\"desktop-img\"><source srcset=\"data:image\/gif;base64,R0lGODlhAQABAIAAAAAAAP\/\/\/yH5BAEAAAAALAAAAAABAAEAAAIBRAA7\" data-srcset=\"data:image\/gif;base64,R0lGODlhAQABAIAAAAAAAP\/\/\/yH5BAEAAAAALAAAAAABAAEAAAIBRAA7\" media=\"(max-width: 412px)\" type=\"image\/gif\"\/><source srcset=\"https:\/\/assets.acinolatam.com\/wp-content\/webp-express\/webp-images\/uploads\/sites\/3\/2025\/10\/teams.jpg.webp\" media=\"(min-width: 413px)\" type=\"image\/webp\"\/><source srcset=\"https:\/\/assets.acinolatam.com\/wp-content\/uploads\/sites\/3\/2025\/10\/teams.jpg\" media=\"(min-width: 413px)\" type=\"image\/jpeg\"\/><img loading=\"lazy\" decoding=\"async\" alt=\"\" src=\"https:\/\/assets.acinolatam.com\/wp-content\/uploads\/sites\/3\/2025\/10\/teams.jpg\" width=\"450\" height=\"296\" style=\"aspect-ratio:450\/296;\"  \/><\/picture><picture class=\"mobile-img\"><source srcset=\"data:image\/gif;base64,R0lGODlhAQABAIAAAAAAAP\/\/\/yH5BAEAAAAALAAAAAABAAEAAAIBRAA7\" data-srcset=\"data:image\/gif;base64,R0lGODlhAQABAIAAAAAAAP\/\/\/yH5BAEAAAAALAAAAAABAAEAAAIBRAA7\" media=\"(min-width: 413px)\" type=\"image\/gif\"\/><source srcset=\"https:\/\/assets.acinolatam.com\/wp-content\/webp-express\/webp-images\/uploads\/sites\/3\/2025\/10\/teams-412x271.jpg.webp, https:\/\/assets.acinolatam.com\/wp-content\/webp-express\/webp-images\/uploads\/sites\/3\/2025\/10\/teams.jpg.webp 2x\" media=\"(max-width: 412px)\" type=\"image\/webp\"\/><source srcset=\"https:\/\/assets.acinolatam.com\/wp-content\/uploads\/sites\/3\/2025\/10\/teams-412x271.jpg, https:\/\/assets.acinolatam.com\/wp-content\/uploads\/sites\/3\/2025\/10\/teams.jpg 2x\" media=\"(max-width: 412px)\" type=\"image\/jpeg\"\/><img loading=\"lazy\" decoding=\"async\" alt=\"\" src=\"https:\/\/assets.acinolatam.com\/wp-content\/uploads\/sites\/3\/2025\/10\/teams-412x271.jpg\" width=\"412\" height=\"271\" style=\"aspect-ratio:412\/271;\"  \/><\/picture><p id=\"5-un-excelente-lugar-para-trabajar-para-nuestros-equipos\" class=\"text item-title\"><strong>Un excelente lugar para trabajar para nuestros equipos<\/strong><\/p><div class=\"wysiwyg-wrapper item-text\"><p>Acino ha sido reconocida como una de <a href=\"https:\/\/acino.swiss\/news\/article\/top-employer-2025-acino-south-africa-achieves-certification-for-the-fourth-consecutive-year\/\">las mejores empresas para trabajar en Sud\u00e1frica<\/a><a href=\"https:\/\/acino.swiss\/news\/top-employer-2024-acino-south-africa-receives-certification-for-the-third-time-running\">,<\/a> y como <a href=\"https:\/\/acino.swiss\/news\/article\/acino-iraq-recognised-as-best-place-to-work\/\">el mejor lugar para trabajar en Irak<\/a>. Tenemos el t\u00edtulo de Empresa del A\u00f1o en Estonia, as\u00ed como numerosos premios en Ucrania.<\/p>\n<\/div><\/div><\/li><\/ul><\/div><\/div>\n\n<div id=\"banner-0\" class=\"banner banner-simple wysiwyg use-icon acino-block--first\" data-view=\"banner\"><div><div class=\"background bg-accentFour\"><\/div><div class=\"container\"><h2><img loading=\"lazy\" decoding=\"async\" alt=\"\" src=\"https:\/\/assets.acinolatam.com\/wp-content\/uploads\/sites\/3\/2025\/10\/Please.svg\"  width=\"0\" height=\"0\" \/><span class=\"title small\">Atenci\u00f3n<\/span><\/h2><div class=\"content\"><img loading=\"lazy\" decoding=\"async\" alt=\"\" src=\"https:\/\/assets.acinolatam.com\/wp-content\/uploads\/sites\/3\/2025\/10\/Please.svg\"  width=\"0\" height=\"0\" \/><div class=\"wysiwyg-wrapper\"><p>Tenga en cuenta que, en ocasiones, terceros utilizan indebidamente el nombre de nuestra empresa y los nombres de los miembros del comit\u00e9 de gesti\u00f3n con fines fraudulentos, especialmente en el contexto de ofertas de empleo falsas.<\/p>\n<p>Nunca solicitaremos pagos por adelantado en relaci\u00f3n con solicitudes de empleo. Si tiene alguna duda sobre la autenticidad de una oferta de empleo, p\u00f3ngase en contacto con nosotros.<\/p>\n<\/div><\/div><\/div><\/div><\/div>","protected":false},"excerpt":{"rendered":"","protected":false},"author":46,"featured_media":0,"parent":0,"menu_order":0,"comment_status":"closed","ping_status":"closed","template":"","meta":{"_acf_changed":false,"footnotes":""},"class_list":["post-1371","page","type-page","status-publish","hentry"],"acf":[],"_links":{"self":[{"href":"https:\/\/acinolatam.com\/es\/wp-json\/wp\/v2\/pages\/1371","targetHints":{"allow":["GET"]}}],"collection":[{"href":"https:\/\/acinolatam.com\/es\/wp-json\/wp\/v2\/pages"}],"about":[{"href":"https:\/\/acinolatam.com\/es\/wp-json\/wp\/v2\/types\/page"}],"author":[{"embeddable":true,"href":"https:\/\/acinolatam.com\/es\/wp-json\/wp\/v2\/users\/46"}],"replies":[{"embeddable":true,"href":"https:\/\/acinolatam.com\/es\/wp-json\/wp\/v2\/comments?post=1371"}],"version-history":[{"count":8,"href":"https:\/\/acinolatam.com\/es\/wp-json\/wp\/v2\/pages\/1371\/revisions"}],"predecessor-version":[{"id":1835,"href":"https:\/\/acinolatam.com\/es\/wp-json\/wp\/v2\/pages\/1371\/revisions\/1835"}],"wp:attachment":[{"href":"https:\/\/acinolatam.com\/es\/wp-json\/wp\/v2\/media?parent=1371"}],"curies":[{"name":"wp","href":"https:\/\/api.w.org\/{rel}","templated":true}]}}