{"id":1506,"date":"2025-10-09T15:34:56","date_gmt":"2025-10-09T15:34:56","guid":{"rendered":"https:\/\/acinolatam.com\/?page_id=1506"},"modified":"2026-04-28T19:53:46","modified_gmt":"2026-04-28T19:53:46","slug":"farmacovigilancia","status":"publish","type":"page","link":"https:\/\/acinolatam.com\/es\/farmacovigilancia\/","title":{"rendered":"Farmacovigilancia"},"content":{"rendered":"<div id=\"banner-0\" class=\"banner banner-simple wysiwyg use-icon acino-block--first\" data-view=\"banner\"><div><div class=\"background bg-accentThree\"><\/div><div class=\"container\"><h2><img loading=\"lazy\" decoding=\"async\" alt=\"\" src=\"https:\/\/assets.acinolatam.com\/wp-content\/uploads\/sites\/3\/2025\/09\/Pharmacovigilance.svg\"  width=\"0\" height=\"0\" \/><span class=\"title small\">Farmacovigilancia<\/span><\/h2><div class=\"content\"><img loading=\"lazy\" decoding=\"async\" alt=\"\" src=\"https:\/\/assets.acinolatam.com\/wp-content\/uploads\/sites\/3\/2025\/09\/Pharmacovigilance.svg\"  width=\"0\" height=\"0\" \/><div class=\"wysiwyg-wrapper\"><p>En Acino nos tomamos muy en serio la seguridad de nuestros pacientes. Sabemos que pueden producirse efectos secundarios, pero no siempre es posible predecir qui\u00e9n los sufrir\u00e1. Supervisamos continuamente la seguridad de nuestros productos. Si experimenta alg\u00fan efecto secundario tras utilizar un producto Acino, le rogamos que nos lo comunique.<\/p>\n<\/div><\/div><\/div><\/div><\/div>\n\n<div id=\"text-block-0\" class=\"text-block wysiwyg acino-block--first\" data-view=\"text-block\"><div class=\"container wysiwyg-wrapper\"><p>En Acino nos tomamos muy en serio la seguridad de nuestros pacientes. Sabemos que pueden producirse efectos secundarios, pero no siempre es posible predecir qui\u00e9n los sufrir\u00e1. Supervisamos continuamente la seguridad de nuestros productos.<\/p>\n<p>Si experimenta alg\u00fan efecto secundario despu\u00e9s de utilizar un <strong>producto Acino,<\/strong> le rogamos que nos lo comunique enviando un correo electr\u00f3nico a <a href=\"mailto:pv@arceralifesciences.com\"><span data-teams=\"true\">pv@arceralifesciences.com<\/span><\/a>. Tambi\u00e9n puede enviar un correo electr\u00f3nico a:<\/p>\n<\/div><\/div>\n\n<div id=\"multi-column-layout-0\" class=\"multi-column-layout wysiwyg asset-type-image acino-block--first\" data-view=\"multi-column-layout\"><div class=\"container\"><ul><li><div><p id=\"0-brasil\" class=\"text item-title\"><strong>Brasil<\/strong><\/p><div class=\"wysiwyg-wrapper item-text\"><p><a href=\"mailto:br.pharmacovigilance@arceralifesciences.com\">br.pharmacovigilance@arceralifesciences.com<\/a> <span data-olk-copy-source=\"MessageBody\">SAC (0800 601 9392)<\/span><\/p>\n<p><a href=\"https:\/\/m8p.cloud\/HR\/3.%20farma-br.pdf\">Haga clic aqu\u00ed para obtener m\u00e1s informaci\u00f3n sobre la farmacovigilancia y la notificaci\u00f3n de reacciones adversas<\/a><\/p>\n<\/div><\/div><\/li><li><div><\/div><\/li><li><div><\/div><\/li><li><div><p id=\"3-centroam%c3%a9rica-caribe-y-regi%c3%b3n-andina\" class=\"text item-title\"><strong>Centroam\u00e9rica, Caribe y Regi\u00f3n Andina<\/strong><\/p><div class=\"wysiwyg-wrapper item-text\"><p><a href=\"mailto:notifica@punto-seguro.com\"><span data-teams=\"true\">notifica@punto-seguro.com<\/span><\/a><\/p>\n<\/div><\/div><\/li><li><div><\/div><\/li><li><div><\/div><\/li><li><div><p id=\"6-m%c3%a9xico\" class=\"text item-title\"><strong>M\u00e9xico<\/strong><\/p><div class=\"wysiwyg-wrapper item-text\"><p><a href=\"mailto:mx.farmacovigilancia@arceralifesciences.com\">mx.farmacovigilancia@arceralifesciences.com<\/a><\/p>\n<\/div><\/div><\/li><\/ul><\/div><\/div>","protected":false},"excerpt":{"rendered":"","protected":false},"author":46,"featured_media":0,"parent":0,"menu_order":0,"comment_status":"closed","ping_status":"closed","template":"","meta":{"_acf_changed":false,"footnotes":""},"class_list":["post-1506","page","type-page","status-publish","hentry"],"acf":[],"_links":{"self":[{"href":"https:\/\/acinolatam.com\/es\/wp-json\/wp\/v2\/pages\/1506","targetHints":{"allow":["GET"]}}],"collection":[{"href":"https:\/\/acinolatam.com\/es\/wp-json\/wp\/v2\/pages"}],"about":[{"href":"https:\/\/acinolatam.com\/es\/wp-json\/wp\/v2\/types\/page"}],"author":[{"embeddable":true,"href":"https:\/\/acinolatam.com\/es\/wp-json\/wp\/v2\/users\/46"}],"replies":[{"embeddable":true,"href":"https:\/\/acinolatam.com\/es\/wp-json\/wp\/v2\/comments?post=1506"}],"version-history":[{"count":9,"href":"https:\/\/acinolatam.com\/es\/wp-json\/wp\/v2\/pages\/1506\/revisions"}],"predecessor-version":[{"id":2023,"href":"https:\/\/acinolatam.com\/es\/wp-json\/wp\/v2\/pages\/1506\/revisions\/2023"}],"wp:attachment":[{"href":"https:\/\/acinolatam.com\/es\/wp-json\/wp\/v2\/media?parent=1506"}],"curies":[{"name":"wp","href":"https:\/\/api.w.org\/{rel}","templated":true}]}}