{"id":1531,"date":"2025-10-11T01:40:09","date_gmt":"2025-10-11T01:40:09","guid":{"rendered":"https:\/\/acinolatam.com\/?page_id=1531"},"modified":"2025-10-20T23:05:38","modified_gmt":"2025-10-20T23:05:38","slug":"farmacovigilancia-2","status":"publish","type":"page","link":"https:\/\/acinolatam.com\/es\/farmacovigilancia-2\/","title":{"rendered":"Farmacovigilancia 2"},"content":{"rendered":"<div id=\"banner-0\" class=\"banner banner-simple wysiwyg use-icon no-top-padding no-bottom-padding acino-block--first\" data-view=\"banner\"><div><div class=\"background bg-accentThree\"><\/div><div class=\"container\"><h2><img loading=\"lazy\" decoding=\"async\" alt=\"\" src=\"https:\/\/assets.acinolatam.com\/wp-content\/uploads\/sites\/3\/2025\/09\/Pharmacovigilance.svg\"  width=\"0\" height=\"0\" \/><span class=\"title small\">Farmacovigilancia<\/span><\/h2><div class=\"content\"><img loading=\"lazy\" decoding=\"async\" alt=\"\" src=\"https:\/\/assets.acinolatam.com\/wp-content\/uploads\/sites\/3\/2025\/09\/Pharmacovigilance.svg\"  width=\"0\" height=\"0\" \/><div class=\"wysiwyg-wrapper\"><p>En Acino nos tomamos muy en serio la seguridad de nuestros pacientes. Sabemos que pueden producirse efectos secundarios, pero no siempre es posible predecir qui\u00e9n los sufrir\u00e1. Supervisamos continuamente la seguridad de nuestros productos. Si experimenta alg\u00fan efecto secundario tras utilizar un producto Acino, le rogamos que nos lo comunique.<\/p>\n<div class=\"buttons-container\"><a href=\"https:\/\/acinolatam.com\/es\/farmacovigilancia\/\" class=\"button white-border\">Env\u00edenos un correo electr\u00f3nico<\/a><\/div><\/div><\/div><\/div><\/div><\/div>\n\n<div id=\"hero-0\" class=\"hero banner stories-disabled no-top-padding no-bottom-padding acino-grid--first\" data-view=\"hero\"><div><span class=\"overlay\" style=\"background: rgba(44, 44, 44, 0.4);\"><\/span><picture class=\"desktop-img\"><source srcset=\"data:image\/gif;base64,R0lGODlhAQABAIAAAAAAAP\/\/\/yH5BAEAAAAALAAAAAABAAEAAAIBRAA7\" data-srcset=\"data:image\/gif;base64,R0lGODlhAQABAIAAAAAAAP\/\/\/yH5BAEAAAAALAAAAAABAAEAAAIBRAA7\" media=\"(max-width: 412px)\" type=\"image\/gif\"\/><source srcset=\"https:\/\/assets.acinolatam.com\/wp-content\/webp-express\/webp-images\/uploads\/sites\/3\/2025\/10\/Brand_Potential_Acino-15_web-1536x1024.jpg.webp\" media=\"(min-width: 413px)\" type=\"image\/webp\"\/><source srcset=\"https:\/\/assets.acinolatam.com\/wp-content\/uploads\/sites\/3\/2025\/10\/Brand_Potential_Acino-15_web-1536x1024.jpg\" media=\"(min-width: 413px)\" type=\"image\/jpeg\"\/><img loading=\"lazy\" decoding=\"async\" alt=\"\" src=\"https:\/\/assets.acinolatam.com\/wp-content\/uploads\/sites\/3\/2025\/10\/Brand_Potential_Acino-15_web-1536x1024.jpg\" width=\"1536\" height=\"1024\" style=\"aspect-ratio:1536\/1024;\"  \/><\/picture><picture class=\"mobile-img\"><source srcset=\"data:image\/gif;base64,R0lGODlhAQABAIAAAAAAAP\/\/\/yH5BAEAAAAALAAAAAABAAEAAAIBRAA7\" data-srcset=\"data:image\/gif;base64,R0lGODlhAQABAIAAAAAAAP\/\/\/yH5BAEAAAAALAAAAAABAAEAAAIBRAA7\" media=\"(min-width: 413px)\" type=\"image\/gif\"\/><source srcset=\"https:\/\/assets.acinolatam.com\/wp-content\/webp-express\/webp-images\/uploads\/sites\/3\/2025\/10\/Brand_Potential_Acino-15_web-412x275.jpg.webp, https:\/\/assets.acinolatam.com\/wp-content\/webp-express\/webp-images\/uploads\/sites\/3\/2025\/10\/Brand_Potential_Acino-15_web.jpg.webp 2x\" media=\"(max-width: 412px)\" type=\"image\/webp\"\/><source srcset=\"https:\/\/assets.acinolatam.com\/wp-content\/uploads\/sites\/3\/2025\/10\/Brand_Potential_Acino-15_web-412x275.jpg, https:\/\/assets.acinolatam.com\/wp-content\/uploads\/sites\/3\/2025\/10\/Brand_Potential_Acino-15_web.jpg 2x\" media=\"(max-width: 412px)\" type=\"image\/jpeg\"\/><img loading=\"lazy\" decoding=\"async\" alt=\"\" src=\"https:\/\/assets.acinolatam.com\/wp-content\/uploads\/sites\/3\/2025\/10\/Brand_Potential_Acino-15_web-412x275.jpg\" width=\"412\" height=\"275\" style=\"aspect-ratio:412\/275;\"  \/><\/picture><div class=\"hero-title mobile\"><\/div><\/div><div class=\"hero-content container\"><div class=\"hero-title desktop\"><\/div><\/div><\/div>","protected":false},"excerpt":{"rendered":"","protected":false},"author":46,"featured_media":0,"parent":0,"menu_order":0,"comment_status":"closed","ping_status":"closed","template":"","meta":{"_acf_changed":false,"footnotes":""},"class_list":["post-1531","page","type-page","status-publish","hentry"],"acf":[],"_links":{"self":[{"href":"https:\/\/acinolatam.com\/es\/wp-json\/wp\/v2\/pages\/1531","targetHints":{"allow":["GET"]}}],"collection":[{"href":"https:\/\/acinolatam.com\/es\/wp-json\/wp\/v2\/pages"}],"about":[{"href":"https:\/\/acinolatam.com\/es\/wp-json\/wp\/v2\/types\/page"}],"author":[{"embeddable":true,"href":"https:\/\/acinolatam.com\/es\/wp-json\/wp\/v2\/users\/46"}],"replies":[{"embeddable":true,"href":"https:\/\/acinolatam.com\/es\/wp-json\/wp\/v2\/comments?post=1531"}],"version-history":[{"count":6,"href":"https:\/\/acinolatam.com\/es\/wp-json\/wp\/v2\/pages\/1531\/revisions"}],"predecessor-version":[{"id":1655,"href":"https:\/\/acinolatam.com\/es\/wp-json\/wp\/v2\/pages\/1531\/revisions\/1655"}],"wp:attachment":[{"href":"https:\/\/acinolatam.com\/es\/wp-json\/wp\/v2\/media?parent=1531"}],"curies":[{"name":"wp","href":"https:\/\/api.w.org\/{rel}","templated":true}]}}