{"id":154,"date":"2025-06-18T14:21:35","date_gmt":"2025-06-18T14:21:35","guid":{"rendered":"https:\/\/acinolatam.com\/jobs\/"},"modified":"2025-11-11T18:39:05","modified_gmt":"2025-11-11T18:39:05","slug":"jobs","status":"publish","type":"page","link":"https:\/\/acinolatam.com\/es\/jobs\/","title":{"rendered":"Carrera"},"content":{"rendered":"<div id=\"text-block-0\" class=\"text-block wysiwyg acino-block--first\" data-view=\"text-block\"><div class=\"container wysiwyg-wrapper\"><h1>Acelerando nuestro futuro<\/h1>\n<p>En Acino, superamos los l\u00edmites para ofrecer productos farmac\u00e9uticos de alta calidad que mejoran la vida de los pacientes.<\/p>\n<p>Impulsados por nuestro objetivo com\u00fan de proporcionar acceso a los medicamentos a quienes los necesitan, nuestra fortaleza reside en nuestra experiencia \u00fanica y nuestra presencia en mercados emergentes y de alto crecimiento.<\/p>\n<p>Estamos orgullosos de desafiar el statu quo de la industria farmac\u00e9utica, mirando siempre hacia el futuro con una mente abierta. Nos comprometemos a promover la atenci\u00f3n sanitaria en todas las comunidades, cuidando de los pacientes, las personas y el medio ambiente.<\/p>\n<p>Creemos que para tener \u00e9xito como empresa, debemos tener \u00e9xito como personas. Por eso esperamos que todos los miembros del equipo contribuyan a nuestra cultura ganadora, adopten el trabajo en equipo y el esp\u00edritu emprendedor. Empoderamos a nuestra gente para que d\u00e9 forma a su carrera profesional y haga realidad sus aspiraciones.<\/p>\n<p>\u00bfTienes ganas de pasar a la acci\u00f3n? En Acino, animamos a nuestra gente a hacer que las cosas sucedan y a tener un impacto. Con acceso directo a los l\u00edderes, si puedes encontrar una soluci\u00f3n, podemos llevarla a cabo.<\/p>\n<p>Bienvenido a Acino, un entorno din\u00e1mico y en r\u00e1pido crecimiento donde tus contribuciones pueden marcar una diferencia real.<\/p>\n<\/div><\/div>\n\n<div id=\"jobs-archive-0\" class=\"jobs-archive no-top-padding no-bottom-padding acino-grid--first\" data-view=\"jobs-archive\"><div class=\"container\"><form class=\"job-filters\" selectA11y data-search=\"Buscar en la lista\" data-no-results=\"No hay resultados\"><input type=\"search\" id=\"jobSearch\" name=\"jobSearch\" value=\"\" placeholder=\"Search by job title\" \/><div class=\"filter-location\"><strong hidden>Ubicaciones<\/strong><div class=\"form-group locations-filter\"><label for=\"formCountries\">Select a location<\/label><select class=\"form-control\" id=\"formCountries\" name=\"formCountries\" multiple data-select-a11y autocomplete=\"off\"><option value=\"257\" data-id=\"257\">Belarus<\/option><option value=\"238\" data-id=\"238\">Egypt<\/option><option value=\"86\" data-id=\"86\">Estonia<\/option><option value=\"87\" data-id=\"87\">Germany<\/option><option value=\"224\" data-id=\"224\">Hybride<\/option><option value=\"89\" data-id=\"89\">Latin America<\/option><option value=\"90\" data-id=\"90\">Middle East, T\u00fcrkiye, and North Africa<\/option><option value=\"85\" data-id=\"85\">Sub-Saharan Africa<\/option><option value=\"91\" data-id=\"91\">Switzerland (Baselland)<\/option><option value=\"88\" data-id=\"88\">Switzerland (Z\u00fcrich)<\/option><option value=\"258\" data-id=\"258\">T\u00fcrkiye (Birgi Mefar)<\/option><option value=\"92\" data-id=\"92\">Ukraine and Eurasian countries<\/option><\/select><\/div><\/div><\/form><div role=\"table\" class=\"jobs-table\" aria-label=\"Carreras en Acino\"><div role=\"rowgroup\"><div class=\"table-row\" role=\"row\"><div role=\"columnheader\" aria-sort=\"none\">Cargo \/ Posici\u00f3n<\/div><div role=\"columnheader\" aria-sort=\"none\">Employment Type<\/div><div role=\"columnheader\" aria-sort=\"none\">Ubicaci\u00f3n<\/div><\/div><\/div><div role=\"rowgroup\" class=\"job-row stripe-even\" data-locations=\"91\"><div class=\"table-row\" role=\"row\"><div role=\"cell\" class=\"job-title\"><a href=\"https:\/\/acinolatam.com\/es\/jobs\/role\/head-quality-control-qc-100-m-w-d\">Head Quality Control (QC) 100% (m\/w\/d)<\/a><\/div><div role=\"cell\"><span class=\"mobile-label\">Employment Type<\/span>Full-time<\/div><div role=\"cell\"><span class=\"mobile-label\">Ubicaci\u00f3n<\/span><ul><li class=\"location\">Liesberg, Switzerland<\/li><\/ul><\/div><\/div><\/div><div role=\"rowgroup\" class=\"job-row stripe-odd\" data-locations=\"91\"><div class=\"table-row\" role=\"row\"><div role=\"cell\" class=\"job-title\"><a href=\"https:\/\/acinolatam.com\/es\/jobs\/role\/process-expert-100-mwd\">Process Expert 100% (m,w,d)<\/a><\/div><div role=\"cell\"><span class=\"mobile-label\">Employment Type<\/span>Full-time<\/div><div role=\"cell\"><span class=\"mobile-label\">Ubicaci\u00f3n<\/span><ul><li class=\"location\">Liesberg, Switzerland<\/li><\/ul><\/div><\/div><\/div><div role=\"rowgroup\" class=\"job-row stripe-even\" data-locations=\"91\"><div class=\"table-row\" role=\"row\"><div role=\"cell\" class=\"job-title\"><a href=\"https:\/\/acinolatam.com\/es\/jobs\/role\/plant-and-project-engineer-100-m-w-d\">Plant and Project Engineer 100% (m\/w\/d)<\/a><\/div><div role=\"cell\"><span class=\"mobile-label\">Employment Type<\/span>Full-time<\/div><div role=\"cell\"><span class=\"mobile-label\">Ubicaci\u00f3n<\/span><ul><li class=\"location\">Liesberg, Switzerland<\/li><\/ul><\/div><\/div><\/div><div role=\"rowgroup\" class=\"job-row stripe-odd\" data-locations=\"238\"><div class=\"table-row\" role=\"row\"><div role=\"cell\" class=\"job-title\"><a href=\"https:\/\/acinolatam.com\/es\/jobs\/role\/qa-compliance-manager\">QA Compliance Manager<\/a><\/div><div role=\"cell\"><span class=\"mobile-label\">Employment Type<\/span>Full-time<\/div><div role=\"cell\"><span class=\"mobile-label\">Ubicaci\u00f3n<\/span><ul><li class=\"location\">Cairo, Egypt<\/li><\/ul><\/div><\/div><\/div><div role=\"rowgroup\" class=\"job-row stripe-even\" data-locations=\"90\"><div class=\"table-row\" role=\"row\"><div role=\"cell\" class=\"job-title\"><a href=\"https:\/\/acinolatam.com\/es\/jobs\/role\/operations-compliance-gmp-expert\">Operations Compliance &amp; GMP Expert<\/a><\/div><div role=\"cell\"><span class=\"mobile-label\">Employment Type<\/span>Full-time<\/div><div role=\"cell\"><span class=\"mobile-label\">Ubicaci\u00f3n<\/span><ul><li class=\"location\">Dubai, United Arab Emirates<\/li><\/ul><\/div><\/div><\/div><div role=\"rowgroup\" class=\"job-row stripe-odd\" data-locations=\"90\"><div class=\"table-row\" role=\"row\"><div role=\"cell\" class=\"job-title\"><a href=\"https:\/\/acinolatam.com\/es\/jobs\/role\/product-specialist\">Product Specialist<\/a><\/div><div role=\"cell\"><span class=\"mobile-label\">Employment Type<\/span>Full-time<\/div><div role=\"cell\"><span class=\"mobile-label\">Ubicaci\u00f3n<\/span><ul><li class=\"location\">Abu Dhabi, UAE<\/li><\/ul><\/div><\/div><\/div><div role=\"rowgroup\" class=\"job-row stripe-even\" data-locations=\"238,90\"><div class=\"table-row\" role=\"row\"><div role=\"cell\" class=\"job-title\"><a href=\"https:\/\/acinolatam.com\/es\/jobs\/role\/regulatory-affairs-associate-gulf\">Regulatory Affairs Associate, Gulf<\/a><\/div><div role=\"cell\"><span class=\"mobile-label\">Employment Type<\/span>Full-time<\/div><div role=\"cell\"><span class=\"mobile-label\">Ubicaci\u00f3n<\/span><ul><li class=\"location\">Cairo, Egypt<\/li><\/ul><\/div><\/div><\/div><div role=\"rowgroup\" class=\"job-row stripe-odd\" data-locations=\"90\"><div class=\"table-row\" role=\"row\"><div role=\"cell\" class=\"job-title\"><a href=\"https:\/\/acinolatam.com\/es\/jobs\/role\/4376\">Production Operator<\/a><\/div><div role=\"cell\"><span class=\"mobile-label\">Employment Type<\/span>Full-time<\/div><div role=\"cell\"><span class=\"mobile-label\">Ubicaci\u00f3n<\/span><ul><li class=\"location\">Dubai, United Arab Emirates<\/li><\/ul><\/div><\/div><\/div><div role=\"rowgroup\" class=\"job-row stripe-even\" data-locations=\"91\"><div class=\"table-row\" role=\"row\"><div role=\"cell\" class=\"job-title\"><a href=\"https:\/\/acinolatam.com\/es\/jobs\/role\/elektriker-100-m-w-d\">Elektriker 100 % (m\/w\/d)<\/a><\/div><div role=\"cell\"><span class=\"mobile-label\">Employment Type<\/span>Full-time<\/div><div role=\"cell\"><span class=\"mobile-label\">Ubicaci\u00f3n<\/span><ul><li class=\"location\">Liesberg, Switzerland<\/li><\/ul><\/div><\/div><\/div><div role=\"rowgroup\" class=\"job-row stripe-odd\" data-locations=\"90\"><div class=\"table-row\" role=\"row\"><div role=\"cell\" class=\"job-title\"><a href=\"https:\/\/acinolatam.com\/es\/jobs\/role\/engineering-technician\">Engineering Technician<\/a><\/div><div role=\"cell\"><span class=\"mobile-label\">Employment Type<\/span>Full-time<\/div><div role=\"cell\"><span class=\"mobile-label\">Ubicaci\u00f3n<\/span><ul><li class=\"location\">Dubai, United Arab Emirates<\/li><\/ul><\/div><\/div><\/div><div role=\"rowgroup\" class=\"job-row stripe-even\" data-locations=\"90\"><div class=\"table-row\" role=\"row\"><div role=\"cell\" class=\"job-title\"><a href=\"https:\/\/acinolatam.com\/es\/jobs\/role\/quality-assurance-specialist\">Quality Assurance Specialist<\/a><\/div><div role=\"cell\"><span class=\"mobile-label\">Employment Type<\/span>Full-time<\/div><div role=\"cell\"><span class=\"mobile-label\">Ubicaci\u00f3n<\/span><ul><li class=\"location\">Dubai, United Arab Emirates<\/li><\/ul><\/div><\/div><\/div><div role=\"rowgroup\" class=\"job-row stripe-odd\" data-locations=\"89\"><div class=\"table-row\" role=\"row\"><div role=\"cell\" class=\"job-title\"><a href=\"https:\/\/acinolatam.com\/es\/jobs\/role\/analista-comercial-bi-mexico-candean\">Analista Comercial &amp; BI M\u00e9xico \/ CANDEAN<\/a><\/div><div role=\"cell\"><span class=\"mobile-label\">Employment Type<\/span>Full-time<\/div><div role=\"cell\"><span class=\"mobile-label\">Ubicaci\u00f3n<\/span><ul><li class=\"location\">Panama City, Panama<\/li><\/ul><\/div><\/div><\/div><div role=\"rowgroup\" class=\"job-row stripe-even\" data-locations=\"90\"><div class=\"table-row\" role=\"row\"><div role=\"cell\" class=\"job-title\"><a href=\"https:\/\/acinolatam.com\/es\/jobs\/role\/regional-franchise-head-meta-2\">Regional Franchise Head, META<\/a><\/div><div role=\"cell\"><span class=\"mobile-label\">Employment Type<\/span>Full-time<\/div><div role=\"cell\"><span class=\"mobile-label\">Ubicaci\u00f3n<\/span><ul><li class=\"location\">Saudi Arabia<\/li><\/ul><\/div><\/div><\/div><div role=\"rowgroup\" class=\"job-row stripe-odd\" data-locations=\"90\"><div class=\"table-row\" role=\"row\"><div role=\"cell\" class=\"job-title\"><a href=\"https:\/\/acinolatam.com\/es\/jobs\/role\/operations-expert\">Operations Expert<\/a><\/div><div role=\"cell\"><span class=\"mobile-label\">Employment Type<\/span>Full-time<\/div><div role=\"cell\"><span class=\"mobile-label\">Ubicaci\u00f3n<\/span><ul><li class=\"location\">Dubai, United Arab Emirates<\/li><\/ul><\/div><\/div><\/div><\/div><div class=\"no-jobs-found no-filtered-jobs\" hidden><h2 class=\"title small\">No jobs were found<\/h2><p class=\"text\">Please modify your search criteria and try again..<\/p><\/div><\/div><\/div>\n\n<div id=\"banner-0\" class=\"banner banner-simple wysiwyg use-icon no-top-padding no-bottom-padding acino-block--first\" data-view=\"banner\"><div><div class=\"background bg-accentFour\"><\/div><div class=\"container\"><h2><img loading=\"lazy\" decoding=\"async\" alt=\"\" src=\"https:\/\/assets.acinolatam.com\/wp-content\/uploads\/sites\/3\/2025\/09\/Questions.svg\"  width=\"0\" height=\"0\" \/><span class=\"title small\">No encontraste aqu\u00ed una vacante<\/span><\/h2><div class=\"content\"><img loading=\"lazy\" decoding=\"async\" alt=\"\" src=\"https:\/\/assets.acinolatam.com\/wp-content\/uploads\/sites\/3\/2025\/09\/Questions.svg\"  width=\"0\" height=\"0\" \/><div class=\"wysiwyg-wrapper\"><p><span data-olk-copy-source=\"MessageBody\">Si no encontraste aqu\u00ed una vacante, no te preocupes, puedes hacernos llegar tu hoja de vida presionando el siguiente bot\u00f3n o al correo electr\u00f3nico RecursosHumanosLatam@arceralifesciences.com, y de esta forma quedar\u00e1s en nuestros registros para futuras oportunidades que se ajusten a tu perfil.<\/span><\/p>\n<div class=\"buttons-container\"><a href=\"mailto:RecursosHumanosLATAM@arceralifesciences.com\" class=\"button white-border\">Recursos Humanos LATAM<\/a><\/div><\/div><\/div><\/div><\/div><\/div>\n\n<div id=\"hero-0\" class=\"hero banner stories-disabled no-top-padding no-bottom-padding acino-grid--first\" data-view=\"hero\"><div><span class=\"overlay\" style=\"background: rgba(44, 44, 44, 0.4);\"><\/span><picture class=\"desktop-img\"><source srcset=\"data:image\/gif;base64,R0lGODlhAQABAIAAAAAAAP\/\/\/yH5BAEAAAAALAAAAAABAAEAAAIBRAA7\" data-srcset=\"data:image\/gif;base64,R0lGODlhAQABAIAAAAAAAP\/\/\/yH5BAEAAAAALAAAAAABAAEAAAIBRAA7\" media=\"(max-width: 412px)\" type=\"image\/gif\"\/><source srcset=\"https:\/\/assets.acinolatam.com\/wp-content\/webp-express\/webp-images\/uploads\/sites\/3\/2025\/10\/iStock-2169854796-1536x927.jpg.webp\" media=\"(min-width: 413px)\" type=\"image\/webp\"\/><source srcset=\"https:\/\/assets.acinolatam.com\/wp-content\/uploads\/sites\/3\/2025\/10\/iStock-2169854796-1536x927.jpg\" media=\"(min-width: 413px)\" type=\"image\/jpeg\"\/><img loading=\"lazy\" decoding=\"async\" alt=\"\" src=\"https:\/\/assets.acinolatam.com\/wp-content\/uploads\/sites\/3\/2025\/10\/iStock-2169854796-1536x927.jpg\" width=\"1536\" height=\"927\" style=\"aspect-ratio:1536\/927;\"  \/><\/picture><picture class=\"mobile-img\"><source srcset=\"data:image\/gif;base64,R0lGODlhAQABAIAAAAAAAP\/\/\/yH5BAEAAAAALAAAAAABAAEAAAIBRAA7\" data-srcset=\"data:image\/gif;base64,R0lGODlhAQABAIAAAAAAAP\/\/\/yH5BAEAAAAALAAAAAABAAEAAAIBRAA7\" media=\"(min-width: 413px)\" type=\"image\/gif\"\/><source srcset=\"https:\/\/assets.acinolatam.com\/wp-content\/webp-express\/webp-images\/uploads\/sites\/3\/2025\/10\/iStock-2169854796-412x249.jpg.webp, https:\/\/assets.acinolatam.com\/wp-content\/webp-express\/webp-images\/uploads\/sites\/3\/2025\/10\/iStock-2169854796-scaled.jpg.webp 2x\" media=\"(max-width: 412px)\" type=\"image\/webp\"\/><source srcset=\"https:\/\/assets.acinolatam.com\/wp-content\/uploads\/sites\/3\/2025\/10\/iStock-2169854796-412x249.jpg, https:\/\/assets.acinolatam.com\/wp-content\/uploads\/sites\/3\/2025\/10\/iStock-2169854796-scaled.jpg 2x\" media=\"(max-width: 412px)\" type=\"image\/jpeg\"\/><img loading=\"lazy\" decoding=\"async\" alt=\"\" src=\"https:\/\/assets.acinolatam.com\/wp-content\/uploads\/sites\/3\/2025\/10\/iStock-2169854796-412x249.jpg\" width=\"412\" height=\"249\" style=\"aspect-ratio:412\/249;\"  \/><\/picture><div class=\"hero-title mobile\"><p>Programas de pasant\u00edas<\/p>\n<\/div><\/div><div class=\"hero-content container\"><div class=\"hero-title desktop\"><p>Programas de pasant\u00edas<\/p>\n<\/div><\/div><\/div>\n\n<div id=\"banner-0\" class=\"banner banner-simple wysiwyg use-icon no-top-padding no-bottom-padding acino-block--first\" data-view=\"banner\"><div><div class=\"background bg-secondary\"><\/div><div class=\"container\"><h2><img loading=\"lazy\" decoding=\"async\" alt=\"\" src=\"https:\/\/assets.acinolatam.com\/wp-content\/uploads\/sites\/3\/2025\/09\/JoinUs.svg\"  width=\"0\" height=\"0\" \/><span class=\"title small\">Programa de pasant\u00edas<\/span><\/h2><div class=\"content\"><img loading=\"lazy\" decoding=\"async\" alt=\"\" src=\"https:\/\/assets.acinolatam.com\/wp-content\/uploads\/sites\/3\/2025\/09\/JoinUs.svg\"  width=\"0\" height=\"0\" \/><div class=\"wysiwyg-wrapper\"><p>En Acino el talento es muy importante, pero el desarrollo del mismo lo es m\u00e1s a\u00fan. Es por ello que contamos con un programa de pasant\u00edas que ofrece una experiencia excepcional en muchas \u00e1reas en pro a la inserci\u00f3n laboral de estudiantes universitarios y desarrollo de competencias.<\/p>\n<div class=\"buttons-container\"><a href=\"mailto:RecursosHumanosLATAM@arceralifesciences.com\" class=\"button white-border\">Enviar Curriculum<\/a><\/div><\/div><\/div><\/div><\/div><\/div>","protected":false},"excerpt":{"rendered":"","protected":false},"author":1,"featured_media":0,"parent":0,"menu_order":0,"comment_status":"closed","ping_status":"closed","template":"templates\/jobs-archive.php","meta":{"_acf_changed":false,"footnotes":""},"class_list":["post-154","page","type-page","status-publish","hentry"],"acf":[],"_links":{"self":[{"href":"https:\/\/acinolatam.com\/es\/wp-json\/wp\/v2\/pages\/154","targetHints":{"allow":["GET"]}}],"collection":[{"href":"https:\/\/acinolatam.com\/es\/wp-json\/wp\/v2\/pages"}],"about":[{"href":"https:\/\/acinolatam.com\/es\/wp-json\/wp\/v2\/types\/page"}],"author":[{"embeddable":true,"href":"https:\/\/acinolatam.com\/es\/wp-json\/wp\/v2\/users\/1"}],"replies":[{"embeddable":true,"href":"https:\/\/acinolatam.com\/es\/wp-json\/wp\/v2\/comments?post=154"}],"version-history":[{"count":10,"href":"https:\/\/acinolatam.com\/es\/wp-json\/wp\/v2\/pages\/154\/revisions"}],"predecessor-version":[{"id":1930,"href":"https:\/\/acinolatam.com\/es\/wp-json\/wp\/v2\/pages\/154\/revisions\/1930"}],"wp:attachment":[{"href":"https:\/\/acinolatam.com\/es\/wp-json\/wp\/v2\/media?parent=154"}],"curies":[{"name":"wp","href":"https:\/\/api.w.org\/{rel}","templated":true}]}}