{"id":1668,"date":"2025-10-22T17:14:25","date_gmt":"2025-10-22T17:14:25","guid":{"rendered":"https:\/\/acinolatam.com\/?page_id=1668"},"modified":"2025-11-06T17:16:53","modified_gmt":"2025-11-06T17:16:53","slug":"asociese-con-nosotros","status":"publish","type":"page","link":"https:\/\/acinolatam.com\/es\/asociese-con-nosotros\/","title":{"rendered":"As\u00f3ciese con nosotros"},"content":{"rendered":"<div id=\"banner-0\" class=\"banner banner-simple wysiwyg use-icon acino-block--first\" data-view=\"banner\"><div><div class=\"background bg-accentTwo\"><\/div><div class=\"container\"><h2><img loading=\"lazy\" decoding=\"async\" alt=\"\" src=\"https:\/\/assets.acinolatam.com\/wp-content\/uploads\/sites\/3\/2025\/09\/PartnerWithUs.svg\"  width=\"0\" height=\"0\" \/><span class=\"title small\">As\u00f3ciese con nosotros<\/span><\/h2><div class=\"content\"><img loading=\"lazy\" decoding=\"async\" alt=\"\" src=\"https:\/\/assets.acinolatam.com\/wp-content\/uploads\/sites\/3\/2025\/09\/PartnerWithUs.svg\"  width=\"0\" height=\"0\" \/><div class=\"wysiwyg-wrapper\"><p>Creemos en la creaci\u00f3n de alianzas para ampliar nuestra cartera de productos, adquirir tecnolog\u00edas \u00fanicas de administraci\u00f3n de f\u00e1rmacos y obtener expedientes espec\u00edficos que se ajusten a nuestros planes comerciales. Ofrecemos servicios de fabricaci\u00f3n por contrato, comercializamos productos a trav\u00e9s de acuerdos de distribuci\u00f3n y concedemos y obtenemos licencias. Nos esforzamos por establecer relaciones duraderas con proveedores, distribuidores y clientes.<\/p>\n<\/div><\/div><\/div><\/div><\/div>\n\n<div id=\"contact-form-0\" class=\"contact-form acino-block--first\" data-view=\"contact-form\"><div class=\"container\"><p class=\"wpcf7-contact-form-not-found\"><strong>Error:<\/strong> Formulario de contacto no encontrado.<\/p><\/div><\/div>","protected":false},"excerpt":{"rendered":"","protected":false},"author":46,"featured_media":0,"parent":0,"menu_order":0,"comment_status":"closed","ping_status":"closed","template":"","meta":{"_acf_changed":false,"footnotes":""},"class_list":["post-1668","page","type-page","status-publish","hentry"],"acf":[],"_links":{"self":[{"href":"https:\/\/acinolatam.com\/es\/wp-json\/wp\/v2\/pages\/1668","targetHints":{"allow":["GET"]}}],"collection":[{"href":"https:\/\/acinolatam.com\/es\/wp-json\/wp\/v2\/pages"}],"about":[{"href":"https:\/\/acinolatam.com\/es\/wp-json\/wp\/v2\/types\/page"}],"author":[{"embeddable":true,"href":"https:\/\/acinolatam.com\/es\/wp-json\/wp\/v2\/users\/46"}],"replies":[{"embeddable":true,"href":"https:\/\/acinolatam.com\/es\/wp-json\/wp\/v2\/comments?post=1668"}],"version-history":[{"count":2,"href":"https:\/\/acinolatam.com\/es\/wp-json\/wp\/v2\/pages\/1668\/revisions"}],"predecessor-version":[{"id":1788,"href":"https:\/\/acinolatam.com\/es\/wp-json\/wp\/v2\/pages\/1668\/revisions\/1788"}],"wp:attachment":[{"href":"https:\/\/acinolatam.com\/es\/wp-json\/wp\/v2\/media?parent=1668"}],"curies":[{"name":"wp","href":"https:\/\/api.w.org\/{rel}","templated":true}]}}