{"id":367,"date":"2025-07-02T07:11:52","date_gmt":"2025-07-02T07:11:52","guid":{"rendered":"https:\/\/acinolatam.com\/?page_id=367"},"modified":"2025-11-11T15:19:44","modified_gmt":"2025-11-11T15:19:44","slug":"nosotros-comercializamos","status":"publish","type":"page","link":"https:\/\/acinolatam.com\/es\/nosotros-comercializamos\/","title":{"rendered":"Nosotros Comercializamos"},"content":{"rendered":"<div id=\"hero-0\" class=\"hero banner embla stories-enabled acino-grid--first\" data-view=\"hero\"><div><span class=\"overlay\" style=\"background: rgba(44, 44, 44, 0.4);\"><\/span><picture class=\"desktop-img\"><source srcset=\"data:image\/gif;base64,R0lGODlhAQABAIAAAAAAAP\/\/\/yH5BAEAAAAALAAAAAABAAEAAAIBRAA7\" data-srcset=\"data:image\/gif;base64,R0lGODlhAQABAIAAAAAAAP\/\/\/yH5BAEAAAAALAAAAAABAAEAAAIBRAA7\" media=\"(max-width: 412px)\" type=\"image\/gif\"\/><source srcset=\"https:\/\/assets.acinolatam.com\/wp-content\/webp-express\/webp-images\/uploads\/sites\/3\/2025\/10\/iStock-980130778-1536x1024.jpg.webp\" media=\"(min-width: 413px)\" type=\"image\/webp\"\/><source srcset=\"https:\/\/assets.acinolatam.com\/wp-content\/uploads\/sites\/3\/2025\/10\/iStock-980130778-1536x1024.jpg\" media=\"(min-width: 413px)\" type=\"image\/jpeg\"\/><img loading=\"lazy\" decoding=\"async\" alt=\"\" src=\"https:\/\/assets.acinolatam.com\/wp-content\/uploads\/sites\/3\/2025\/10\/iStock-980130778-1536x1024.jpg\" width=\"1536\" height=\"1024\" style=\"aspect-ratio:1536\/1024;\"  \/><\/picture><picture class=\"mobile-img\"><source srcset=\"data:image\/gif;base64,R0lGODlhAQABAIAAAAAAAP\/\/\/yH5BAEAAAAALAAAAAABAAEAAAIBRAA7\" data-srcset=\"data:image\/gif;base64,R0lGODlhAQABAIAAAAAAAP\/\/\/yH5BAEAAAAALAAAAAABAAEAAAIBRAA7\" media=\"(min-width: 413px)\" type=\"image\/gif\"\/><source srcset=\"https:\/\/assets.acinolatam.com\/wp-content\/webp-express\/webp-images\/uploads\/sites\/3\/2025\/10\/iStock-980130778-412x275.jpg.webp, https:\/\/assets.acinolatam.com\/wp-content\/webp-express\/webp-images\/uploads\/sites\/3\/2025\/10\/iStock-980130778.jpg.webp 2x\" media=\"(max-width: 412px)\" type=\"image\/webp\"\/><source srcset=\"https:\/\/assets.acinolatam.com\/wp-content\/uploads\/sites\/3\/2025\/10\/iStock-980130778-412x275.jpg, https:\/\/assets.acinolatam.com\/wp-content\/uploads\/sites\/3\/2025\/10\/iStock-980130778.jpg 2x\" media=\"(max-width: 412px)\" type=\"image\/jpeg\"\/><img loading=\"lazy\" decoding=\"async\" alt=\"\" src=\"https:\/\/assets.acinolatam.com\/wp-content\/uploads\/sites\/3\/2025\/10\/iStock-980130778-412x275.jpg\" width=\"412\" height=\"275\" style=\"aspect-ratio:412\/275;\"  \/><\/picture><div class=\"hero-title mobile\"><p>Sus medicamentos, nuestro acceso global y nuestra experiencia local<\/p>\n<\/div><\/div><div class=\"hero-content container\"><div class=\"hero-title desktop\"><p>Sus medicamentos, nuestro acceso global y nuestra experiencia local<\/p>\n<\/div><div class=\"stories\"><div class=\"background bg-primary\"><\/div><div class=\"embla__viewport\"><div class=\"embla__container\"><div class=\"embla__slide\"><p>Latest Stories<\/p><strong>Acino signs an exclusive agreement with LG Chem for Novel Treatments for Type 2 Diabetes and Osteoarthritis in Latin America<\/strong><div><a href=\"https:\/\/acinolatam.com\/es\/news\/article\/acino-signs-an-exclusive-agreement-with-lg-chem-for-novel-treatments-for-type-2-diabetes-and-osteoarthritis-in-latin-america\" class=\"button white-border\">Leer m\u00e1sM\u00e1s informaci\u00f3n<\/a><\/div><\/div><div class=\"embla__slide\"><p>Latest Stories<\/p><strong>Your partner for innovative medicines in emerging markets<\/strong><div><a href=\"https:\/\/acinolatam.com\/es\/news\/article\/your-partner-for-innovative-medicines-in-emerging-markets\" class=\"button white-border\">Leer m\u00e1sM\u00e1s informaci\u00f3n<\/a><\/div><\/div><div class=\"embla__slide\"><p>Latest Stories<\/p><strong>Acino signs an exclusive license agreement with Supernus in Latin America<\/strong><div><a href=\"https:\/\/acinolatam.com\/es\/news\/article\/acino-signs-an-exclusive-license-agreement-with-supernus-in-latin-america\" class=\"button white-border\">Leer m\u00e1sM\u00e1s informaci\u00f3n<\/a><\/div><\/div><div class=\"embla__slide\"><p>Latest Stories<\/p><strong>Acino signs an exclusive license agreement with SERB Pharmaceuticals in Latin America<\/strong><div><a href=\"https:\/\/acinolatam.com\/es\/news\/article\/acino-signs-an-exclusive-license-agreement-with-serb-pharmaceuticals-in-latin-america\" class=\"button white-border\">Leer m\u00e1sM\u00e1s informaci\u00f3n<\/a><\/div><\/div><div class=\"embla__slide\"><p>Latest Stories<\/p><strong>Acino Completes Acquisition of M8 Pharmaceuticals Significantly Expanding Presence and Capabilities in Latin America<\/strong><div><a href=\"https:\/\/acinolatam.com\/es\/news\/article\/acino-completes-acquisition-of-m8-pharmaceuticals-significantly-expanding-presence-and-capabilities-in-latin-america\" class=\"button white-border\">Leer m\u00e1sM\u00e1s informaci\u00f3n<\/a><\/div><\/div><div class=\"embla__slide\"><p>Latest Stories<\/p><strong>Acino releases company\u2019s first ever Sustainability Report<\/strong><div><a href=\"https:\/\/acinolatam.com\/es\/news\/article\/acino-releases-companys-first-ever-sustainability-report\" class=\"button white-border\">Leer m\u00e1sM\u00e1s informaci\u00f3n<\/a><\/div><\/div><\/div><div class=\"embla__dots\"><\/div><div class=\"embla__arrows\"><button class=\"embla__button embla__prev\"><svg class=\"embla__button__svg\" viewBox=\"0 0 532 532\"><path fill=\"currentColor\" d=\"M355.66 11.354c13.793-13.805 36.208-13.805 50.001 0 13.785 13.804 13.785 36.238 0 50.034L201.22 266l204.442 204.61c13.785 13.805 13.785 36.239 0 50.044-13.793 13.796-36.208 13.796-50.002 0a5994246.277 5994246.277 0 0 0-229.332-229.454 35.065 35.065 0 0 1-10.326-25.126c0-9.2 3.393-18.26 10.326-25.2C172.192 194.973 332.731 34.31 355.66 11.354Z\"><\/path><\/svg><\/button><button class=\"embla__button embla__next\"><svg class=\"embla__button__svg\" viewBox=\"0 0 532 532\"><path fill=\"currentColor\" d=\"M176.34 520.646c-13.793 13.805-36.208 13.805-50.001 0-13.785-13.804-13.785-36.238 0-50.034L330.78 266 126.34 61.391c-13.785-13.805-13.785-36.239 0-50.044 13.793-13.796 36.208-13.796 50.002 0 22.928 22.947 206.395 206.507 229.332 229.454a35.065 35.065 0 0 1 10.326 25.126c0 9.2-3.393 18.26-10.326 25.2-45.865 45.901-206.404 206.564-229.332 229.52Z\"><\/path><\/svg><\/button><\/div><\/div><\/div><\/div><\/div>\n\n<div id=\"text-block-0\" class=\"text-block wysiwyg acino-block--first\" data-view=\"text-block\"><div class=\"container wysiwyg-wrapper\"><p style=\"text-align: center\">Con una fuerte presencia y un profundo conocimiento de los mercados emergentes, aceleramos el acceso a los <a href=\"https:\/\/acino.swiss\/products\/\">productos farmac\u00e9uticos<\/a> y promovemos una asistencia sanitaria asequible, garantizando que los pacientes reciban el tratamiento que necesitan.<\/p>\n<\/div><\/div>\n\n<div id=\"facts-and-figures-0\" class=\"facts-and-figures wysiwyg acino-block--first\" data-view=\"facts-and-figures\"><div class=\"background bg-primary\"><div class=\"container\"><ul><li><p><strong class=\"figure-text text-white\"><span class=\"animated-number\" data-target=\"76\">0<\/span><\/strong><\/p><div class=\"wysiwyg-wrapper subtext\"><p>Autorizaciones de comercializaci\u00f3n de productos<\/p>\n<\/div><\/li><li><p><strong class=\"figure-text text-white\"><span class=\"animated-number\" data-target=\"5\">0<\/span><\/strong><\/p><div class=\"wysiwyg-wrapper subtext\"><p>\u00c1reas terap\u00e9uticas<\/p>\n<\/div><\/li><li><p><strong class=\"figure-text text-white\"><span class=\"animated-number\" data-target=\"11\">0<\/span><\/strong><\/p><div class=\"wysiwyg-wrapper subtext\"><p>Pa\u00edses (comerciales)<\/p>\n<\/div><\/li><\/ul><\/div><\/div><\/div>\n\n<div id=\"banner-regions-0\" class=\"banner-regions banner acino-block--first\" data-view=\"banner-regions\"><div><div class=\"background\"><\/div><div class=\"container\"><div class=\"region-links-container\"><a href=\"https:\/\/acinolatam.com\/\" class=\"button region-links secondary-solid\" data-anchor=\"africa\">Africa<\/a><a href=\"https:\/\/acinolatam.com\/\" class=\"button region-links tertiary-solid\" data-anchor=\"middle-east-trkiye-and-north-africa\">Middle East, T\u00fcrkiye, and North Africa<\/a><a href=\"https:\/\/acinolatam.com\/\" class=\"button region-links primary-solid\" data-anchor=\"latin-america\">Latin America<\/a><a href=\"https:\/\/acinolatam.com\/\" class=\"button region-links accentTwo-solid\" data-anchor=\"ukraine-and-eurasian-countries\">Ukraine and Eurasian countries<\/a><a href=\"https:\/\/acino.ua\/\" class=\"button region-links accentTwo-solid\" data-anchor=\"ukraine-and-eurasian-countries\">Ukraine and Eurasian countries<\/a><a href=\"https:\/\/acinolatam.com\/\" class=\"button region-links accentFour-solid\" data-anchor=\"manufacturing-network\">Manufacturing Network<\/a><\/div><div class=\"region-select\"><svg width=\"10\" height=\"6\" viewBox=\"0 0 10 6\" fill=\"none\" xmlns=\"http:\/\/www.w3.org\/2000\/svg\"><path d=\"M5.00049 6.0006L0.757812 1.758L2.17203 0.34375L5.00049 3.1722L7.82889 0.34375L9.24309 1.758L5.00049 6.0006Z\" fill=\"currentColor\"><\/path><\/svg><select id=\"region-mobile-select\"><option value='{&quot;value&quot;:&quot;all-regions&quot;,&quot;link&quot;:&quot;&quot;}'>Seleccionar una regi\u00f3n<\/option><option value='{&quot;value&quot;:&quot;africa&quot;,&quot;link&quot;:&quot;https:\\\/\\\/acinolatam.com\\\/&quot;}'>Africa<\/option><option value='{&quot;value&quot;:&quot;middle-east-trkiye-and-north-africa&quot;,&quot;link&quot;:&quot;https:\\\/\\\/acinolatam.com\\\/&quot;}'>Middle East, T\u00fcrkiye, and North Africa<\/option><option value='{&quot;value&quot;:&quot;latin-america&quot;,&quot;link&quot;:&quot;https:\\\/\\\/acinolatam.com\\\/&quot;}'>Latin America<\/option><option value='{&quot;value&quot;:&quot;ukraine-and-eurasian-countries&quot;,&quot;link&quot;:&quot;https:\\\/\\\/acinolatam.com\\\/&quot;}'>Ukraine and Eurasian countries<\/option><option value='{&quot;value&quot;:&quot;ukraine-and-eurasian-countries&quot;,&quot;link&quot;:&quot;https:\\\/\\\/acino.ua\\\/&quot;}'>Ukraine and Eurasian countries<\/option><option value='{&quot;value&quot;:&quot;manufacturing-network&quot;,&quot;link&quot;:&quot;https:\\\/\\\/acinolatam.com\\\/&quot;}'>Manufacturing Network<\/option><\/select><\/div><div class=\"map\"><div><svg width=\"885\" height=\"568\" viewBox=\"0 0 885 568\" fill=\"none\" xmlns=\"http:\/\/www.w3.org\/2000\/svg\"><rect width=\"885\" height=\"568\" fill=\"#666B6E\" fill-opacity=\"0.01\"><\/rect><\/svg><img loading=\"lazy\" decoding=\"async\" alt=\"\" src=\"https:\/\/assets.acinolatam.com\/wp-content\/uploads\/2025\/05\/map-all-regions-commercial-may2025.png\" width=\"885\" height=\"568\" style=\"aspect-ratio:885\/568;\" class=\"all-regions-map\" data-id=\"all-regions\" hidden \/><img loading=\"lazy\" decoding=\"async\" alt=\"\" src=\"https:\/\/assets.acinolatam.com\/wp-content\/uploads\/2025\/05\/map-africa-may2025.png\" width=\"885\" height=\"568\" style=\"aspect-ratio:885\/568;\" class=\"region-map\" data-id=\"africa\" hidden \/><img loading=\"lazy\" decoding=\"async\" alt=\"\" src=\"https:\/\/assets.acinolatam.com\/wp-content\/uploads\/2025\/05\/map-meta-may2025.png\" width=\"885\" height=\"568\" style=\"aspect-ratio:885\/568;\" class=\"region-map\" data-id=\"middle-east-trkiye-and-north-africa\" hidden \/><img loading=\"lazy\" decoding=\"async\" alt=\"\" src=\"https:\/\/assets.acinolatam.com\/wp-content\/uploads\/2025\/05\/map-latam-may2025.png\" width=\"885\" height=\"568\" style=\"aspect-ratio:885\/568;\" class=\"region-map\" data-id=\"latin-america\" hidden \/><img loading=\"lazy\" decoding=\"async\" alt=\"\" src=\"https:\/\/assets.acinolatam.com\/wp-content\/uploads\/2025\/05\/map-uba-may2025A.png\" width=\"885\" height=\"568\" style=\"aspect-ratio:885\/568;\" class=\"region-map\" data-id=\"ukraine-and-eurasian-countries\" hidden \/><img loading=\"lazy\" decoding=\"async\" alt=\"\" src=\"https:\/\/assets.acinolatam.com\/wp-content\/uploads\/2025\/05\/map-uba-may2025A.png\" width=\"885\" height=\"568\" style=\"aspect-ratio:885\/568;\" class=\"region-map\" data-id=\"ukraine-and-eurasian-countries\" hidden \/><img loading=\"lazy\" decoding=\"async\" alt=\"\" src=\"https:\/\/assets.acinolatam.com\/wp-content\/uploads\/2025\/03\/map-manufacturing-pachaging.png\" width=\"885\" height=\"568\" style=\"aspect-ratio:885\/568;\" class=\"region-map\" data-id=\"manufacturing-network\" hidden \/><\/div><\/div><div class=\"mobile-link\"><a href=\"#\" class=\"button accentFour-border mobile-selected-link\">M\u00e1s informaci\u00f3n<\/a><\/div><\/div><\/div><\/div>","protected":false},"excerpt":{"rendered":"","protected":false},"author":3,"featured_media":0,"parent":0,"menu_order":0,"comment_status":"closed","ping_status":"closed","template":"","meta":{"_acf_changed":false,"footnotes":""},"class_list":["post-367","page","type-page","status-publish","hentry"],"acf":[],"_links":{"self":[{"href":"https:\/\/acinolatam.com\/es\/wp-json\/wp\/v2\/pages\/367","targetHints":{"allow":["GET"]}}],"collection":[{"href":"https:\/\/acinolatam.com\/es\/wp-json\/wp\/v2\/pages"}],"about":[{"href":"https:\/\/acinolatam.com\/es\/wp-json\/wp\/v2\/types\/page"}],"author":[{"embeddable":true,"href":"https:\/\/acinolatam.com\/es\/wp-json\/wp\/v2\/users\/3"}],"replies":[{"embeddable":true,"href":"https:\/\/acinolatam.com\/es\/wp-json\/wp\/v2\/comments?post=367"}],"version-history":[{"count":7,"href":"https:\/\/acinolatam.com\/es\/wp-json\/wp\/v2\/pages\/367\/revisions"}],"predecessor-version":[{"id":1903,"href":"https:\/\/acinolatam.com\/es\/wp-json\/wp\/v2\/pages\/367\/revisions\/1903"}],"wp:attachment":[{"href":"https:\/\/acinolatam.com\/es\/wp-json\/wp\/v2\/media?parent=367"}],"curies":[{"name":"wp","href":"https:\/\/api.w.org\/{rel}","templated":true}]}}