{"id":1377,"date":"2025-10-09T00:13:30","date_gmt":"2025-10-09T00:13:30","guid":{"rendered":"https:\/\/acinolatam.com\/?page_id=1377"},"modified":"2025-11-07T17:24:24","modified_gmt":"2025-11-07T17:24:24","slug":"empregos","status":"publish","type":"page","link":"https:\/\/acinolatam.com\/pt-br\/empregos\/","title":{"rendered":"Carreira"},"content":{"rendered":"<div id=\"text-block-0\" class=\"text-block wysiwyg acino-block--first\" data-view=\"text-block\"><div class=\"container wysiwyg-wrapper\"><h1>Acelerando nosso futuro<\/h1>\n<p>Na Acino, superamos os limites para oferecer produtos farmac\u00eauticos de alta qualidade que melhoram a vida dos pacientes.<\/p>\n<p>Impulsionados pelo nosso objetivo comum de proporcionar acesso a medicamentos para aqueles que precisam, nossa for\u00e7a reside em nossa experi\u00eancia \u00fanica e nossa presen\u00e7a em mercados emergentes e de alto crescimento.<\/p>\n<p>Temos orgulho de desafiar o status quo da ind\u00fastria farmac\u00eautica, sempre olhando para o futuro com a mente aberta. Estamos comprometidos em promover a sa\u00fade em todas as comunidades, cuidando dos pacientes, das pessoas e do meio ambiente.<\/p>\n<p>Acreditamos que, para ter sucesso como empresa, devemos ter sucesso como pessoas. \u00c9 por isso que esperamos que todos os membros da equipe contribuam para nossa cultura vencedora, adotando o trabalho em equipe e o esp\u00edrito empreendedor. Capacitamos nosso pessoal para moldar sua carreira profissional e realizar suas aspira\u00e7\u00f5es.<\/p>\n<p>Quer entrar em a\u00e7\u00e3o? Na Acino, incentivamos nosso pessoal a fazer as coisas acontecerem e causar impacto. Com acesso direto aos l\u00edderes, se voc\u00ea puder encontrar uma solu\u00e7\u00e3o, podemos coloc\u00e1-la em pr\u00e1tica.<\/p>\n<p>Bem-vindo \u00e0 Acino, um ambiente din\u00e2mico e em r\u00e1pido crescimento, onde suas contribui\u00e7\u00f5es podem fazer uma diferen\u00e7a real.<\/p>\n<\/div><\/div>\n\n<div id=\"button-links-0\" class=\"button-links acino-block--first\" data-view=\"button-links\"><div class=\"container\"><a href=\"https:\/\/acinolatam.com\/pt-br\/jobs\/\" class=\"button accentOne-solid\">O pr\u00f3ximo passo \u00e9 seu: procurar emprego<\/a><\/div><\/div>\n\n<div id=\"text-block-0\" class=\"text-block wysiwyg acino-block--first\" data-view=\"text-block\"><div class=\"container wysiwyg-wrapper\"><h2>Acino em resumo<\/h2>\n<\/div><\/div>\n\n<div id=\"multi-column-layout-0\" class=\"multi-column-layout wysiwyg asset-type-image acino-block--first\" data-view=\"multi-column-layout\"><div class=\"container\"><ul><li><div><div class=\"wysiwyg-wrapper item-text\"><h1 style=\"text-align: center\"><span class=\"text-blue text-accentOne\"><strong>3,000+<\/strong><\/span><\/h1>\n<p style=\"text-align: center\">Funcion\u00e1rios em todo o mundo<\/p>\n<\/div><\/div><\/li><li><div><div class=\"wysiwyg-wrapper item-text\"><h1 style=\"text-align: center\"><span class=\"text-blue text-accentOne\"><strong class=\"figure-text text-accentOne\"><span class=\"animated-number\" data-target=\"51\">51<\/span>%<\/strong><\/span><\/h1>\n<div class=\"wysiwyg-wrapper subtext\">\n<p style=\"text-align: center\">dos nossos funcion\u00e1rios em todo o mundo s\u00e3o mulheres<\/p>\n<\/div>\n<\/div><\/div><\/li><li><div><div class=\"wysiwyg-wrapper item-text\"><h1 style=\"text-align: center\"><span class=\"text-blue text-accentOne\"><strong class=\"figure-text text-accentOne\"><span class=\"animated-number\" data-target=\"51\">84<\/span>%<\/strong><\/span><\/h1>\n<div class=\"wysiwyg-wrapper subtext\">\n<p style=\"text-align: center\">dos nossos funcion\u00e1rios est\u00e3o satisfeitos por trabalhar na Acino<br \/>\n(resultados da pesquisa de 2024)<\/p>\n<\/div>\n<\/div><\/div><\/li><\/ul><\/div><\/div>\n\n<div id=\"multi-column-layout-0\" class=\"multi-column-layout wysiwyg asset-type-image acino-block--first\" data-view=\"multi-column-layout\"><div class=\"container\"><ul><li><div><picture class=\"desktop-img\"><source srcset=\"data:image\/gif;base64,R0lGODlhAQABAIAAAAAAAP\/\/\/yH5BAEAAAAALAAAAAABAAEAAAIBRAA7\" data-srcset=\"data:image\/gif;base64,R0lGODlhAQABAIAAAAAAAP\/\/\/yH5BAEAAAAALAAAAAABAAEAAAIBRAA7\" media=\"(max-width: 412px)\" type=\"image\/gif\"\/><source srcset=\"https:\/\/assets.acinolatam.com\/wp-content\/webp-express\/webp-images\/uploads\/sites\/3\/2025\/10\/persons.jpg.webp\" media=\"(min-width: 413px)\" type=\"image\/webp\"\/><source srcset=\"https:\/\/assets.acinolatam.com\/wp-content\/uploads\/sites\/3\/2025\/10\/persons.jpg\" media=\"(min-width: 413px)\" type=\"image\/jpeg\"\/><img loading=\"lazy\" decoding=\"async\" alt=\"\" src=\"https:\/\/assets.acinolatam.com\/wp-content\/uploads\/sites\/3\/2025\/10\/persons.jpg\" width=\"450\" height=\"296\" style=\"aspect-ratio:450\/296;\"  \/><\/picture><picture class=\"mobile-img\"><source srcset=\"data:image\/gif;base64,R0lGODlhAQABAIAAAAAAAP\/\/\/yH5BAEAAAAALAAAAAABAAEAAAIBRAA7\" data-srcset=\"data:image\/gif;base64,R0lGODlhAQABAIAAAAAAAP\/\/\/yH5BAEAAAAALAAAAAABAAEAAAIBRAA7\" media=\"(min-width: 413px)\" type=\"image\/gif\"\/><source srcset=\"https:\/\/assets.acinolatam.com\/wp-content\/webp-express\/webp-images\/uploads\/sites\/3\/2025\/10\/persons-412x271.jpg.webp, https:\/\/assets.acinolatam.com\/wp-content\/webp-express\/webp-images\/uploads\/sites\/3\/2025\/10\/persons.jpg.webp 2x\" media=\"(max-width: 412px)\" type=\"image\/webp\"\/><source srcset=\"https:\/\/assets.acinolatam.com\/wp-content\/uploads\/sites\/3\/2025\/10\/persons-412x271.jpg, https:\/\/assets.acinolatam.com\/wp-content\/uploads\/sites\/3\/2025\/10\/persons.jpg 2x\" media=\"(max-width: 412px)\" type=\"image\/jpeg\"\/><img loading=\"lazy\" decoding=\"async\" alt=\"\" src=\"https:\/\/assets.acinolatam.com\/wp-content\/uploads\/sites\/3\/2025\/10\/persons-412x271.jpg\" width=\"412\" height=\"271\" style=\"aspect-ratio:412\/271;\"  \/><\/picture><p id=\"0-cultura\" class=\"text item-title\"><strong>Cultura<\/strong><\/p><div class=\"wysiwyg-wrapper item-text\"><p><a href=\"https:\/\/acinolatam.com\/our-culture\/\">Confian\u00e7a, inova\u00e7\u00e3o, agilidade e colabora\u00e7\u00e3o<\/a> s\u00e3o parte fundamental da nossa cultura e do nosso neg\u00f3cio. Esses valores nos servem de guia na hora de contratar, avaliar e promover pessoas.<\/p>\n<\/div><\/div><\/li><li><div><picture class=\"desktop-img\"><source srcset=\"data:image\/gif;base64,R0lGODlhAQABAIAAAAAAAP\/\/\/yH5BAEAAAAALAAAAAABAAEAAAIBRAA7\" data-srcset=\"data:image\/gif;base64,R0lGODlhAQABAIAAAAAAAP\/\/\/yH5BAEAAAAALAAAAAABAAEAAAIBRAA7\" media=\"(max-width: 412px)\" type=\"image\/gif\"\/><source srcset=\"https:\/\/assets.acinolatam.com\/wp-content\/webp-express\/webp-images\/uploads\/sites\/3\/2025\/10\/acino_history.jpg.webp\" media=\"(min-width: 413px)\" type=\"image\/webp\"\/><source srcset=\"https:\/\/assets.acinolatam.com\/wp-content\/uploads\/sites\/3\/2025\/10\/acino_history.jpg\" media=\"(min-width: 413px)\" type=\"image\/jpeg\"\/><img loading=\"lazy\" decoding=\"async\" alt=\"\" src=\"https:\/\/assets.acinolatam.com\/wp-content\/uploads\/sites\/3\/2025\/10\/acino_history.jpg\" width=\"450\" height=\"296\" style=\"aspect-ratio:450\/296;\"  \/><\/picture><picture class=\"mobile-img\"><source srcset=\"data:image\/gif;base64,R0lGODlhAQABAIAAAAAAAP\/\/\/yH5BAEAAAAALAAAAAABAAEAAAIBRAA7\" data-srcset=\"data:image\/gif;base64,R0lGODlhAQABAIAAAAAAAP\/\/\/yH5BAEAAAAALAAAAAABAAEAAAIBRAA7\" media=\"(min-width: 413px)\" type=\"image\/gif\"\/><source srcset=\"https:\/\/assets.acinolatam.com\/wp-content\/webp-express\/webp-images\/uploads\/sites\/3\/2025\/10\/acino_history-412x271.jpg.webp, https:\/\/assets.acinolatam.com\/wp-content\/webp-express\/webp-images\/uploads\/sites\/3\/2025\/10\/acino_history.jpg.webp 2x\" media=\"(max-width: 412px)\" type=\"image\/webp\"\/><source srcset=\"https:\/\/assets.acinolatam.com\/wp-content\/uploads\/sites\/3\/2025\/10\/acino_history-412x271.jpg, https:\/\/assets.acinolatam.com\/wp-content\/uploads\/sites\/3\/2025\/10\/acino_history.jpg 2x\" media=\"(max-width: 412px)\" type=\"image\/jpeg\"\/><img loading=\"lazy\" decoding=\"async\" alt=\"\" src=\"https:\/\/assets.acinolatam.com\/wp-content\/uploads\/sites\/3\/2025\/10\/acino_history-412x271.jpg\" width=\"412\" height=\"271\" style=\"aspect-ratio:412\/271;\"  \/><\/picture><p id=\"1-hist%c3%b3ria\" class=\"text item-title\"><strong>Hist\u00f3ria<\/strong><\/p><div class=\"wysiwyg-wrapper item-text\"><p>La Uma trajet\u00f3ria consolidada e comprovada que <a href=\"https:\/\/acino.swiss\/about\/our-identity\/\">remonta a 1836.<\/a> A empresa foi gradualmente racionalizando seus neg\u00f3cios para se concentrar na fabrica\u00e7\u00e3o e comercializa\u00e7\u00e3o de produtos farmac\u00eauticos.<\/p>\n<\/div><\/div><\/li><li><div><picture class=\"desktop-img\"><source srcset=\"data:image\/gif;base64,R0lGODlhAQABAIAAAAAAAP\/\/\/yH5BAEAAAAALAAAAAABAAEAAAIBRAA7\" data-srcset=\"data:image\/gif;base64,R0lGODlhAQABAIAAAAAAAP\/\/\/yH5BAEAAAAALAAAAAABAAEAAAIBRAA7\" media=\"(max-width: 412px)\" type=\"image\/gif\"\/><source srcset=\"https:\/\/assets.acinolatam.com\/wp-content\/webp-express\/webp-images\/uploads\/sites\/3\/2025\/10\/doctor.jpg.webp\" media=\"(min-width: 413px)\" type=\"image\/webp\"\/><source srcset=\"https:\/\/assets.acinolatam.com\/wp-content\/uploads\/sites\/3\/2025\/10\/doctor.jpg\" media=\"(min-width: 413px)\" type=\"image\/jpeg\"\/><img loading=\"lazy\" decoding=\"async\" alt=\"\" src=\"https:\/\/assets.acinolatam.com\/wp-content\/uploads\/sites\/3\/2025\/10\/doctor.jpg\" width=\"450\" height=\"296\" style=\"aspect-ratio:450\/296;\"  \/><\/picture><picture class=\"mobile-img\"><source srcset=\"data:image\/gif;base64,R0lGODlhAQABAIAAAAAAAP\/\/\/yH5BAEAAAAALAAAAAABAAEAAAIBRAA7\" data-srcset=\"data:image\/gif;base64,R0lGODlhAQABAIAAAAAAAP\/\/\/yH5BAEAAAAALAAAAAABAAEAAAIBRAA7\" media=\"(min-width: 413px)\" type=\"image\/gif\"\/><source srcset=\"https:\/\/assets.acinolatam.com\/wp-content\/webp-express\/webp-images\/uploads\/sites\/3\/2025\/10\/doctor-412x271.jpg.webp, https:\/\/assets.acinolatam.com\/wp-content\/webp-express\/webp-images\/uploads\/sites\/3\/2025\/10\/doctor.jpg.webp 2x\" media=\"(max-width: 412px)\" type=\"image\/webp\"\/><source srcset=\"https:\/\/assets.acinolatam.com\/wp-content\/uploads\/sites\/3\/2025\/10\/doctor-412x271.jpg, https:\/\/assets.acinolatam.com\/wp-content\/uploads\/sites\/3\/2025\/10\/doctor.jpg 2x\" media=\"(max-width: 412px)\" type=\"image\/jpeg\"\/><img loading=\"lazy\" decoding=\"async\" alt=\"\" src=\"https:\/\/assets.acinolatam.com\/wp-content\/uploads\/sites\/3\/2025\/10\/doctor-412x271.jpg\" width=\"412\" height=\"271\" style=\"aspect-ratio:412\/271;\"  \/><\/picture><p id=\"2-a-acino-est%c3%a1-aqui-para-crescer\" class=\"text item-title\"><strong>A Acino est\u00e1 aqui para crescer<\/strong><\/p><div class=\"wysiwyg-wrapper item-text\"><p>A presen\u00e7a global da Acino se estende a mais de 90 mercados de alto crescimento, com um foco claro na expans\u00e3o cont\u00ednua no <a href=\"https:\/\/acino.swiss\/about\/meta\/\">Oriente M\u00e9dio<\/a>, <a href=\"https:\/\/acino.swiss\/about\/africa\/\">\u00c1frica<\/a>, <a href=\"https:\/\/acino.swiss\/about\/ukraine-and-cis\/\">Ucr\u00e2nia e pa\u00edses da Eur\u00e1sia <\/a>e<a href=\"https:\/\/acino.swiss\/about\/ukraine-and-cis\/\"> Am\u00e9rica Latina.<\/a><\/p>\n<\/div><\/div><\/li><li><div><picture class=\"desktop-img\"><source srcset=\"data:image\/gif;base64,R0lGODlhAQABAIAAAAAAAP\/\/\/yH5BAEAAAAALAAAAAABAAEAAAIBRAA7\" data-srcset=\"data:image\/gif;base64,R0lGODlhAQABAIAAAAAAAP\/\/\/yH5BAEAAAAALAAAAAABAAEAAAIBRAA7\" media=\"(max-width: 412px)\" type=\"image\/gif\"\/><source srcset=\"https:\/\/assets.acinolatam.com\/wp-content\/webp-express\/webp-images\/uploads\/sites\/3\/2025\/10\/The_see.jpg.webp\" media=\"(min-width: 413px)\" type=\"image\/webp\"\/><source srcset=\"https:\/\/assets.acinolatam.com\/wp-content\/uploads\/sites\/3\/2025\/10\/The_see.jpg\" media=\"(min-width: 413px)\" type=\"image\/jpeg\"\/><img loading=\"lazy\" decoding=\"async\" alt=\"\" src=\"https:\/\/assets.acinolatam.com\/wp-content\/uploads\/sites\/3\/2025\/10\/The_see.jpg\" width=\"450\" height=\"296\" style=\"aspect-ratio:450\/296;\"  \/><\/picture><picture class=\"mobile-img\"><source srcset=\"data:image\/gif;base64,R0lGODlhAQABAIAAAAAAAP\/\/\/yH5BAEAAAAALAAAAAABAAEAAAIBRAA7\" data-srcset=\"data:image\/gif;base64,R0lGODlhAQABAIAAAAAAAP\/\/\/yH5BAEAAAAALAAAAAABAAEAAAIBRAA7\" media=\"(min-width: 413px)\" type=\"image\/gif\"\/><source srcset=\"https:\/\/assets.acinolatam.com\/wp-content\/webp-express\/webp-images\/uploads\/sites\/3\/2025\/10\/The_see-412x271.jpg.webp, https:\/\/assets.acinolatam.com\/wp-content\/webp-express\/webp-images\/uploads\/sites\/3\/2025\/10\/The_see.jpg.webp 2x\" media=\"(max-width: 412px)\" type=\"image\/webp\"\/><source srcset=\"https:\/\/assets.acinolatam.com\/wp-content\/uploads\/sites\/3\/2025\/10\/The_see-412x271.jpg, https:\/\/assets.acinolatam.com\/wp-content\/uploads\/sites\/3\/2025\/10\/The_see.jpg 2x\" media=\"(max-width: 412px)\" type=\"image\/jpeg\"\/><img loading=\"lazy\" decoding=\"async\" alt=\"\" src=\"https:\/\/assets.acinolatam.com\/wp-content\/uploads\/sites\/3\/2025\/10\/The_see-412x271.jpg\" width=\"412\" height=\"271\" style=\"aspect-ratio:412\/271;\"  \/><\/picture><p id=\"3-melhorando-a-vida-das-pessoas\" class=\"text item-title\"><strong>Melhorando a vida das pessoas<\/strong><\/p><div class=\"wysiwyg-wrapper item-text\"><p>Tornar a sociedade um lugar mais humano \u00e9 a raz\u00e3o pela qual a <a href=\"https:\/\/acino.swiss\/we-care\/sustainability\/\">sustentabilidade<\/a> est\u00e1 integrada em nossas atividades di\u00e1rias e \u00e9 um dever de todos na Acino.<\/p>\n<\/div><\/div><\/li><li><div><picture class=\"desktop-img\"><source srcset=\"data:image\/gif;base64,R0lGODlhAQABAIAAAAAAAP\/\/\/yH5BAEAAAAALAAAAAABAAEAAAIBRAA7\" data-srcset=\"data:image\/gif;base64,R0lGODlhAQABAIAAAAAAAP\/\/\/yH5BAEAAAAALAAAAAABAAEAAAIBRAA7\" media=\"(max-width: 412px)\" type=\"image\/gif\"\/><source srcset=\"https:\/\/assets.acinolatam.com\/wp-content\/webp-express\/webp-images\/uploads\/sites\/3\/2025\/10\/chemist.jpg.webp\" media=\"(min-width: 413px)\" type=\"image\/webp\"\/><source srcset=\"https:\/\/assets.acinolatam.com\/wp-content\/uploads\/sites\/3\/2025\/10\/chemist.jpg\" media=\"(min-width: 413px)\" type=\"image\/jpeg\"\/><img loading=\"lazy\" decoding=\"async\" alt=\"\" src=\"https:\/\/assets.acinolatam.com\/wp-content\/uploads\/sites\/3\/2025\/10\/chemist.jpg\" width=\"450\" height=\"296\" style=\"aspect-ratio:450\/296;\"  \/><\/picture><picture class=\"mobile-img\"><source srcset=\"data:image\/gif;base64,R0lGODlhAQABAIAAAAAAAP\/\/\/yH5BAEAAAAALAAAAAABAAEAAAIBRAA7\" data-srcset=\"data:image\/gif;base64,R0lGODlhAQABAIAAAAAAAP\/\/\/yH5BAEAAAAALAAAAAABAAEAAAIBRAA7\" media=\"(min-width: 413px)\" type=\"image\/gif\"\/><source srcset=\"https:\/\/assets.acinolatam.com\/wp-content\/webp-express\/webp-images\/uploads\/sites\/3\/2025\/10\/chemist-412x271.jpg.webp, https:\/\/assets.acinolatam.com\/wp-content\/webp-express\/webp-images\/uploads\/sites\/3\/2025\/10\/chemist.jpg.webp 2x\" media=\"(max-width: 412px)\" type=\"image\/webp\"\/><source srcset=\"https:\/\/assets.acinolatam.com\/wp-content\/uploads\/sites\/3\/2025\/10\/chemist-412x271.jpg, https:\/\/assets.acinolatam.com\/wp-content\/uploads\/sites\/3\/2025\/10\/chemist.jpg 2x\" media=\"(max-width: 412px)\" type=\"image\/jpeg\"\/><img loading=\"lazy\" decoding=\"async\" alt=\"\" src=\"https:\/\/assets.acinolatam.com\/wp-content\/uploads\/sites\/3\/2025\/10\/chemist-412x271.jpg\" width=\"412\" height=\"271\" style=\"aspect-ratio:412\/271;\"  \/><\/picture><p id=\"4-conhe%c3%a7a-nossos-funcion%c3%a1rios\" class=\"text item-title\"><strong>Conhe\u00e7a nossos funcion\u00e1rios<\/strong><\/p><div class=\"wysiwyg-wrapper item-text\"><p>Quer saber como \u00e9 trabalhar na Acino? <a href=\"https:\/\/acino.swiss\/careers\/our-people\/\">Ou\u00e7a o que a fam\u00edlia Urso Russo e seus colegas t\u00eam a dizer.<\/a><\/p>\n<\/div><\/div><\/li><li><div><picture class=\"desktop-img\"><source srcset=\"data:image\/gif;base64,R0lGODlhAQABAIAAAAAAAP\/\/\/yH5BAEAAAAALAAAAAABAAEAAAIBRAA7\" data-srcset=\"data:image\/gif;base64,R0lGODlhAQABAIAAAAAAAP\/\/\/yH5BAEAAAAALAAAAAABAAEAAAIBRAA7\" media=\"(max-width: 412px)\" type=\"image\/gif\"\/><source srcset=\"https:\/\/assets.acinolatam.com\/wp-content\/webp-express\/webp-images\/uploads\/sites\/3\/2025\/10\/teams.jpg.webp\" media=\"(min-width: 413px)\" type=\"image\/webp\"\/><source srcset=\"https:\/\/assets.acinolatam.com\/wp-content\/uploads\/sites\/3\/2025\/10\/teams.jpg\" media=\"(min-width: 413px)\" type=\"image\/jpeg\"\/><img loading=\"lazy\" decoding=\"async\" alt=\"\" src=\"https:\/\/assets.acinolatam.com\/wp-content\/uploads\/sites\/3\/2025\/10\/teams.jpg\" width=\"450\" height=\"296\" style=\"aspect-ratio:450\/296;\"  \/><\/picture><picture class=\"mobile-img\"><source srcset=\"data:image\/gif;base64,R0lGODlhAQABAIAAAAAAAP\/\/\/yH5BAEAAAAALAAAAAABAAEAAAIBRAA7\" data-srcset=\"data:image\/gif;base64,R0lGODlhAQABAIAAAAAAAP\/\/\/yH5BAEAAAAALAAAAAABAAEAAAIBRAA7\" media=\"(min-width: 413px)\" type=\"image\/gif\"\/><source srcset=\"https:\/\/assets.acinolatam.com\/wp-content\/webp-express\/webp-images\/uploads\/sites\/3\/2025\/10\/teams-412x271.jpg.webp, https:\/\/assets.acinolatam.com\/wp-content\/webp-express\/webp-images\/uploads\/sites\/3\/2025\/10\/teams.jpg.webp 2x\" media=\"(max-width: 412px)\" type=\"image\/webp\"\/><source srcset=\"https:\/\/assets.acinolatam.com\/wp-content\/uploads\/sites\/3\/2025\/10\/teams-412x271.jpg, https:\/\/assets.acinolatam.com\/wp-content\/uploads\/sites\/3\/2025\/10\/teams.jpg 2x\" media=\"(max-width: 412px)\" type=\"image\/jpeg\"\/><img loading=\"lazy\" decoding=\"async\" alt=\"\" src=\"https:\/\/assets.acinolatam.com\/wp-content\/uploads\/sites\/3\/2025\/10\/teams-412x271.jpg\" width=\"412\" height=\"271\" style=\"aspect-ratio:412\/271;\"  \/><\/picture><p id=\"5-um-excelente-local-de-trabalho-para-nossas-equipes\" class=\"text item-title\"><strong>Um excelente local de trabalho para nossas equipes<\/strong><\/p><div class=\"wysiwyg-wrapper item-text\"><p>A Acino foi reconhecida como uma das melhores empresas para se trabalhar na <a href=\"https:\/\/acino.swiss\/news\/article\/top-employer-2025-acino-south-africa-achieves-certification-for-the-fourth-consecutive-year\/\">\u00c1frica do Sul<\/a>, e como <a href=\"https:\/\/acino.swiss\/news\/article\/acino-iraq-recognised-as-best-place-to-work\/\">o melhor local para se trabalhar no Iraque<\/a>. Temos o t\u00edtulo de Empresa do Ano na Est\u00f4nia, bem como v\u00e1rios pr\u00eamios na Ucr\u00e2nia.<\/p>\n<\/div><\/div><\/li><\/ul><\/div><\/div>\n\n<div id=\"banner-0\" class=\"banner banner-simple wysiwyg use-icon acino-block--first\" data-view=\"banner\"><div><div class=\"background bg-accentFour\"><\/div><div class=\"container\"><h2><img loading=\"lazy\" decoding=\"async\" alt=\"\" src=\"https:\/\/assets.acinolatam.com\/wp-content\/uploads\/sites\/3\/2025\/10\/Please.svg\"  width=\"0\" height=\"0\" \/><span class=\"title small\">Aten\u00e7\u00e3o<\/span><\/h2><div class=\"content\"><img loading=\"lazy\" decoding=\"async\" alt=\"\" src=\"https:\/\/assets.acinolatam.com\/wp-content\/uploads\/sites\/3\/2025\/10\/Please.svg\"  width=\"0\" height=\"0\" \/><div class=\"wysiwyg-wrapper\"><p>Tenha em aten\u00e7\u00e3o que, ocasionalmente, terceiros utilizam indevidamente o nome da nossa empresa e os nomes dos membros do comit\u00e9 de gest\u00e3o para fins fraudulentos, especialmente no contexto de ofertas de emprego falsas.<\/p>\n<p>Nunca solicitaremos pagamentos antecipados relacionados com candidaturas a empregos. Se tiver alguma d\u00favida sobre a autenticidade de uma oferta de emprego, entre em contato conosco.<\/p>\n<\/div><\/div><\/div><\/div><\/div>","protected":false},"excerpt":{"rendered":"","protected":false},"author":46,"featured_media":0,"parent":0,"menu_order":0,"comment_status":"closed","ping_status":"closed","template":"","meta":{"_acf_changed":false,"footnotes":""},"class_list":["post-1377","page","type-page","status-publish","hentry"],"acf":[],"_links":{"self":[{"href":"https:\/\/acinolatam.com\/pt-br\/wp-json\/wp\/v2\/pages\/1377","targetHints":{"allow":["GET"]}}],"collection":[{"href":"https:\/\/acinolatam.com\/pt-br\/wp-json\/wp\/v2\/pages"}],"about":[{"href":"https:\/\/acinolatam.com\/pt-br\/wp-json\/wp\/v2\/types\/page"}],"author":[{"embeddable":true,"href":"https:\/\/acinolatam.com\/pt-br\/wp-json\/wp\/v2\/users\/46"}],"replies":[{"embeddable":true,"href":"https:\/\/acinolatam.com\/pt-br\/wp-json\/wp\/v2\/comments?post=1377"}],"version-history":[{"count":5,"href":"https:\/\/acinolatam.com\/pt-br\/wp-json\/wp\/v2\/pages\/1377\/revisions"}],"predecessor-version":[{"id":1836,"href":"https:\/\/acinolatam.com\/pt-br\/wp-json\/wp\/v2\/pages\/1377\/revisions\/1836"}],"wp:attachment":[{"href":"https:\/\/acinolatam.com\/pt-br\/wp-json\/wp\/v2\/media?parent=1377"}],"curies":[{"name":"wp","href":"https:\/\/api.w.org\/{rel}","templated":true}]}}