{"id":1509,"date":"2025-10-09T15:34:56","date_gmt":"2025-10-09T15:34:56","guid":{"rendered":"https:\/\/acinolatam.com\/?page_id=1509"},"modified":"2026-04-28T19:52:31","modified_gmt":"2026-04-28T19:52:31","slug":"farmacovigilancia","status":"publish","type":"page","link":"https:\/\/acinolatam.com\/pt-br\/farmacovigilancia\/","title":{"rendered":"Farmacovigil\u00e2ncia"},"content":{"rendered":"<div id=\"banner-0\" class=\"banner banner-simple wysiwyg use-icon acino-block--first\" data-view=\"banner\"><div><div class=\"background bg-accentThree\"><\/div><div class=\"container\"><h2><img loading=\"lazy\" decoding=\"async\" alt=\"\" src=\"https:\/\/assets.acinolatam.com\/wp-content\/uploads\/sites\/3\/2025\/09\/Pharmacovigilance.svg\"  width=\"0\" height=\"0\" \/><span class=\"title small\">Farmacovigil\u00e2ncia<\/span><\/h2><div class=\"content\"><img loading=\"lazy\" decoding=\"async\" alt=\"\" src=\"https:\/\/assets.acinolatam.com\/wp-content\/uploads\/sites\/3\/2025\/09\/Pharmacovigilance.svg\"  width=\"0\" height=\"0\" \/><div class=\"wysiwyg-wrapper\"><p>Na Acino, levamos muito a s\u00e9rio a seguran\u00e7a dos nossos pacientes. Sabemos que podem ocorrer <span data-teams=\"true\">efeitos colaterais<\/span>, mas nem sempre \u00e9 poss\u00edvel prever quem os ir\u00e1 sofrer. Supervisionamos continuamente a seguran\u00e7a dos nossos produtos. Se sentir algum efeito colateral ap\u00f3s utilizar um produto Acino, por favor informe-nos.<\/p>\n<\/div><\/div><\/div><\/div><\/div>\n\n<div id=\"text-block-0\" class=\"text-block wysiwyg acino-block--first\" data-view=\"text-block\"><div class=\"container wysiwyg-wrapper\"><p>Na Acino, levamos muito a s\u00e9rio a seguran\u00e7a dos nossos pacientes. Sabemos que podem ocorrer efeitos colaterais, mas nem sempre \u00e9 poss\u00edvel prever quem os ir\u00e1 sofrer. Supervisionamos continuamente a seguran\u00e7a dos nossos produtos.<\/p>\n<p>Se sentir algum efeito colateral ap\u00f3s utilizar um <strong>produto Acino,<\/strong> por favor informe-nos enviando um e-mail para <a href=\"mailto:pv@arceralifesciences.com\"><span data-teams=\"true\">pv@arceralifesciences.com<\/span><\/a>. Tamb\u00e9m pode enviar um e-mail para:<\/p>\n<\/div><\/div>\n\n<div id=\"multi-column-layout-0\" class=\"multi-column-layout wysiwyg asset-type-image acino-block--first\" data-view=\"multi-column-layout\"><div class=\"container\"><ul><li><div><p id=\"0-brasil\" class=\"text item-title\"><strong>Brasil<\/strong><\/p><div class=\"wysiwyg-wrapper item-text\"><p><a href=\"mailto:br.pharmacovigilance@arceralifesciences.com\">br.pharmacovigilance@arceralifesciences.com<\/a> <span data-olk-copy-source=\"MessageBody\">SAC (0800 601 9392)<\/span><\/p>\n<p><a href=\"https:\/\/m8p.cloud\/HR\/3.%20farma-br.pdf\">Clique aqui para ler sobre a Farmacovigil\u00e2ncia e a notifica\u00e7\u00e3o de Evento Adverso<\/a><\/p>\n<\/div><\/div><\/li><li><div><\/div><\/li><li><div><\/div><\/li><li><div><p id=\"3-am%c3%a9rica-central-caribe-e-regi%c3%a3o-andina\" class=\"text item-title\"><strong>Am\u00e9rica Central, Caribe e Regi\u00e3o Andina<\/strong><\/p><div class=\"wysiwyg-wrapper item-text\"><p><a href=\"mailto:notifica@punto-seguro.com\">notifica@punto-seguro.com<\/a><\/p>\n<\/div><\/div><\/li><li><div><\/div><\/li><li><div><\/div><\/li><li><div><p id=\"6-m%c3%a9xico\" class=\"text item-title\"><strong>M\u00e9xico<\/strong><\/p><div class=\"wysiwyg-wrapper item-text\"><p><a href=\"mailto:mx.farmacovigilancia@arceralifesciences.com\">mx.farmacovigilancia@arceralifesciences.com<\/a><\/p>\n<\/div><\/div><\/li><\/ul><\/div><\/div>","protected":false},"excerpt":{"rendered":"","protected":false},"author":46,"featured_media":0,"parent":0,"menu_order":0,"comment_status":"closed","ping_status":"closed","template":"","meta":{"_acf_changed":false,"footnotes":""},"class_list":["post-1509","page","type-page","status-publish","hentry"],"acf":[],"_links":{"self":[{"href":"https:\/\/acinolatam.com\/pt-br\/wp-json\/wp\/v2\/pages\/1509","targetHints":{"allow":["GET"]}}],"collection":[{"href":"https:\/\/acinolatam.com\/pt-br\/wp-json\/wp\/v2\/pages"}],"about":[{"href":"https:\/\/acinolatam.com\/pt-br\/wp-json\/wp\/v2\/types\/page"}],"author":[{"embeddable":true,"href":"https:\/\/acinolatam.com\/pt-br\/wp-json\/wp\/v2\/users\/46"}],"replies":[{"embeddable":true,"href":"https:\/\/acinolatam.com\/pt-br\/wp-json\/wp\/v2\/comments?post=1509"}],"version-history":[{"count":10,"href":"https:\/\/acinolatam.com\/pt-br\/wp-json\/wp\/v2\/pages\/1509\/revisions"}],"predecessor-version":[{"id":2021,"href":"https:\/\/acinolatam.com\/pt-br\/wp-json\/wp\/v2\/pages\/1509\/revisions\/2021"}],"wp:attachment":[{"href":"https:\/\/acinolatam.com\/pt-br\/wp-json\/wp\/v2\/media?parent=1509"}],"curies":[{"name":"wp","href":"https:\/\/api.w.org\/{rel}","templated":true}]}}