{"id":1533,"date":"2025-10-11T01:40:09","date_gmt":"2025-10-11T01:40:09","guid":{"rendered":"https:\/\/acinolatam.com\/?page_id=1533"},"modified":"2025-10-20T23:06:37","modified_gmt":"2025-10-20T23:06:37","slug":"farmacovigilancia-2","status":"publish","type":"page","link":"https:\/\/acinolatam.com\/pt-br\/farmacovigilancia-2\/","title":{"rendered":"Farmacovigil\u00e2ncia 2"},"content":{"rendered":"<div id=\"banner-0\" class=\"banner banner-simple wysiwyg use-icon no-top-padding no-bottom-padding acino-block--first\" data-view=\"banner\"><div><div class=\"background bg-accentThree\"><\/div><div class=\"container\"><h2><img loading=\"lazy\" decoding=\"async\" alt=\"\" src=\"https:\/\/assets.acinolatam.com\/wp-content\/uploads\/sites\/3\/2025\/09\/Pharmacovigilance.svg\"  width=\"0\" height=\"0\" \/><span class=\"title small\">Farmacovigil\u00e2ncia<\/span><\/h2><div class=\"content\"><img loading=\"lazy\" decoding=\"async\" alt=\"\" src=\"https:\/\/assets.acinolatam.com\/wp-content\/uploads\/sites\/3\/2025\/09\/Pharmacovigilance.svg\"  width=\"0\" height=\"0\" \/><div class=\"wysiwyg-wrapper\"><p>Na Acino, levamos muito a s\u00e9rio a seguran\u00e7a dos nossos pacientes. Sabemos que podem ocorrer efeitos secund\u00e1rios, mas nem sempre \u00e9 poss\u00edvel prever quem os ir\u00e1 sofrer. Monitorizamos continuamente a seguran\u00e7a dos nossos produtos. Caso sinta algum efeito secund\u00e1rio ap\u00f3s utilizar um produto Acino, informe-nos.<\/p>\n<div class=\"buttons-container\"><a href=\"https:\/\/acinolatam.com\/pt-br\/farmacovigilancia\/\" class=\"button white-border\">Envie-nos um e-mail<\/a><\/div><\/div><\/div><\/div><\/div><\/div>\n\n<div id=\"hero-0\" class=\"hero banner stories-disabled no-top-padding no-bottom-padding acino-grid--first\" data-view=\"hero\"><div><span class=\"overlay\" style=\"background: rgba(44, 44, 44, 0.4);\"><\/span><picture class=\"desktop-img\"><source srcset=\"data:image\/gif;base64,R0lGODlhAQABAIAAAAAAAP\/\/\/yH5BAEAAAAALAAAAAABAAEAAAIBRAA7\" data-srcset=\"data:image\/gif;base64,R0lGODlhAQABAIAAAAAAAP\/\/\/yH5BAEAAAAALAAAAAABAAEAAAIBRAA7\" media=\"(max-width: 412px)\" type=\"image\/gif\"\/><source srcset=\"https:\/\/assets.acinolatam.com\/wp-content\/webp-express\/webp-images\/uploads\/sites\/3\/2025\/10\/Brand_Potential_Acino-15_web-1536x1024.jpg.webp\" media=\"(min-width: 413px)\" type=\"image\/webp\"\/><source srcset=\"https:\/\/assets.acinolatam.com\/wp-content\/uploads\/sites\/3\/2025\/10\/Brand_Potential_Acino-15_web-1536x1024.jpg\" media=\"(min-width: 413px)\" type=\"image\/jpeg\"\/><img loading=\"lazy\" decoding=\"async\" alt=\"\" src=\"https:\/\/assets.acinolatam.com\/wp-content\/uploads\/sites\/3\/2025\/10\/Brand_Potential_Acino-15_web-1536x1024.jpg\" width=\"1536\" height=\"1024\" style=\"aspect-ratio:1536\/1024;\"  \/><\/picture><picture class=\"mobile-img\"><source srcset=\"data:image\/gif;base64,R0lGODlhAQABAIAAAAAAAP\/\/\/yH5BAEAAAAALAAAAAABAAEAAAIBRAA7\" data-srcset=\"data:image\/gif;base64,R0lGODlhAQABAIAAAAAAAP\/\/\/yH5BAEAAAAALAAAAAABAAEAAAIBRAA7\" media=\"(min-width: 413px)\" type=\"image\/gif\"\/><source srcset=\"https:\/\/assets.acinolatam.com\/wp-content\/webp-express\/webp-images\/uploads\/sites\/3\/2025\/10\/Brand_Potential_Acino-15_web-412x275.jpg.webp, https:\/\/assets.acinolatam.com\/wp-content\/webp-express\/webp-images\/uploads\/sites\/3\/2025\/10\/Brand_Potential_Acino-15_web.jpg.webp 2x\" media=\"(max-width: 412px)\" type=\"image\/webp\"\/><source srcset=\"https:\/\/assets.acinolatam.com\/wp-content\/uploads\/sites\/3\/2025\/10\/Brand_Potential_Acino-15_web-412x275.jpg, https:\/\/assets.acinolatam.com\/wp-content\/uploads\/sites\/3\/2025\/10\/Brand_Potential_Acino-15_web.jpg 2x\" media=\"(max-width: 412px)\" type=\"image\/jpeg\"\/><img loading=\"lazy\" decoding=\"async\" alt=\"\" src=\"https:\/\/assets.acinolatam.com\/wp-content\/uploads\/sites\/3\/2025\/10\/Brand_Potential_Acino-15_web-412x275.jpg\" width=\"412\" height=\"275\" style=\"aspect-ratio:412\/275;\"  \/><\/picture><div class=\"hero-title mobile\"><\/div><\/div><div class=\"hero-content container\"><div class=\"hero-title desktop\"><\/div><\/div><\/div>","protected":false},"excerpt":{"rendered":"","protected":false},"author":46,"featured_media":0,"parent":0,"menu_order":0,"comment_status":"closed","ping_status":"closed","template":"","meta":{"_acf_changed":false,"footnotes":""},"class_list":["post-1533","page","type-page","status-publish","hentry"],"acf":[],"_links":{"self":[{"href":"https:\/\/acinolatam.com\/pt-br\/wp-json\/wp\/v2\/pages\/1533","targetHints":{"allow":["GET"]}}],"collection":[{"href":"https:\/\/acinolatam.com\/pt-br\/wp-json\/wp\/v2\/pages"}],"about":[{"href":"https:\/\/acinolatam.com\/pt-br\/wp-json\/wp\/v2\/types\/page"}],"author":[{"embeddable":true,"href":"https:\/\/acinolatam.com\/pt-br\/wp-json\/wp\/v2\/users\/46"}],"replies":[{"embeddable":true,"href":"https:\/\/acinolatam.com\/pt-br\/wp-json\/wp\/v2\/comments?post=1533"}],"version-history":[{"count":7,"href":"https:\/\/acinolatam.com\/pt-br\/wp-json\/wp\/v2\/pages\/1533\/revisions"}],"predecessor-version":[{"id":1656,"href":"https:\/\/acinolatam.com\/pt-br\/wp-json\/wp\/v2\/pages\/1533\/revisions\/1656"}],"wp:attachment":[{"href":"https:\/\/acinolatam.com\/pt-br\/wp-json\/wp\/v2\/media?parent=1533"}],"curies":[{"name":"wp","href":"https:\/\/api.w.org\/{rel}","templated":true}]}}