{"id":155,"date":"2025-06-18T14:21:35","date_gmt":"2025-06-18T14:21:35","guid":{"rendered":"https:\/\/acinolatam.com\/jobs\/"},"modified":"2025-11-11T18:40:31","modified_gmt":"2025-11-11T18:40:31","slug":"jobs","status":"publish","type":"page","link":"https:\/\/acinolatam.com\/pt-br\/jobs\/","title":{"rendered":"Carreira"},"content":{"rendered":"<div id=\"text-block-0\" class=\"text-block wysiwyg acino-block--first\" data-view=\"text-block\"><div class=\"container wysiwyg-wrapper\"><h1>Acelerando nosso futuro<\/h1>\n<p>Na Acino, superamos os limites para oferecer produtos farmac\u00eauticos de alta qualidade que melhoram a vida dos pacientes.<\/p>\n<p>Impulsionados pelo nosso objetivo comum de proporcionar acesso a medicamentos para aqueles que precisam, nossa for\u00e7a reside em nossa experi\u00eancia \u00fanica e nossa presen\u00e7a em mercados emergentes e de alto crescimento.<\/p>\n<p>Temos orgulho de desafiar o status quo da ind\u00fastria farmac\u00eautica, sempre olhando para o futuro com a mente aberta. Estamos comprometidos em promover a sa\u00fade em todas as comunidades, cuidando dos pacientes, das pessoas e do meio ambiente.<\/p>\n<p>Acreditamos que, para ter sucesso como empresa, devemos ter sucesso como pessoas. \u00c9 por isso que esperamos que todos os membros da equipe contribuam para nossa cultura vencedora, adotando o trabalho em equipe e o esp\u00edrito empreendedor. Capacitamos nosso pessoal para moldar sua carreira profissional e realizar suas aspira\u00e7\u00f5es.<\/p>\n<p>Quer entrar em a\u00e7\u00e3o? Na Acino, incentivamos nosso pessoal a fazer as coisas acontecerem e causar impacto. Com acesso direto aos l\u00edderes, se voc\u00ea puder encontrar uma solu\u00e7\u00e3o, podemos coloc\u00e1-la em pr\u00e1tica.<\/p>\n<p>Bem-vindo \u00e0 Acino, um ambiente din\u00e2mico e em r\u00e1pido crescimento, onde suas contribui\u00e7\u00f5es podem fazer uma diferen\u00e7a real.<\/p>\n<\/div><\/div>\n\n<div id=\"jobs-archive-0\" class=\"jobs-archive no-top-padding no-bottom-padding acino-grid--first\" data-view=\"jobs-archive\"><div class=\"container\"><form class=\"job-filters\" selectA11y data-search=\"Pesquisar na lista\" data-no-results=\"Nenhum resultado\"><input type=\"search\" id=\"jobSearch\" name=\"jobSearch\" value=\"\" placeholder=\"Search by job title\" \/><div class=\"filter-location\"><strong hidden>Localiza\u00e7\u00f5es<\/strong><div class=\"form-group locations-filter\"><label for=\"formCountries\">Select a location<\/label><select class=\"form-control\" id=\"formCountries\" name=\"formCountries\" multiple data-select-a11y autocomplete=\"off\"><option value=\"257\" data-id=\"257\">Belarus<\/option><option value=\"238\" data-id=\"238\">Egypt<\/option><option value=\"86\" data-id=\"86\">Estonia<\/option><option value=\"87\" data-id=\"87\">Germany<\/option><option value=\"224\" data-id=\"224\">Hybride<\/option><option value=\"89\" data-id=\"89\">Latin America<\/option><option value=\"90\" data-id=\"90\">Middle East, T\u00fcrkiye, and North Africa<\/option><option value=\"85\" data-id=\"85\">Sub-Saharan Africa<\/option><option value=\"91\" data-id=\"91\">Switzerland (Baselland)<\/option><option value=\"88\" data-id=\"88\">Switzerland (Z\u00fcrich)<\/option><option value=\"258\" data-id=\"258\">T\u00fcrkiye (Birgi Mefar)<\/option><option value=\"92\" data-id=\"92\">Ukraine and Eurasian countries<\/option><\/select><\/div><\/div><\/form><div role=\"table\" class=\"jobs-table\" aria-label=\"Carreiras na Acino\"><div role=\"rowgroup\"><div class=\"table-row\" role=\"row\"><div role=\"columnheader\" aria-sort=\"none\">Cargo<\/div><div role=\"columnheader\" aria-sort=\"none\">Employment Type<\/div><div role=\"columnheader\" aria-sort=\"none\">Localiza\u00e7\u00e3o<\/div><\/div><\/div><div role=\"rowgroup\" class=\"job-row stripe-even\" data-locations=\"91\"><div class=\"table-row\" role=\"row\"><div role=\"cell\" class=\"job-title\"><a href=\"https:\/\/acinolatam.com\/pt-br\/jobs\/role\/head-quality-control-qc-100-m-w-d\">Head Quality Control (QC) 100% (m\/w\/d)<\/a><\/div><div role=\"cell\"><span class=\"mobile-label\">Employment Type<\/span>Full-time<\/div><div role=\"cell\"><span class=\"mobile-label\">Localiza\u00e7\u00e3o<\/span><ul><li class=\"location\">Liesberg, Switzerland<\/li><\/ul><\/div><\/div><\/div><div role=\"rowgroup\" class=\"job-row stripe-odd\" data-locations=\"91\"><div class=\"table-row\" role=\"row\"><div role=\"cell\" class=\"job-title\"><a href=\"https:\/\/acinolatam.com\/pt-br\/jobs\/role\/process-expert-100-mwd\">Process Expert 100% (m,w,d)<\/a><\/div><div role=\"cell\"><span class=\"mobile-label\">Employment Type<\/span>Full-time<\/div><div role=\"cell\"><span class=\"mobile-label\">Localiza\u00e7\u00e3o<\/span><ul><li class=\"location\">Liesberg, Switzerland<\/li><\/ul><\/div><\/div><\/div><div role=\"rowgroup\" class=\"job-row stripe-even\" data-locations=\"91\"><div class=\"table-row\" role=\"row\"><div role=\"cell\" class=\"job-title\"><a href=\"https:\/\/acinolatam.com\/pt-br\/jobs\/role\/plant-and-project-engineer-100-m-w-d\">Plant and Project Engineer 100% (m\/w\/d)<\/a><\/div><div role=\"cell\"><span class=\"mobile-label\">Employment Type<\/span>Full-time<\/div><div role=\"cell\"><span class=\"mobile-label\">Localiza\u00e7\u00e3o<\/span><ul><li class=\"location\">Liesberg, Switzerland<\/li><\/ul><\/div><\/div><\/div><div role=\"rowgroup\" class=\"job-row stripe-odd\" data-locations=\"238\"><div class=\"table-row\" role=\"row\"><div role=\"cell\" class=\"job-title\"><a href=\"https:\/\/acinolatam.com\/pt-br\/jobs\/role\/qa-compliance-manager\">QA Compliance Manager<\/a><\/div><div role=\"cell\"><span class=\"mobile-label\">Employment Type<\/span>Full-time<\/div><div role=\"cell\"><span class=\"mobile-label\">Localiza\u00e7\u00e3o<\/span><ul><li class=\"location\">Cairo, Egypt<\/li><\/ul><\/div><\/div><\/div><div role=\"rowgroup\" class=\"job-row stripe-even\" data-locations=\"90\"><div class=\"table-row\" role=\"row\"><div role=\"cell\" class=\"job-title\"><a href=\"https:\/\/acinolatam.com\/pt-br\/jobs\/role\/operations-compliance-gmp-expert\">Operations Compliance &amp; GMP Expert<\/a><\/div><div role=\"cell\"><span class=\"mobile-label\">Employment Type<\/span>Full-time<\/div><div role=\"cell\"><span class=\"mobile-label\">Localiza\u00e7\u00e3o<\/span><ul><li class=\"location\">Dubai, United Arab Emirates<\/li><\/ul><\/div><\/div><\/div><div role=\"rowgroup\" class=\"job-row stripe-odd\" data-locations=\"90\"><div class=\"table-row\" role=\"row\"><div role=\"cell\" class=\"job-title\"><a href=\"https:\/\/acinolatam.com\/pt-br\/jobs\/role\/product-specialist\">Product Specialist<\/a><\/div><div role=\"cell\"><span class=\"mobile-label\">Employment Type<\/span>Full-time<\/div><div role=\"cell\"><span class=\"mobile-label\">Localiza\u00e7\u00e3o<\/span><ul><li class=\"location\">Abu Dhabi, UAE<\/li><\/ul><\/div><\/div><\/div><div role=\"rowgroup\" class=\"job-row stripe-even\" data-locations=\"238,90\"><div class=\"table-row\" role=\"row\"><div role=\"cell\" class=\"job-title\"><a href=\"https:\/\/acinolatam.com\/pt-br\/jobs\/role\/regulatory-affairs-associate-gulf\">Regulatory Affairs Associate, Gulf<\/a><\/div><div role=\"cell\"><span class=\"mobile-label\">Employment Type<\/span>Full-time<\/div><div role=\"cell\"><span class=\"mobile-label\">Localiza\u00e7\u00e3o<\/span><ul><li class=\"location\">Cairo, Egypt<\/li><\/ul><\/div><\/div><\/div><div role=\"rowgroup\" class=\"job-row stripe-odd\" data-locations=\"90\"><div class=\"table-row\" role=\"row\"><div role=\"cell\" class=\"job-title\"><a href=\"https:\/\/acinolatam.com\/pt-br\/jobs\/role\/4376\">Production Operator<\/a><\/div><div role=\"cell\"><span class=\"mobile-label\">Employment Type<\/span>Full-time<\/div><div role=\"cell\"><span class=\"mobile-label\">Localiza\u00e7\u00e3o<\/span><ul><li class=\"location\">Dubai, United Arab Emirates<\/li><\/ul><\/div><\/div><\/div><div role=\"rowgroup\" class=\"job-row stripe-even\" data-locations=\"91\"><div class=\"table-row\" role=\"row\"><div role=\"cell\" class=\"job-title\"><a href=\"https:\/\/acinolatam.com\/pt-br\/jobs\/role\/elektriker-100-m-w-d\">Elektriker 100 % (m\/w\/d)<\/a><\/div><div role=\"cell\"><span class=\"mobile-label\">Employment Type<\/span>Full-time<\/div><div role=\"cell\"><span class=\"mobile-label\">Localiza\u00e7\u00e3o<\/span><ul><li class=\"location\">Liesberg, Switzerland<\/li><\/ul><\/div><\/div><\/div><div role=\"rowgroup\" class=\"job-row stripe-odd\" data-locations=\"90\"><div class=\"table-row\" role=\"row\"><div role=\"cell\" class=\"job-title\"><a href=\"https:\/\/acinolatam.com\/pt-br\/jobs\/role\/engineering-technician\">Engineering Technician<\/a><\/div><div role=\"cell\"><span class=\"mobile-label\">Employment Type<\/span>Full-time<\/div><div role=\"cell\"><span class=\"mobile-label\">Localiza\u00e7\u00e3o<\/span><ul><li class=\"location\">Dubai, United Arab Emirates<\/li><\/ul><\/div><\/div><\/div><div role=\"rowgroup\" class=\"job-row stripe-even\" data-locations=\"90\"><div class=\"table-row\" role=\"row\"><div role=\"cell\" class=\"job-title\"><a href=\"https:\/\/acinolatam.com\/pt-br\/jobs\/role\/quality-assurance-specialist\">Quality Assurance Specialist<\/a><\/div><div role=\"cell\"><span class=\"mobile-label\">Employment Type<\/span>Full-time<\/div><div role=\"cell\"><span class=\"mobile-label\">Localiza\u00e7\u00e3o<\/span><ul><li class=\"location\">Dubai, United Arab Emirates<\/li><\/ul><\/div><\/div><\/div><div role=\"rowgroup\" class=\"job-row stripe-odd\" data-locations=\"89\"><div class=\"table-row\" role=\"row\"><div role=\"cell\" class=\"job-title\"><a href=\"https:\/\/acinolatam.com\/pt-br\/jobs\/role\/analista-comercial-bi-mexico-candean\">Analista Comercial &amp; BI M\u00e9xico \/ CANDEAN<\/a><\/div><div role=\"cell\"><span class=\"mobile-label\">Employment Type<\/span>Full-time<\/div><div role=\"cell\"><span class=\"mobile-label\">Localiza\u00e7\u00e3o<\/span><ul><li class=\"location\">Panama City, Panama<\/li><\/ul><\/div><\/div><\/div><div role=\"rowgroup\" class=\"job-row stripe-even\" data-locations=\"90\"><div class=\"table-row\" role=\"row\"><div role=\"cell\" class=\"job-title\"><a href=\"https:\/\/acinolatam.com\/pt-br\/jobs\/role\/regional-franchise-head-meta-2\">Regional Franchise Head, META<\/a><\/div><div role=\"cell\"><span class=\"mobile-label\">Employment Type<\/span>Full-time<\/div><div role=\"cell\"><span class=\"mobile-label\">Localiza\u00e7\u00e3o<\/span><ul><li class=\"location\">Saudi Arabia<\/li><\/ul><\/div><\/div><\/div><div role=\"rowgroup\" class=\"job-row stripe-odd\" data-locations=\"90\"><div class=\"table-row\" role=\"row\"><div role=\"cell\" class=\"job-title\"><a href=\"https:\/\/acinolatam.com\/pt-br\/jobs\/role\/operations-expert\">Operations Expert<\/a><\/div><div role=\"cell\"><span class=\"mobile-label\">Employment Type<\/span>Full-time<\/div><div role=\"cell\"><span class=\"mobile-label\">Localiza\u00e7\u00e3o<\/span><ul><li class=\"location\">Dubai, United Arab Emirates<\/li><\/ul><\/div><\/div><\/div><\/div><div class=\"no-jobs-found no-filtered-jobs\" hidden><h2 class=\"title small\">No jobs were found<\/h2><p class=\"text\">Please modify your search criteria and try again..<\/p><\/div><\/div><\/div>\n\n<div id=\"banner-0\" class=\"banner banner-simple wysiwyg use-icon no-top-padding no-bottom-padding acino-block--first\" data-view=\"banner\"><div><div class=\"background bg-accentFour\"><\/div><div class=\"container\"><h2><img loading=\"lazy\" decoding=\"async\" alt=\"\" src=\"https:\/\/assets.acinolatam.com\/wp-content\/uploads\/sites\/3\/2025\/09\/Questions.svg\"  width=\"0\" height=\"0\" \/><span class=\"title small\">N\u00e3o encontrou aqui uma vaga?<\/span><\/h2><div class=\"content\"><img loading=\"lazy\" decoding=\"async\" alt=\"\" src=\"https:\/\/assets.acinolatam.com\/wp-content\/uploads\/sites\/3\/2025\/09\/Questions.svg\"  width=\"0\" height=\"0\" \/><div class=\"wysiwyg-wrapper\"><p>Se voc\u00ea n\u00e3o encontrou uma vaga aqui, n\u00e3o se preocupe, voc\u00ea pode nos enviar seu curr\u00edculo clicando no bot\u00e3o abaixo ou pelo e-mail RecursosHumanosLatam@arceralifesciences.com, e assim voc\u00ea ficar\u00e1 em nossos registros para futuras oportunidades que se ajustem ao seu perfil.<\/p>\n<div class=\"buttons-container\"><a href=\"mailto:RecursosHumanosLATAM@arceralifesciences.com\" class=\"button white-border\">Recursos Humanos LATAM<\/a><\/div><\/div><\/div><\/div><\/div><\/div>\n\n<div id=\"hero-0\" class=\"hero banner stories-disabled no-top-padding no-bottom-padding acino-grid--first\" data-view=\"hero\"><div><span class=\"overlay\" style=\"background: rgba(44, 44, 44, 0.4);\"><\/span><picture class=\"desktop-img\"><source srcset=\"data:image\/gif;base64,R0lGODlhAQABAIAAAAAAAP\/\/\/yH5BAEAAAAALAAAAAABAAEAAAIBRAA7\" data-srcset=\"data:image\/gif;base64,R0lGODlhAQABAIAAAAAAAP\/\/\/yH5BAEAAAAALAAAAAABAAEAAAIBRAA7\" media=\"(max-width: 412px)\" type=\"image\/gif\"\/><source srcset=\"https:\/\/assets.acinolatam.com\/wp-content\/webp-express\/webp-images\/uploads\/sites\/3\/2025\/10\/iStock-2169854796-1536x927.jpg.webp\" media=\"(min-width: 413px)\" type=\"image\/webp\"\/><source srcset=\"https:\/\/assets.acinolatam.com\/wp-content\/uploads\/sites\/3\/2025\/10\/iStock-2169854796-1536x927.jpg\" media=\"(min-width: 413px)\" type=\"image\/jpeg\"\/><img loading=\"lazy\" decoding=\"async\" alt=\"\" src=\"https:\/\/assets.acinolatam.com\/wp-content\/uploads\/sites\/3\/2025\/10\/iStock-2169854796-1536x927.jpg\" width=\"1536\" height=\"927\" style=\"aspect-ratio:1536\/927;\"  \/><\/picture><picture class=\"mobile-img\"><source srcset=\"data:image\/gif;base64,R0lGODlhAQABAIAAAAAAAP\/\/\/yH5BAEAAAAALAAAAAABAAEAAAIBRAA7\" data-srcset=\"data:image\/gif;base64,R0lGODlhAQABAIAAAAAAAP\/\/\/yH5BAEAAAAALAAAAAABAAEAAAIBRAA7\" media=\"(min-width: 413px)\" type=\"image\/gif\"\/><source srcset=\"https:\/\/assets.acinolatam.com\/wp-content\/webp-express\/webp-images\/uploads\/sites\/3\/2025\/10\/iStock-2169854796-412x249.jpg.webp, https:\/\/assets.acinolatam.com\/wp-content\/webp-express\/webp-images\/uploads\/sites\/3\/2025\/10\/iStock-2169854796-scaled.jpg.webp 2x\" media=\"(max-width: 412px)\" type=\"image\/webp\"\/><source srcset=\"https:\/\/assets.acinolatam.com\/wp-content\/uploads\/sites\/3\/2025\/10\/iStock-2169854796-412x249.jpg, https:\/\/assets.acinolatam.com\/wp-content\/uploads\/sites\/3\/2025\/10\/iStock-2169854796-scaled.jpg 2x\" media=\"(max-width: 412px)\" type=\"image\/jpeg\"\/><img loading=\"lazy\" decoding=\"async\" alt=\"\" src=\"https:\/\/assets.acinolatam.com\/wp-content\/uploads\/sites\/3\/2025\/10\/iStock-2169854796-412x249.jpg\" width=\"412\" height=\"249\" style=\"aspect-ratio:412\/249;\"  \/><\/picture><div class=\"hero-title mobile\"><p>Programas de est\u00e1gio<\/p>\n<\/div><\/div><div class=\"hero-content container\"><div class=\"hero-title desktop\"><p>Programas de est\u00e1gio<\/p>\n<\/div><\/div><\/div>\n\n<div id=\"banner-0\" class=\"banner banner-simple wysiwyg use-icon no-top-padding no-bottom-padding acino-block--first\" data-view=\"banner\"><div><div class=\"background bg-secondary\"><\/div><div class=\"container\"><h2><img loading=\"lazy\" decoding=\"async\" alt=\"\" src=\"https:\/\/assets.acinolatam.com\/wp-content\/uploads\/sites\/3\/2025\/09\/JoinUs.svg\"  width=\"0\" height=\"0\" \/><span class=\"title small\">Programas de est\u00e1gio<\/span><\/h2><div class=\"content\"><img loading=\"lazy\" decoding=\"async\" alt=\"\" src=\"https:\/\/assets.acinolatam.com\/wp-content\/uploads\/sites\/3\/2025\/09\/JoinUs.svg\"  width=\"0\" height=\"0\" \/><div class=\"wysiwyg-wrapper\"><p>Na Acino, o talento \u00e9 muito importante, mas o seu desenvolvimento \u00e9 ainda mais importante. \u00c9 por isso que temos um programa de est\u00e1gios que oferece uma experi\u00eancia excepcional em muitas \u00e1reas, com o objetivo de promover a inser\u00e7\u00e3o profissional de estudantes universit\u00e1rios e o desenvolvimento de compet\u00eancias.<\/p>\n<div class=\"buttons-container\"><a href=\"mailto:RecursosHumanosLATAM@arceralifesciences.com\" class=\"button white-border\">Enviar Curr\u00edculo<\/a><\/div><\/div><\/div><\/div><\/div><\/div>","protected":false},"excerpt":{"rendered":"","protected":false},"author":1,"featured_media":0,"parent":0,"menu_order":0,"comment_status":"closed","ping_status":"closed","template":"templates\/jobs-archive.php","meta":{"_acf_changed":false,"footnotes":""},"class_list":["post-155","page","type-page","status-publish","hentry"],"acf":[],"_links":{"self":[{"href":"https:\/\/acinolatam.com\/pt-br\/wp-json\/wp\/v2\/pages\/155","targetHints":{"allow":["GET"]}}],"collection":[{"href":"https:\/\/acinolatam.com\/pt-br\/wp-json\/wp\/v2\/pages"}],"about":[{"href":"https:\/\/acinolatam.com\/pt-br\/wp-json\/wp\/v2\/types\/page"}],"author":[{"embeddable":true,"href":"https:\/\/acinolatam.com\/pt-br\/wp-json\/wp\/v2\/users\/1"}],"replies":[{"embeddable":true,"href":"https:\/\/acinolatam.com\/pt-br\/wp-json\/wp\/v2\/comments?post=155"}],"version-history":[{"count":9,"href":"https:\/\/acinolatam.com\/pt-br\/wp-json\/wp\/v2\/pages\/155\/revisions"}],"predecessor-version":[{"id":1931,"href":"https:\/\/acinolatam.com\/pt-br\/wp-json\/wp\/v2\/pages\/155\/revisions\/1931"}],"wp:attachment":[{"href":"https:\/\/acinolatam.com\/pt-br\/wp-json\/wp\/v2\/media?parent=155"}],"curies":[{"name":"wp","href":"https:\/\/api.w.org\/{rel}","templated":true}]}}