{"id":1670,"date":"2025-10-22T17:14:25","date_gmt":"2025-10-22T17:14:25","guid":{"rendered":"https:\/\/acinolatam.com\/?page_id=1670"},"modified":"2025-11-06T17:16:22","modified_gmt":"2025-11-06T17:16:22","slug":"seja-nosso-parceiro","status":"publish","type":"page","link":"https:\/\/acinolatam.com\/pt-br\/seja-nosso-parceiro\/","title":{"rendered":"Seja nosso parceiro"},"content":{"rendered":"<div id=\"banner-0\" class=\"banner banner-simple wysiwyg use-icon acino-block--first\" data-view=\"banner\"><div><div class=\"background bg-accentTwo\"><\/div><div class=\"container\"><h2><img loading=\"lazy\" decoding=\"async\" alt=\"\" src=\"https:\/\/assets.acinolatam.com\/wp-content\/uploads\/sites\/3\/2025\/09\/PartnerWithUs.svg\"  width=\"0\" height=\"0\" \/><span class=\"title small\">Seja nosso parceiro<\/span><\/h2><div class=\"content\"><img loading=\"lazy\" decoding=\"async\" alt=\"\" src=\"https:\/\/assets.acinolatam.com\/wp-content\/uploads\/sites\/3\/2025\/09\/PartnerWithUs.svg\"  width=\"0\" height=\"0\" \/><div class=\"wysiwyg-wrapper\"><p>Acreditamos na forma\u00e7\u00e3o de parcerias para a expans\u00e3o de nosso portf\u00f3lio de produtos, na aquisi\u00e7\u00e3o de tecnologias exclusivas de administra\u00e7\u00e3o de medicamentos e em dossi\u00eas espec\u00edficos que atendam aos nossos planos comerciais. Prestamos servi\u00e7os de fabrica\u00e7\u00e3o por contrato, oferecemos produtos por meio de acordos de distribui\u00e7\u00e3o, bem como por meio de licenciamento e concess\u00e3o de licen\u00e7as. Buscamos relacionamentos duradouros com fornecedores, distribuidores e clientes.<\/p>\n<\/div><\/div><\/div><\/div><\/div>\n\n<div id=\"contact-form-0\" class=\"contact-form acino-block--first\" data-view=\"contact-form\"><div class=\"container\"><p class=\"wpcf7-contact-form-not-found\"><strong>Erro:<\/strong> Formul\u00e1rio de contato n\u00e3o encontrado.<\/p><\/div><\/div>","protected":false},"excerpt":{"rendered":"","protected":false},"author":46,"featured_media":0,"parent":0,"menu_order":0,"comment_status":"closed","ping_status":"closed","template":"","meta":{"_acf_changed":false,"footnotes":""},"class_list":["post-1670","page","type-page","status-publish","hentry"],"acf":[],"_links":{"self":[{"href":"https:\/\/acinolatam.com\/pt-br\/wp-json\/wp\/v2\/pages\/1670","targetHints":{"allow":["GET"]}}],"collection":[{"href":"https:\/\/acinolatam.com\/pt-br\/wp-json\/wp\/v2\/pages"}],"about":[{"href":"https:\/\/acinolatam.com\/pt-br\/wp-json\/wp\/v2\/types\/page"}],"author":[{"embeddable":true,"href":"https:\/\/acinolatam.com\/pt-br\/wp-json\/wp\/v2\/users\/46"}],"replies":[{"embeddable":true,"href":"https:\/\/acinolatam.com\/pt-br\/wp-json\/wp\/v2\/comments?post=1670"}],"version-history":[{"count":2,"href":"https:\/\/acinolatam.com\/pt-br\/wp-json\/wp\/v2\/pages\/1670\/revisions"}],"predecessor-version":[{"id":1787,"href":"https:\/\/acinolatam.com\/pt-br\/wp-json\/wp\/v2\/pages\/1670\/revisions\/1787"}],"wp:attachment":[{"href":"https:\/\/acinolatam.com\/pt-br\/wp-json\/wp\/v2\/media?parent=1670"}],"curies":[{"name":"wp","href":"https:\/\/api.w.org\/{rel}","templated":true}]}}