{"id":342,"date":"2025-07-02T08:12:52","date_gmt":"2025-07-02T08:12:52","guid":{"rendered":"https:\/\/acinolatam.com\/?page_id=342"},"modified":"2025-10-02T17:54:21","modified_gmt":"2025-10-02T17:54:21","slug":"nossa-lideranca","status":"publish","type":"page","link":"https:\/\/acinolatam.com\/pt-br\/nossa-lideranca\/","title":{"rendered":"Nossa Lideran\u00e7a"},"content":{"rendered":"<div id=\"list-management-0\" class=\"list-management wysiwyg acino-grid--first\" data-view=\"list-management\"><div class=\"profiles\"><div class=\"type-title\"><div class=\"shape-container\"><svg xmlns=\"http:\/\/www.w3.org\/2000\/svg\" aria-hidden=\"true\" class=\"desktop\" viewBox=\"0 0 974 810\"><ellipse cx=\"567.966\" cy=\"278.873\" rx=\"567.966\" ry=\"278.873\" transform=\"matrix(0.801593 -0.597871 0.612685 0.790328 -139 524.141)\" fill=\"#e0004d\"><\/ellipse><\/svg><svg xmlns=\"http:\/\/www.w3.org\/2000\/svg\" aria-hidden=\"true\" class=\"mobile\" viewBox=\"0 0 450 521\"><ellipse cx=\"308.282\" cy=\"151.368\" rx=\"308.282\" ry=\"151.368\" transform=\"matrix(0.611313 -0.791389 0.802628 0.59648 -85 413.942)\" fill=\"#e0004d\"><\/ellipse><\/svg><\/div><div class=\"container\"><strong class=\"title medium\">Equipe de Lideran\u00e7a<\/strong><\/div><\/div><div class=\"container\"><div class=\"profile open\"><div><img loading=\"lazy\" decoding=\"async\" alt=\"\" src=\"https:\/\/assets.acinolatam.com\/wp-content\/uploads\/sites\/3\/2025\/09\/master_andres-1.png\" width=\"400\" height=\"400\" style=\"aspect-ratio:400\/400;\"  \/><\/div><div><div class=\"management-profile-top\"><img loading=\"lazy\" decoding=\"async\" alt=\"\" src=\"https:\/\/assets.acinolatam.com\/wp-content\/uploads\/sites\/3\/2025\/09\/master_andres-1.png\" width=\"400\" height=\"400\" style=\"aspect-ratio:400\/400;\"  \/><div><h2 class=\"title medium\">Andr\u00e9s Garc\u00eda Baquero<\/h2><p class=\"text\">Head LATAM na Acino e M8, Parte da Arcera<\/p><button type=\"button\" aria-expanded=\"true\" aria-label=\"Expand\/Contract profile\"><svg width=\"26\" height=\"26\" viewBox=\"0 0 26 26\" fill=\"none\" xmlns=\"http:\/\/www.w3.org\/2000\/svg\"><path d=\"M14 0H12V26H14V0Z\" fill=\"var(--accordionOpen)\"><\/path><path d=\"M26 12H0V14H26V12Z\" fill=\"var(--accordionOpen)\"><\/path><\/svg><\/button><\/div><\/div><div class=\"management-profile-inner wysiwyg-wrapper\"><p>Mestrado em Administra\u00e7\u00e3o de Empresas (MBA) em Marketing pela Universitat de Lleida<\/p>\n<p>Especializa\u00e7\u00e3o em Gest\u00e3o de Marketing Internacional pela Stetson University<\/p>\n<ul><li><p><strong>2023-25<\/strong><span><\/span><\/p><p>Vice-presidente de vendas para a Am\u00e9rica Latina na P&amp;G Health<\/p>\n<\/li><li><p><strong>2018-23<\/strong><span><\/span><\/p><p>Gerente Geral do M\u00e9xico na P&amp;G Health<\/p>\n<\/li><li><p><strong>2017-18<\/strong><span><\/span><\/p><p>Gerente Geral M\u00e9xico e Am\u00e9rica Central\/Caribe no Grupo Merck<\/p>\n<\/li><li><p><strong>2013-16<\/strong><span><\/span><\/p><p>Gerente Geral da Col\u00f4mbia, Equador, Venezuela, Peru, Bol\u00edvia e Chile no Grupo Merck<\/p>\n<\/li><li><p><strong>2008-13<\/strong><span><\/span><\/p><p>Gerente Geral da Genfar Venezuela na Sanofi<\/p>\n<\/li><\/ul><\/div><\/div><\/div><div class=\"profile\"><div><img loading=\"lazy\" decoding=\"async\" alt=\"\" src=\"https:\/\/assets.acinolatam.com\/wp-content\/uploads\/sites\/3\/2025\/09\/master_Roger.png\" width=\"400\" height=\"400\" style=\"aspect-ratio:400\/400;\"  \/><\/div><div><div class=\"management-profile-top\"><img loading=\"lazy\" decoding=\"async\" alt=\"\" src=\"https:\/\/assets.acinolatam.com\/wp-content\/uploads\/sites\/3\/2025\/09\/master_Roger.png\" width=\"400\" height=\"400\" style=\"aspect-ratio:400\/400;\"  \/><div><h2 class=\"title medium\">Rogelio Sandoval<\/h2><p class=\"text\">Diretor Financeiro LATAM na Acino, parte da Arcera<\/p><button type=\"button\" aria-expanded=\"false\" aria-label=\"Expand\/Contract profile\"><svg width=\"26\" height=\"26\" viewBox=\"0 0 26 26\" fill=\"none\" xmlns=\"http:\/\/www.w3.org\/2000\/svg\"><path d=\"M14 0H12V26H14V0Z\" fill=\"var(--accordionOpen)\"><\/path><path d=\"M26 12H0V14H26V12Z\" fill=\"var(--accordionOpen)\"><\/path><\/svg><\/button><\/div><\/div><div class=\"management-profile-inner wysiwyg-wrapper\"  hidden><p>Programa de Gest\u00e3o Avan\u00e7ada, Harvard Business School<\/p>\n<p>Bacharel em Contabilidade pela Universidade Tecnol\u00f3gica do M\u00e9xico (UNITEC)<\/p>\n<ul><li><p><strong>2025-25<\/strong><span><\/span><\/p><p>Diretor Financeiro LATAM na M8 Pharmaceuticals, parte da Arcera<\/p>\n<\/li><li><p><strong>2015-15<\/strong><span><\/span><\/p><p>Diretor, Parceiro de Neg\u00f3cios Financeiros Opera\u00e7\u00f5es Latam na UCB<\/p>\n<\/li><li><p><strong>2014-15<\/strong><span><\/span><\/p><p>Diretor Financeiro LATAM &amp; Am\u00e9rica do Norte EBSS na UCB<\/p>\n<\/li><li><p><strong>2011-14<\/strong><span><\/span><\/p><p>Diretor Financeiro para a Am\u00e9rica Latina na UCB<\/p>\n<\/li><li><p><strong>2006-11<\/strong><span><\/span><\/p><p>Gerente de Controle LATAM na UCB<\/p>\n<\/li><li><p><strong>2004-06<\/strong><span><\/span><\/p><p>Chefe de Relat\u00f3rios Financeiros na Teva Pharmaceuticals<\/p>\n<\/li><\/ul><\/div><\/div><\/div><div class=\"profile\"><div><img loading=\"lazy\" decoding=\"async\" alt=\"\" src=\"https:\/\/assets.acinolatam.com\/wp-content\/uploads\/sites\/3\/2025\/09\/master_Vanesa.png\" width=\"400\" height=\"400\" style=\"aspect-ratio:400\/400;\"  \/><\/div><div><div class=\"management-profile-top\"><img loading=\"lazy\" decoding=\"async\" alt=\"\" src=\"https:\/\/assets.acinolatam.com\/wp-content\/uploads\/sites\/3\/2025\/09\/master_Vanesa.png\" width=\"400\" height=\"400\" style=\"aspect-ratio:400\/400;\"  \/><div><h2 class=\"title medium\">Vanessa Escudero<\/h2><p class=\"text\">Diretor de Recursos Humanos LATAM na Acino, parte da Arcera<\/p><button type=\"button\" aria-expanded=\"false\" aria-label=\"Expand\/Contract profile\"><svg width=\"26\" height=\"26\" viewBox=\"0 0 26 26\" fill=\"none\" xmlns=\"http:\/\/www.w3.org\/2000\/svg\"><path d=\"M14 0H12V26H14V0Z\" fill=\"var(--accordionOpen)\"><\/path><path d=\"M26 12H0V14H26V12Z\" fill=\"var(--accordionOpen)\"><\/path><\/svg><\/button><\/div><\/div><div class=\"management-profile-inner wysiwyg-wrapper\"  hidden><p>Mestrado em Gest\u00e3o de Recursos Humanos pela Central Queensland University, Austr\u00e1lia<\/p>\n<p>Diploma em Recursos Humanos pelo Instituto Tecnol\u00f3gico Aut\u00f3nomo de M\u00e9xico, Cidade do M\u00e9xico<\/p>\n<p>Bacharelado em Administra\u00e7\u00e3o pela Universidad Intercontinental, Cidade do M\u00e9xico<\/p><ul><li><p><strong>2023-25<\/strong><span><\/span><\/p><p>Diretor de Recursos Humanos da M8 Pharmaceuticals, parte da Arcera<\/p>\n<\/li><li><p><strong>2018-23<\/strong><span><\/span><\/p><p>Diretor de Talento, Cultura e Comunica\u00e7\u00e3o Organizacional na El Palacio del Hierro, M\u00e9xico<\/p>\n<\/li><li><p><strong>2014-18<\/strong><span><\/span><\/p><p>Gerente de Desenvolvimento Pessoal e Organizacional na Heineken M\u00e9xico<\/p>\n<\/li><li><p><strong>2010-13<\/strong><span><\/span><\/p><p>Gerente regional de aprendizagem e desenvolvimento para a Am\u00e9rica Latina na RSA, Miami-FL, EUA<\/p>\n<\/li><li><p><strong>2007-10<\/strong><span><\/span><\/p><p>Gerente de Talentos Subdiretor da RSA, M\u00e9xico<\/p>\n<\/li><li><p><strong>2003-07<\/strong><span><\/span><\/p><p>Consultor no Hay Group, M\u00e9xico<\/p>\n<\/li><\/ul><\/div><\/div><\/div><div class=\"profile\"><div><img loading=\"lazy\" decoding=\"async\" alt=\"\" src=\"https:\/\/assets.acinolatam.com\/wp-content\/uploads\/sites\/3\/2025\/09\/master_Saulo.png\" width=\"400\" height=\"400\" style=\"aspect-ratio:400\/400;\"  \/><\/div><div><div class=\"management-profile-top\"><img loading=\"lazy\" decoding=\"async\" alt=\"\" src=\"https:\/\/assets.acinolatam.com\/wp-content\/uploads\/sites\/3\/2025\/09\/master_Saulo.png\" width=\"400\" height=\"400\" style=\"aspect-ratio:400\/400;\"  \/><div><h2 class=\"title medium\">Saulo Xavier<\/h2><p class=\"text\">Head Legal LATAM da Acino, parte da Arcera<\/p><button type=\"button\" aria-expanded=\"false\" aria-label=\"Expand\/Contract profile\"><svg width=\"26\" height=\"26\" viewBox=\"0 0 26 26\" fill=\"none\" xmlns=\"http:\/\/www.w3.org\/2000\/svg\"><path d=\"M14 0H12V26H14V0Z\" fill=\"var(--accordionOpen)\"><\/path><path d=\"M26 12H0V14H26V12Z\" fill=\"var(--accordionOpen)\"><\/path><\/svg><\/button><\/div><\/div><div class=\"management-profile-inner wysiwyg-wrapper\"  hidden><p>Mestrado em Direito do Trabalho pela Pontif\u00edcia Universidade Cat\u00f3lica de S\u00e3o Paulo, Brasil<\/p>\n<p>Especializa\u00e7\u00e3o em Direito Contratual pelo Centro de Direito Americano e Internacional, Texas, EUA<\/p>\n<p>Bacharel em Direito pela Universidade Presbiteriana Mackenzie, Brasil<\/p>\n<ul><li><p><strong>2017-23<\/strong><span><\/span><\/p><p>Gerente jur\u00eddico e diretor de conformidade (BR e MX) na Moksha8 Pharmaceuticals, parte da Arcera<\/p>\n<\/li><li><p><strong>2013-16<\/strong><span><\/span><\/p><p>Gerente Jur\u00eddico da Kimberly-Clark, Brasil<\/p>\n<\/li><li><p><strong>2009-13<\/strong><span><\/span><\/p><p>Advogado s\u00eanior na Kimberly-Clark, Brasil<\/p>\n<\/li><li><p><strong>2006-09<\/strong><span><\/span><\/p><p>Advogado na Kimberly-Clark, Brasil<\/p>\n<\/li><\/ul><\/div><\/div><\/div><div class=\"profile\"><div><img loading=\"lazy\" decoding=\"async\" alt=\"\" src=\"https:\/\/assets.acinolatam.com\/wp-content\/uploads\/sites\/3\/2025\/10\/master_valentina.png\" width=\"400\" height=\"400\" style=\"aspect-ratio:400\/400;\"  \/><\/div><div><div class=\"management-profile-top\"><img loading=\"lazy\" decoding=\"async\" alt=\"\" src=\"https:\/\/assets.acinolatam.com\/wp-content\/uploads\/sites\/3\/2025\/10\/master_valentina.png\" width=\"400\" height=\"400\" style=\"aspect-ratio:400\/400;\"  \/><div><h2 class=\"title medium\">Valentina Mart\u00ednez Lafe\u00e9<\/h2><p class=\"text\">Head de Integridade e Compliance LATAM na Acino, parte da Arcera<\/p><button type=\"button\" aria-expanded=\"false\" aria-label=\"Expand\/Contract profile\"><svg width=\"26\" height=\"26\" viewBox=\"0 0 26 26\" fill=\"none\" xmlns=\"http:\/\/www.w3.org\/2000\/svg\"><path d=\"M14 0H12V26H14V0Z\" fill=\"var(--accordionOpen)\"><\/path><path d=\"M26 12H0V14H26V12Z\" fill=\"var(--accordionOpen)\"><\/path><\/svg><\/button><\/div><\/div><div class=\"management-profile-inner wysiwyg-wrapper\"  hidden><p>Programa de Certifica\u00e7\u00e3o em \u00c9tica e Conformidade na Comply Latam, M\u00e9xico<\/p>\n<p>Gradua\u00e7\u00e3o Especial em Direito Empresarial na Universidade Metropolitana, Venezuela<\/p>\n<p>Bacharelado em Direito pela Universidade Cat\u00f3lica Andr\u00e9s Bello, Venezuela<\/p>\n<ul><li><p><strong>2021-25<\/strong><span><\/span><\/p><p>Diretor Jur\u00eddico e de Conformidade do M\u00e9xico, M8Pharmaceuticals<\/p>\n<\/li><li><p><strong>2018-21<\/strong><span><\/span><\/p><p>Diretor Regional de Conformidade M\u00e9xico, Col\u00f4mbia, CAC, Stendhal, M\u00e9xico<\/p>\n<\/li><li><p><strong>2018-18<\/strong><span><\/span><\/p><p>Analista de Gest\u00e3o Integrada de Conformidade, Bayer, M\u00e9xico<\/p>\n<\/li><li><p><strong>2017-18<\/strong><span><\/span><\/p><p>Parceiro Comercial Jur\u00eddico e de Conformidade, Bayer, Venezuela<\/p>\n<\/li><li><p><strong>2016-17<\/strong><span><\/span><\/p><p>Advogado J\u00fanior, Bayer, Venezuela<\/p>\n<\/li><li><p><strong>2013-14<\/strong><span><\/span><\/p><p>Consultor Jur\u00eddico, BancTrust &amp; Co., Venezuela<\/p>\n<\/li><\/ul><\/div><\/div><\/div><div class=\"profile\"><div><img loading=\"lazy\" decoding=\"async\" alt=\"\" src=\"https:\/\/assets.acinolatam.com\/wp-content\/uploads\/sites\/3\/2025\/09\/master_JoseLuis.png\" width=\"400\" height=\"400\" style=\"aspect-ratio:400\/400;\"  \/><\/div><div><div class=\"management-profile-top\"><img loading=\"lazy\" decoding=\"async\" alt=\"\" src=\"https:\/\/assets.acinolatam.com\/wp-content\/uploads\/sites\/3\/2025\/09\/master_JoseLuis.png\" width=\"400\" height=\"400\" style=\"aspect-ratio:400\/400;\"  \/><div><h2 class=\"title medium\">Jos\u00e9 Lu\u00eds Lopes<\/h2><p class=\"text\">Gerente Geral Brasil da M8 Pharmaceuticals, parte da Arcera<\/p><button type=\"button\" aria-expanded=\"false\" aria-label=\"Expand\/Contract profile\"><svg width=\"26\" height=\"26\" viewBox=\"0 0 26 26\" fill=\"none\" xmlns=\"http:\/\/www.w3.org\/2000\/svg\"><path d=\"M14 0H12V26H14V0Z\" fill=\"var(--accordionOpen)\"><\/path><path d=\"M26 12H0V14H26V12Z\" fill=\"var(--accordionOpen)\"><\/path><\/svg><\/button><\/div><\/div><div class=\"management-profile-inner wysiwyg-wrapper\"  hidden><p>Mestrado em Marketing pela Escola Superior de Publicidade e Marketing de S\u00e3o Paulo, Brasil.<\/p>\n<p>Especializa\u00e7\u00e3o em Gest\u00e3o Industrial pela Escola Polit\u00e9cnica da Universidade de S\u00e3o Paulo, Brasil.<\/p>\n<p>Bacharel em Ci\u00eancias Farmac\u00eauticas pela Universidade de S\u00e3o Paulo, Brasil.<\/p>\n<ul><li><p><strong>2015-24<\/strong><span><\/span><\/p><p>Gerente Geral Brasil da M8 Pharmaceuticals<\/p>\n<\/li><li><p><strong>2013-15<\/strong><span><\/span><\/p><p>Diretor de Opera\u00e7\u00f5es Comerciais, UCB, Brasil<\/p>\n<\/li><li><p><strong>2011-13<\/strong><span><\/span><\/p><p>Diretor-geral para o Brasil e o Cone Sul, Mallinckrodt <\/p>\n<\/li><li><p><strong>2008-10<\/strong><span><\/span><\/p><p>Chefe de Opera\u00e7\u00f5es T\u00e9cnicas, Sandoz, Brasil<\/p>\n<\/li><li><p><strong>2005-08<\/strong><span><\/span><\/p><p>Diretor de Marketing de Especialidades, Sandoz, Brasil<\/p>\n<\/li><li><p><strong>2003-05<\/strong><span><\/span><\/p><p>Diretor de Vendas Institucionais, Novartis, Brasil<\/p>\n<\/li><li><p><strong>2000-02<\/strong><span><\/span><\/p><p>Diretor Regional de Oncologia LATAM, Novartis, Brasil<\/p>\n<\/li><\/ul><\/div><\/div><\/div><div class=\"profile\"><div><img loading=\"lazy\" decoding=\"async\" alt=\"\" src=\"https:\/\/assets.acinolatam.com\/wp-content\/uploads\/sites\/3\/2025\/09\/master_Richard.png\" width=\"400\" height=\"400\" style=\"aspect-ratio:400\/400;\"  \/><\/div><div><div class=\"management-profile-top\"><img loading=\"lazy\" decoding=\"async\" alt=\"\" src=\"https:\/\/assets.acinolatam.com\/wp-content\/uploads\/sites\/3\/2025\/09\/master_Richard.png\" width=\"400\" height=\"400\" style=\"aspect-ratio:400\/400;\"  \/><div><h2 class=\"title medium\">Richard Bueno<\/h2><p class=\"text\">Diretor Executivo da CANDEAN na Acino, parte da Arcera<\/p><button type=\"button\" aria-expanded=\"false\" aria-label=\"Expand\/Contract profile\"><svg width=\"26\" height=\"26\" viewBox=\"0 0 26 26\" fill=\"none\" xmlns=\"http:\/\/www.w3.org\/2000\/svg\"><path d=\"M14 0H12V26H14V0Z\" fill=\"var(--accordionOpen)\"><\/path><path d=\"M26 12H0V14H26V12Z\" fill=\"var(--accordionOpen)\"><\/path><\/svg><\/button><\/div><\/div><div class=\"management-profile-inner wysiwyg-wrapper\"  hidden><p>Bacharel em Engenharia da Computa\u00e7\u00e3o pela Universidade Alejandro Humboldt, Venezuela<\/p>\n<p>Diploma em Marketing pelo Tecnol\u00f3gico de Monterrey, M\u00e9xico<\/p>\n<ul><li><p><strong>2023-23<\/strong><span><\/span><\/p><p>Diretor de Desenvolvimento de Neg\u00f3cios e Estrat\u00e9gia de Portf\u00f3lio CANDEAN, Acino, Panam\u00e1<\/p>\n<\/li><li><p><strong>2020-23<\/strong><span><\/span><\/p><p>Diretor Comercial e de Alian\u00e7as para a Am\u00e9rica Latina, Acino, Panam\u00e1<\/p>\n<\/li><li><p><strong>2017-19<\/strong><span><\/span><\/p><p>Gerente de Marketing LATAM e Diretor Comercial do Caribe, Acino, Panam\u00e1<\/p>\n<\/li><li><p><strong>2016-17<\/strong><span><\/span><\/p><p>Gerente de Produto e Gerente de Marketing Comercial LATAM, Acino, Panam\u00e1<\/p>\n<\/li><li><p><strong>2014-16<\/strong><span><\/span><\/p><p>Gerente de Marketing do Grupo OTC, Sanofi, Venezuela<\/p>\n<\/li><li><p><strong>2011-14<\/strong><span><\/span><\/p><p>Gerente de Marketing Comercial, Sanofi, Venezuela<\/p>\n<\/li><li><p><strong>2006-11<\/strong><span><\/span><\/p><p>V\u00e1rios cargos internos, Unilever, Venezuela<\/p>\n<\/li><\/ul><\/div><\/div><\/div><div class=\"profile\"><div><img loading=\"lazy\" decoding=\"async\" alt=\"\" src=\"https:\/\/assets.acinolatam.com\/wp-content\/uploads\/sites\/3\/2025\/09\/master_tales.png\" width=\"400\" height=\"400\" style=\"aspect-ratio:400\/400;\"  \/><\/div><div><div class=\"management-profile-top\"><img loading=\"lazy\" decoding=\"async\" alt=\"\" src=\"https:\/\/assets.acinolatam.com\/wp-content\/uploads\/sites\/3\/2025\/09\/master_tales.png\" width=\"400\" height=\"400\" style=\"aspect-ratio:400\/400;\"  \/><div><h2 class=\"title medium\">Tales Rabelo<\/h2><p class=\"text\">Head de Qualidade LATAM na Acino, parte da Arcera<\/p><button type=\"button\" aria-expanded=\"false\" aria-label=\"Expand\/Contract profile\"><svg width=\"26\" height=\"26\" viewBox=\"0 0 26 26\" fill=\"none\" xmlns=\"http:\/\/www.w3.org\/2000\/svg\"><path d=\"M14 0H12V26H14V0Z\" fill=\"var(--accordionOpen)\"><\/path><path d=\"M26 12H0V14H26V12Z\" fill=\"var(--accordionOpen)\"><\/path><\/svg><\/button><\/div><\/div><div class=\"management-profile-inner wysiwyg-wrapper\"  hidden><p>Certificado como Profissional em Gest\u00e3o de Projetos (PMP\u00ae) pelo PMI, licen\u00e7a v\u00e1lida n.\u00ba 1747354.<\/p>\n<p>Especializa\u00e7\u00e3o em Qualidade e Produtividade pela Escola Polit\u00e9cnica da USP, Brasil.<\/p>\n<p>MBA Executivo pela Funda\u00e7\u00e3o Getulio Vargas, Brasil.<\/p>\n<p>Mestrado em Propriedade Intelectual pela Funda\u00e7\u00e3o Armando Alvares Penteado, Brasil.<\/p>\n<p>Gradua\u00e7\u00e3o em Farm\u00e1cia Industrial pelas Faculdades Oswaldo Cruz, Brasil.<\/p>\n<ul><li><p><strong>2019-24<\/strong><span><\/span><\/p><p>Chefe de Assuntos Regulat\u00f3rios, Sistema de Qualidade e Farmacovigil\u00e2ncia Brasil, M8 Pharmaceuticals<\/p>\n<\/li><li><p><strong>2016-19<\/strong><span><\/span><\/p><p>Gerente s\u00eanior de assuntos regulat\u00f3rios Brasil, M8 Pharmaceuticals<\/p>\n<\/li><li><p><strong>2013-16<\/strong><span><\/span><\/p><p>Gerente de Projetos &#8211; Diretor de Desenvolvimento de Neg\u00f3cios e Licenciamento, UCB, Brasil<\/p>\n<\/li><li><p><strong>2012-13<\/strong><span><\/span><\/p><p>Coordenador de Assuntos Regulat\u00f3rios, Takeda, Brasil<\/p>\n<\/li><li><p><strong>2010-12<\/strong><span><\/span><\/p><p>PMO &#8211; Coordenador de Projetos em Andamento, Takeda, Brasil<\/p>\n<\/li><li><p><strong>2009-10<\/strong><span><\/span><\/p><p>Coordenador de Patentes Farmac\u00eauticas, EMS, Brasil<\/p>\n<\/li><li><p><strong>2008-09<\/strong><span><\/span><\/p><p>Consultor de patentes, Veirano Advogados, Brasil<\/p>\n<\/li><\/ul><\/div><\/div><\/div><div class=\"profile\"><div><img loading=\"lazy\" decoding=\"async\" alt=\"\" src=\"https:\/\/assets.acinolatam.com\/wp-content\/uploads\/sites\/3\/2025\/09\/master_alejandro-1.png\" width=\"400\" height=\"400\" style=\"aspect-ratio:400\/400;\"  \/><\/div><div><div class=\"management-profile-top\"><img loading=\"lazy\" decoding=\"async\" alt=\"\" src=\"https:\/\/assets.acinolatam.com\/wp-content\/uploads\/sites\/3\/2025\/09\/master_alejandro-1.png\" width=\"400\" height=\"400\" style=\"aspect-ratio:400\/400;\"  \/><div><h2 class=\"title medium\">Alejandro Barrera<\/h2><p class=\"text\">Head de Supply Chain LATAM na Acino, parte da Arcera<\/p><button type=\"button\" aria-expanded=\"false\" aria-label=\"Expand\/Contract profile\"><svg width=\"26\" height=\"26\" viewBox=\"0 0 26 26\" fill=\"none\" xmlns=\"http:\/\/www.w3.org\/2000\/svg\"><path d=\"M14 0H12V26H14V0Z\" fill=\"var(--accordionOpen)\"><\/path><path d=\"M26 12H0V14H26V12Z\" fill=\"var(--accordionOpen)\"><\/path><\/svg><\/button><\/div><\/div><div class=\"management-profile-inner wysiwyg-wrapper\"  hidden><p>Planejamento e Gest\u00e3o de Estoques pela APICS, EUA<\/p>\n<p>Profissional de Cadeia de Suprimentos pela APICS, EUA<\/p>\n<p>Mestre em Economia e Engenharia Financeira pela Universidad La Salle, M\u00e9xico<\/p>\n<p>Bacharel em Contabilidade P\u00fablica pela Universidad Tecnol\u00f3gica de M\u00e9xico<\/p>\n<ul><li><p><strong>2023-24<\/strong><span><\/span><\/p><p>Chefe da Cadeia de Abastecimento, M8 Pharmaceuticals<\/p>\n<\/li><li><p><strong>2019-23<\/strong><span><\/span><\/p><p>Chefe da Cadeia de Abastecimento, UCB, EUA<\/p>\n<\/li><li><p><strong>2017-19<\/strong><span><\/span><\/p><p>Chefe de Distribui\u00e7\u00e3o e Conformidade Comercial, UCB, EUA<\/p>\n<\/li><li><p><strong>2015-17<\/strong><span><\/span><\/p><p>Gerente s\u00eanior, Distribui\u00e7\u00e3o e Suporte Operacional, UCB, EUA<\/p>\n<\/li><li><p><strong>2012-14<\/strong><span><\/span><\/p><p>Gerente de Cadeia de Suprimentos, UCB, EUA<\/p>\n<\/li><li><p><strong>2008-12<\/strong><span><\/span><\/p><p>Gerente de Cadeia de Suprimentos, UCB, M\u00e9xico<\/p>\n<\/li><li><p><strong>2006-08<\/strong><span><\/span><\/p><p>Controlador de neg\u00f3cios, UCB, M\u00e9xico<\/p>\n<\/li><\/ul><\/div><\/div><\/div><\/div><\/div><\/div>","protected":false},"excerpt":{"rendered":"","protected":false},"author":3,"featured_media":0,"parent":0,"menu_order":0,"comment_status":"closed","ping_status":"closed","template":"","meta":{"_acf_changed":false,"footnotes":""},"class_list":["post-342","page","type-page","status-publish","hentry"],"acf":[],"_links":{"self":[{"href":"https:\/\/acinolatam.com\/pt-br\/wp-json\/wp\/v2\/pages\/342","targetHints":{"allow":["GET"]}}],"collection":[{"href":"https:\/\/acinolatam.com\/pt-br\/wp-json\/wp\/v2\/pages"}],"about":[{"href":"https:\/\/acinolatam.com\/pt-br\/wp-json\/wp\/v2\/types\/page"}],"author":[{"embeddable":true,"href":"https:\/\/acinolatam.com\/pt-br\/wp-json\/wp\/v2\/users\/3"}],"replies":[{"embeddable":true,"href":"https:\/\/acinolatam.com\/pt-br\/wp-json\/wp\/v2\/comments?post=342"}],"version-history":[{"count":3,"href":"https:\/\/acinolatam.com\/pt-br\/wp-json\/wp\/v2\/pages\/342\/revisions"}],"predecessor-version":[{"id":1264,"href":"https:\/\/acinolatam.com\/pt-br\/wp-json\/wp\/v2\/pages\/342\/revisions\/1264"}],"wp:attachment":[{"href":"https:\/\/acinolatam.com\/pt-br\/wp-json\/wp\/v2\/media?parent=342"}],"curies":[{"name":"wp","href":"https:\/\/api.w.org\/{rel}","templated":true}]}}