{"id":354,"date":"2025-07-01T14:57:41","date_gmt":"2025-07-01T14:57:41","guid":{"rendered":"https:\/\/acinolatam.com\/?page_id=354"},"modified":"2026-02-20T15:44:37","modified_gmt":"2026-02-20T15:44:37","slug":"nossa-cultura","status":"publish","type":"page","link":"https:\/\/acinolatam.com\/pt-br\/nossa-cultura\/","title":{"rendered":"Nossa Cultura"},"content":{"rendered":"<div id=\"text-block-0\" class=\"text-block wysiwyg acino-block--first\" data-view=\"text-block\"><div class=\"container wysiwyg-wrapper\"><h2><span class=\"text-grey text-accentFour\">Nosso prop\u00f3sito<\/span><\/h2>\n<p>Tornar medicamentos de alta qualidade acess\u00edveis para pacientes e profissionais de sa\u00fade em mercados emergentes.<br \/>\nSer o parceiro preferencial para fabrica\u00e7\u00e3o sob contrato e concess\u00e3o de licen\u00e7as de alta qualidade.<\/p>\n<\/div><\/div>\n\n<div id=\"text-block-0\" class=\"text-block wysiwyg acino-block--first\" data-view=\"text-block\"><div class=\"container wysiwyg-wrapper\"><h2><span class=\"text-grey text-accentFour\">Nossos valores<\/span><\/h2>\n<p>Nossos valores s\u00e3o uma parte fundamental da nossa cultura e do nosso neg\u00f3cio. Eles descrevem quem somos, o que defendemos e s\u00e3o um guia para o que devemos aspirar alcan\u00e7ar em nossas a\u00e7\u00f5es di\u00e1rias.<\/p>\n<\/div><\/div>\n\n<div id=\"multi-column-layout-0\" class=\"multi-column-layout wysiwyg no-top-padding no-bottom-padding asset-type-image acino-block--first\" data-view=\"multi-column-layout\"><div class=\"container\"><ul><li><div><picture class=\"desktop-img\"><source srcset=\"data:image\/gif;base64,R0lGODlhAQABAIAAAAAAAP\/\/\/yH5BAEAAAAALAAAAAABAAEAAAIBRAA7\" data-srcset=\"data:image\/gif;base64,R0lGODlhAQABAIAAAAAAAP\/\/\/yH5BAEAAAAALAAAAAABAAEAAAIBRAA7\" media=\"(max-width: 412px)\" type=\"image\/gif\"\/><source srcset=\"https:\/\/assets.acinolatam.com\/wp-content\/uploads\/sites\/3\/2025\/09\/trust_arcera-2.svg\" media=\"(min-width: 413px)\" type=\"image\/svg+xml\"\/><img loading=\"lazy\" decoding=\"async\" alt=\"\" src=\"https:\/\/assets.acinolatam.com\/wp-content\/uploads\/sites\/3\/2025\/09\/trust_arcera-2.svg\"  width=\"1\" height=\"1\" \/><\/picture><picture class=\"mobile-img\"><source srcset=\"data:image\/gif;base64,R0lGODlhAQABAIAAAAAAAP\/\/\/yH5BAEAAAAALAAAAAABAAEAAAIBRAA7\" data-srcset=\"data:image\/gif;base64,R0lGODlhAQABAIAAAAAAAP\/\/\/yH5BAEAAAAALAAAAAABAAEAAAIBRAA7\" media=\"(min-width: 413px)\" type=\"image\/gif\"\/><source srcset=\"https:\/\/assets.acinolatam.com\/wp-content\/uploads\/sites\/3\/2025\/09\/trust_arcera-2.svg, https:\/\/assets.acinolatam.com\/wp-content\/uploads\/sites\/3\/2025\/09\/trust_arcera-2.svg 2x\" media=\"(max-width: 412px)\" type=\"image\/svg+xml\"\/><img loading=\"lazy\" decoding=\"async\" alt=\"\" src=\"https:\/\/assets.acinolatam.com\/wp-content\/uploads\/sites\/3\/2025\/09\/trust_arcera-2.svg\"  width=\"1\" height=\"1\" \/><\/picture><div class=\"wysiwyg-wrapper item-text\"><h3 style=\"text-align: center\"><span class=\"text-grey text-accentFour\">Confian\u00e7a<\/span><\/h3>\n<p style=\"text-align: center\">Compromisso com a transpar\u00eancia, a integridade e a responsabilidade em cada intera\u00e7\u00e3o, criando rela\u00e7\u00f5es duradouras com as partes interessadas com base no respeito m\u00fatuo, na coer\u00eancia, na confiabilidade e guiadas por pr\u00e1ticas \u00e9ticas s\u00f3lidas.<\/p>\n<\/div><\/div><\/li><li><div><picture class=\"desktop-img\"><source srcset=\"data:image\/gif;base64,R0lGODlhAQABAIAAAAAAAP\/\/\/yH5BAEAAAAALAAAAAABAAEAAAIBRAA7\" data-srcset=\"data:image\/gif;base64,R0lGODlhAQABAIAAAAAAAP\/\/\/yH5BAEAAAAALAAAAAABAAEAAAIBRAA7\" media=\"(max-width: 412px)\" type=\"image\/gif\"\/><source srcset=\"https:\/\/assets.acinolatam.com\/wp-content\/uploads\/sites\/3\/2025\/09\/agility_arcera.svg\" media=\"(min-width: 413px)\" type=\"image\/svg+xml\"\/><img loading=\"lazy\" decoding=\"async\" alt=\"\" src=\"https:\/\/assets.acinolatam.com\/wp-content\/uploads\/sites\/3\/2025\/09\/agility_arcera.svg\"  width=\"1\" height=\"1\" \/><\/picture><picture class=\"mobile-img\"><source srcset=\"data:image\/gif;base64,R0lGODlhAQABAIAAAAAAAP\/\/\/yH5BAEAAAAALAAAAAABAAEAAAIBRAA7\" data-srcset=\"data:image\/gif;base64,R0lGODlhAQABAIAAAAAAAP\/\/\/yH5BAEAAAAALAAAAAABAAEAAAIBRAA7\" media=\"(min-width: 413px)\" type=\"image\/gif\"\/><source srcset=\"https:\/\/assets.acinolatam.com\/wp-content\/uploads\/sites\/3\/2025\/09\/agility_arcera.svg, https:\/\/assets.acinolatam.com\/wp-content\/uploads\/sites\/3\/2025\/09\/agility_arcera.svg 2x\" media=\"(max-width: 412px)\" type=\"image\/svg+xml\"\/><img loading=\"lazy\" decoding=\"async\" alt=\"\" src=\"https:\/\/assets.acinolatam.com\/wp-content\/uploads\/sites\/3\/2025\/09\/agility_arcera.svg\"  width=\"1\" height=\"1\" \/><\/picture><div class=\"wysiwyg-wrapper item-text\"><h3 style=\"text-align: center\"><span class=\"text-grey text-accentFour\">Agilidade<\/span><\/h3>\n<p style=\"text-align: center\">Determina\u00e7\u00e3o para enfrentar os desafios e aproveitar as oportunidades em um ambiente em constante mudan\u00e7a. Nossa flexibilidade nos permite prever e nos adaptar rapidamente \u00e0 din\u00e2mica do mercado, mantendo-nos resilientes e focados em gerar valor para nossos clientes e acionistas, para finalmente impactar positivamente a vida dos pacientes.<\/p>\n<\/div><\/div><\/li><\/ul><\/div><\/div>\n\n<div id=\"multi-column-layout-0\" class=\"multi-column-layout wysiwyg asset-type-image acino-block--first\" data-view=\"multi-column-layout\"><div class=\"container\"><ul><li><div><picture class=\"desktop-img\"><source srcset=\"data:image\/gif;base64,R0lGODlhAQABAIAAAAAAAP\/\/\/yH5BAEAAAAALAAAAAABAAEAAAIBRAA7\" data-srcset=\"data:image\/gif;base64,R0lGODlhAQABAIAAAAAAAP\/\/\/yH5BAEAAAAALAAAAAABAAEAAAIBRAA7\" media=\"(max-width: 412px)\" type=\"image\/gif\"\/><source srcset=\"https:\/\/assets.acinolatam.com\/wp-content\/uploads\/sites\/3\/2025\/09\/innovation_arcera.svg\" media=\"(min-width: 413px)\" type=\"image\/svg+xml\"\/><img loading=\"lazy\" decoding=\"async\" alt=\"\" src=\"https:\/\/assets.acinolatam.com\/wp-content\/uploads\/sites\/3\/2025\/09\/innovation_arcera.svg\"  width=\"1\" height=\"1\" \/><\/picture><picture class=\"mobile-img\"><source srcset=\"data:image\/gif;base64,R0lGODlhAQABAIAAAAAAAP\/\/\/yH5BAEAAAAALAAAAAABAAEAAAIBRAA7\" data-srcset=\"data:image\/gif;base64,R0lGODlhAQABAIAAAAAAAP\/\/\/yH5BAEAAAAALAAAAAABAAEAAAIBRAA7\" media=\"(min-width: 413px)\" type=\"image\/gif\"\/><source srcset=\"https:\/\/assets.acinolatam.com\/wp-content\/uploads\/sites\/3\/2025\/09\/innovation_arcera.svg, https:\/\/assets.acinolatam.com\/wp-content\/uploads\/sites\/3\/2025\/09\/innovation_arcera.svg 2x\" media=\"(max-width: 412px)\" type=\"image\/svg+xml\"\/><img loading=\"lazy\" decoding=\"async\" alt=\"\" src=\"https:\/\/assets.acinolatam.com\/wp-content\/uploads\/sites\/3\/2025\/09\/innovation_arcera.svg\"  width=\"1\" height=\"1\" \/><\/picture><div class=\"wysiwyg-wrapper item-text\"><h3 style=\"text-align: center\"><span class=\"text-grey text-accentFour\">Inova\u00e7\u00e3o<\/span><\/h3>\n<p style=\"text-align: center\">Nosso foco \u00e9 reduzir o impacto das doen\u00e7as nos pacientes e apoiar os sistemas de sa\u00fade por meio da diferencia\u00e7\u00e3o de produtos e de uma abordagem de mercado. Promovemos solu\u00e7\u00f5es de ponta e automa\u00e7\u00e3o para melhorar a efici\u00eancia operacional e cumprir nosso compromisso com a sustentabilidade.<\/p>\n<\/div><\/div><\/li><li><div><picture class=\"desktop-img\"><source srcset=\"data:image\/gif;base64,R0lGODlhAQABAIAAAAAAAP\/\/\/yH5BAEAAAAALAAAAAABAAEAAAIBRAA7\" data-srcset=\"data:image\/gif;base64,R0lGODlhAQABAIAAAAAAAP\/\/\/yH5BAEAAAAALAAAAAABAAEAAAIBRAA7\" media=\"(max-width: 412px)\" type=\"image\/gif\"\/><source srcset=\"https:\/\/assets.acinolatam.com\/wp-content\/uploads\/sites\/3\/2025\/09\/collaboration_arcera-3.svg\" media=\"(min-width: 413px)\" type=\"image\/svg+xml\"\/><img loading=\"lazy\" decoding=\"async\" alt=\"\" src=\"https:\/\/assets.acinolatam.com\/wp-content\/uploads\/sites\/3\/2025\/09\/collaboration_arcera-3.svg\"  width=\"1\" height=\"1\" \/><\/picture><picture class=\"mobile-img\"><source srcset=\"data:image\/gif;base64,R0lGODlhAQABAIAAAAAAAP\/\/\/yH5BAEAAAAALAAAAAABAAEAAAIBRAA7\" data-srcset=\"data:image\/gif;base64,R0lGODlhAQABAIAAAAAAAP\/\/\/yH5BAEAAAAALAAAAAABAAEAAAIBRAA7\" media=\"(min-width: 413px)\" type=\"image\/gif\"\/><source srcset=\"https:\/\/assets.acinolatam.com\/wp-content\/uploads\/sites\/3\/2025\/09\/collaboration_arcera-3.svg, https:\/\/assets.acinolatam.com\/wp-content\/uploads\/sites\/3\/2025\/09\/collaboration_arcera-3.svg 2x\" media=\"(max-width: 412px)\" type=\"image\/svg+xml\"\/><img loading=\"lazy\" decoding=\"async\" alt=\"\" src=\"https:\/\/assets.acinolatam.com\/wp-content\/uploads\/sites\/3\/2025\/09\/collaboration_arcera-3.svg\"  width=\"1\" height=\"1\" \/><\/picture><div class=\"wysiwyg-wrapper item-text\"><h3 style=\"text-align: center\"><span class=\"text-grey text-accentFour\">Colabora\u00e7\u00e3o<\/span><\/h3>\n<p style=\"text-align: center\">Ao construir rela\u00e7\u00f5es s\u00f3lidas com colegas da Arcera, partes interessadas e pares do setor, ampliamos nossa capacidade de enfrentar os desafios globais de sa\u00fade e impulsionar o impacto coletivo.<\/p>\n<\/div><\/div><\/li><\/ul><\/div><\/div>\n\n<div id=\"banner-0\" class=\"banner banner-simple wysiwyg use-icon acino-block--first\" data-view=\"banner\"><div><div class=\"background bg-accentFour\"><\/div><div class=\"container\"><h2><img loading=\"lazy\" decoding=\"async\" alt=\"\" src=\"https:\/\/assets.acinolatam.com\/wp-content\/uploads\/sites\/3\/2025\/09\/Codigo_conducta.svg\"  width=\"0\" height=\"0\" \/><span class=\"title small\">C\u00f3digo de conduta<\/span><\/h2><div class=\"content\"><img loading=\"lazy\" decoding=\"async\" alt=\"\" src=\"https:\/\/assets.acinolatam.com\/wp-content\/uploads\/sites\/3\/2025\/09\/Codigo_conducta.svg\"  width=\"0\" height=\"0\" \/><div class=\"wysiwyg-wrapper\"><p>Nosso C\u00f3digo de Conduta (\u201cC\u00f3digo\u201d) explica a posi\u00e7\u00e3o da Acino International AG (\u201cAcino\u201d) sobre quest\u00f5es fundamentais de integridade e conformidade, alinhadas com os valores da Acino.<\/p>\n<div class=\"buttons-container\"><a href=\"https:\/\/www.arceralifesciences.com\/about\/code-of-ethics\/\" class=\"button white-border\">Fa\u00e7a o download do nosso C\u00f3digo de Conduta<\/a><\/div><\/div><\/div><\/div><\/div><\/div>","protected":false},"excerpt":{"rendered":"","protected":false},"author":3,"featured_media":0,"parent":0,"menu_order":0,"comment_status":"closed","ping_status":"closed","template":"","meta":{"_acf_changed":false,"footnotes":""},"class_list":["post-354","page","type-page","status-publish","hentry"],"acf":[],"_links":{"self":[{"href":"https:\/\/acinolatam.com\/pt-br\/wp-json\/wp\/v2\/pages\/354","targetHints":{"allow":["GET"]}}],"collection":[{"href":"https:\/\/acinolatam.com\/pt-br\/wp-json\/wp\/v2\/pages"}],"about":[{"href":"https:\/\/acinolatam.com\/pt-br\/wp-json\/wp\/v2\/types\/page"}],"author":[{"embeddable":true,"href":"https:\/\/acinolatam.com\/pt-br\/wp-json\/wp\/v2\/users\/3"}],"replies":[{"embeddable":true,"href":"https:\/\/acinolatam.com\/pt-br\/wp-json\/wp\/v2\/comments?post=354"}],"version-history":[{"count":10,"href":"https:\/\/acinolatam.com\/pt-br\/wp-json\/wp\/v2\/pages\/354\/revisions"}],"predecessor-version":[{"id":1988,"href":"https:\/\/acinolatam.com\/pt-br\/wp-json\/wp\/v2\/pages\/354\/revisions\/1988"}],"wp:attachment":[{"href":"https:\/\/acinolatam.com\/pt-br\/wp-json\/wp\/v2\/media?parent=354"}],"curies":[{"name":"wp","href":"https:\/\/api.w.org\/{rel}","templated":true}]}}