{"id":362,"date":"2025-07-02T07:11:27","date_gmt":"2025-07-02T07:11:27","guid":{"rendered":"https:\/\/acinolatam.com\/?page_id=362"},"modified":"2025-11-06T16:54:03","modified_gmt":"2025-11-06T16:54:03","slug":"fazemos-parcerias","status":"publish","type":"page","link":"https:\/\/acinolatam.com\/pt-br\/fazemos-parcerias\/","title":{"rendered":"Fazemos Parcerias"},"content":{"rendered":"<div id=\"hero-0\" class=\"hero banner embla stories-enabled acino-grid--first\" data-view=\"hero\"><div><span class=\"overlay\" style=\"background: rgba(44, 44, 44, 0.4);\"><\/span><picture class=\"desktop-img\"><source srcset=\"data:image\/gif;base64,R0lGODlhAQABAIAAAAAAAP\/\/\/yH5BAEAAAAALAAAAAABAAEAAAIBRAA7\" data-srcset=\"data:image\/gif;base64,R0lGODlhAQABAIAAAAAAAP\/\/\/yH5BAEAAAAALAAAAAABAAEAAAIBRAA7\" media=\"(max-width: 412px)\" type=\"image\/gif\"\/><source srcset=\"https:\/\/assets.acinolatam.com\/wp-content\/webp-express\/webp-images\/uploads\/sites\/3\/2025\/07\/hero-banner-partnering.jpg.webp\" media=\"(min-width: 413px)\" type=\"image\/webp\"\/><source srcset=\"https:\/\/assets.acinolatam.com\/wp-content\/uploads\/sites\/3\/2025\/07\/hero-banner-partnering.jpg\" media=\"(min-width: 413px)\" type=\"image\/jpeg\"\/><img loading=\"lazy\" decoding=\"async\" alt=\"\" src=\"https:\/\/assets.acinolatam.com\/wp-content\/uploads\/sites\/3\/2025\/07\/hero-banner-partnering.jpg\" width=\"1280\" height=\"720\" style=\"aspect-ratio:1280\/720;\"  \/><\/picture><picture class=\"mobile-img\"><source srcset=\"data:image\/gif;base64,R0lGODlhAQABAIAAAAAAAP\/\/\/yH5BAEAAAAALAAAAAABAAEAAAIBRAA7\" data-srcset=\"data:image\/gif;base64,R0lGODlhAQABAIAAAAAAAP\/\/\/yH5BAEAAAAALAAAAAABAAEAAAIBRAA7\" media=\"(min-width: 413px)\" type=\"image\/gif\"\/><source srcset=\"https:\/\/assets.acinolatam.com\/wp-content\/webp-express\/webp-images\/uploads\/sites\/3\/2025\/07\/hero-banner-partnering-412x232.jpg.webp, https:\/\/assets.acinolatam.com\/wp-content\/webp-express\/webp-images\/uploads\/sites\/3\/2025\/07\/hero-banner-partnering.jpg.webp 2x\" media=\"(max-width: 412px)\" type=\"image\/webp\"\/><source srcset=\"https:\/\/assets.acinolatam.com\/wp-content\/uploads\/sites\/3\/2025\/07\/hero-banner-partnering-412x232.jpg, https:\/\/assets.acinolatam.com\/wp-content\/uploads\/sites\/3\/2025\/07\/hero-banner-partnering.jpg 2x\" media=\"(max-width: 412px)\" type=\"image\/jpeg\"\/><img loading=\"lazy\" decoding=\"async\" alt=\"\" src=\"https:\/\/assets.acinolatam.com\/wp-content\/uploads\/sites\/3\/2025\/07\/hero-banner-partnering-412x232.jpg\" width=\"412\" height=\"232\" style=\"aspect-ratio:412\/232;\"  \/><\/picture><div class=\"hero-title mobile\"><p>Um parceiro confi\u00e1vel com quem voc\u00ea pode contar<\/p>\n<\/div><\/div><div class=\"hero-content container\"><div class=\"hero-title desktop\"><p>Um parceiro confi\u00e1vel com quem voc\u00ea pode contar<\/p>\n<\/div><div class=\"stories\"><div class=\"background bg-primary\"><\/div><div class=\"embla__viewport\"><div class=\"embla__container\"><div class=\"embla__slide\"><p>Latest Stories<\/p><strong>Your partner for innovative medicines in emerging markets<\/strong><div><a href=\"https:\/\/acinolatam.com\/pt-br\/news\/article\/your-partner-for-innovative-medicines-in-emerging-markets\" class=\"button white-border\">Leia mais \/ Mais informa\u00e7\u00e3o<\/a><\/div><\/div><div class=\"embla__slide\"><p>Latest Stories<\/p><strong>Acino signs an exclusive license agreement with Supernus in Latin America<\/strong><div><a href=\"https:\/\/acinolatam.com\/pt-br\/news\/article\/acino-signs-an-exclusive-license-agreement-with-supernus-in-latin-america\" class=\"button white-border\">Leia mais \/ Mais informa\u00e7\u00e3o<\/a><\/div><\/div><div class=\"embla__slide\"><p>Latest Stories<\/p><strong>Acino signs an exclusive license agreement with SERB Pharmaceuticals in Latin America<\/strong><div><a href=\"https:\/\/acinolatam.com\/pt-br\/news\/article\/acino-signs-an-exclusive-license-agreement-with-serb-pharmaceuticals-in-latin-america\" class=\"button white-border\">Leia mais \/ Mais informa\u00e7\u00e3o<\/a><\/div><\/div><div class=\"embla__slide\"><p>Latest Stories<\/p><strong>ADQ further strengthens its Healthcare &amp; Pharma portfolio with agreement to acquire pharmaceutical company Acino<\/strong><div><a href=\"https:\/\/acinolatam.com\/pt-br\/news\/article\/adq-further-strengthens-its-healthcare-pharma-portfolio-with-agreement-to-acquire-pharmaceutical-company-acino\" class=\"button white-border\">Leia mais \/ Mais informa\u00e7\u00e3o<\/a><\/div><\/div><\/div><div class=\"embla__dots\"><\/div><div class=\"embla__arrows\"><button class=\"embla__button embla__prev\"><svg class=\"embla__button__svg\" viewBox=\"0 0 532 532\"><path fill=\"currentColor\" d=\"M355.66 11.354c13.793-13.805 36.208-13.805 50.001 0 13.785 13.804 13.785 36.238 0 50.034L201.22 266l204.442 204.61c13.785 13.805 13.785 36.239 0 50.044-13.793 13.796-36.208 13.796-50.002 0a5994246.277 5994246.277 0 0 0-229.332-229.454 35.065 35.065 0 0 1-10.326-25.126c0-9.2 3.393-18.26 10.326-25.2C172.192 194.973 332.731 34.31 355.66 11.354Z\"><\/path><\/svg><\/button><button class=\"embla__button embla__next\"><svg class=\"embla__button__svg\" viewBox=\"0 0 532 532\"><path fill=\"currentColor\" d=\"M176.34 520.646c-13.793 13.805-36.208 13.805-50.001 0-13.785-13.804-13.785-36.238 0-50.034L330.78 266 126.34 61.391c-13.785-13.805-13.785-36.239 0-50.044 13.793-13.796 36.208-13.796 50.002 0 22.928 22.947 206.395 206.507 229.332 229.454a35.065 35.065 0 0 1 10.326 25.126c0 9.2-3.393 18.26-10.326 25.2-45.865 45.901-206.404 206.564-229.332 229.52Z\"><\/path><\/svg><\/button><\/div><\/div><\/div><\/div><\/div>\n\n<div id=\"layout-two-columns-0\" class=\"layout-two-columns wysiwyg position-normal align-img-center img-overflow-normal multiple-image acino-block--first\" data-view=\"layout-two-columns\"><div class=\"background bg-white\"><div class=\"container\"><div class=\"content wysiwyg-wrapper\"><p>A Acino \u00e9 o parceiro ideal para empresas farmac\u00eauticas que buscam expandir-se em mercados de alto crescimento. Nossa extensa rede de distribui\u00e7\u00e3o abrange mais de <a href=\"https:\/\/acinolatam.com\/pt-br\/perfil-corporativo\/\">11 pa\u00edses na Am\u00e9rica Latina e mais de 60 pa\u00edses<\/a> em todo o mundo, permitindo que nossos parceiros ampliem suas estrat\u00e9gias e alcance de mercado.<\/p>\n<p>Nosso compromisso com a qualidade, a inova\u00e7\u00e3o e o acesso a medicamentos est\u00e1 no centro de todas as nossas parcerias. Seguimos os mais altos padr\u00f5es \u00e9ticos e de integridade comercial para garantir colabora\u00e7\u00f5es mutuamente ben\u00e9ficas e focadas no cliente.<\/p>\n<p>Convidamos as empresas farmac\u00eauticas a explorar oportunidades de parceria com a Acino. Juntos, levaremos solu\u00e7\u00f5es de sa\u00fade \u00e0s regi\u00f5es que mais precisam delas.<\/p>\n<p>Na Acino, estamos <strong>comprometidos com o seu sucesso,<\/strong> aproveitando nossa <strong>experi\u00eancia em mercados emergentes<\/strong> para sua vantagem.<\/p>\n<div class=\"buttons\"><a href=\"https:\/\/acino.swiss\/services\/partner\/#contact-form-5\" class=\"button primary-solid\" target=\"_blank\">Seja nosso parceiro<\/a><\/div><p><span class=\"text-pink text-tertiary\"><em>Para saber mais sobre nossos parceiros comerciais, clique em cada um deles.<\/em><\/span><\/p>\n<\/div><div class=\"multiple-images\"><a href=\"https:\/\/www.benedbiomed.com\/\" class=\"block-link\" target=\"_blank\"><img loading=\"lazy\" decoding=\"async\" alt=\"\" src=\"https:\/\/assets.acinolatam.com\/wp-content\/uploads\/sites\/3\/2025\/11\/Bened-biomedical.svg\"  width=\"0\" height=\"0\" \/><\/a><a href=\"https:\/\/www.biocodex.com\/en\/\" class=\"block-link\" target=\"_blank\"><img loading=\"lazy\" decoding=\"async\" alt=\"\" src=\"https:\/\/assets.acinolatam.com\/wp-content\/uploads\/sites\/3\/2025\/07\/Biocodex.png\" width=\"360\" height=\"180\" style=\"aspect-ratio:360\/180;\"  \/><\/a><a href=\"https:\/\/daewoong.co.kr\/en\/main\/index\" class=\"block-link\" target=\"_blank\"><img loading=\"lazy\" decoding=\"async\" alt=\"\" src=\"https:\/\/assets.acinolatam.com\/wp-content\/uploads\/sites\/3\/2025\/07\/Daewoong.png\" width=\"360\" height=\"180\" style=\"aspect-ratio:360\/180;\"  \/><\/a><a href=\"https:\/\/pharmanovia.com\/\" class=\"block-link\" target=\"_blank\"><img loading=\"lazy\" decoding=\"async\" alt=\"\" src=\"https:\/\/assets.acinolatam.com\/wp-content\/uploads\/sites\/3\/2025\/09\/Pharmanovia-1.svg\"  width=\"0\" height=\"0\" \/><\/a><a href=\"https:\/\/www.futuramedical.com\/\" class=\"block-link\" target=\"_blank\"><img loading=\"lazy\" decoding=\"async\" alt=\"\" src=\"https:\/\/assets.acinolatam.com\/wp-content\/uploads\/sites\/3\/2025\/07\/Futura-Medical.png\" width=\"360\" height=\"180\" style=\"aspect-ratio:360\/180;\"  \/><\/a><a href=\"https:\/\/www.karohealthcare.com\/\" class=\"block-link\" target=\"_blank\"><img loading=\"lazy\" decoding=\"async\" alt=\"\" src=\"https:\/\/assets.acinolatam.com\/wp-content\/uploads\/sites\/3\/2025\/07\/Karo.png\" width=\"360\" height=\"180\" style=\"aspect-ratio:360\/180;\"  \/><\/a><a href=\"https:\/\/www.lgchem.com\/main\/index?lang=en_US\" class=\"block-link\" target=\"_blank\"><img loading=\"lazy\" decoding=\"async\" alt=\"\" src=\"https:\/\/assets.acinolatam.com\/wp-content\/uploads\/sites\/3\/2025\/07\/LG-Chem.png\" width=\"360\" height=\"180\" style=\"aspect-ratio:360\/180;\"  \/><\/a><a href=\"https:\/\/serb.com\/\" class=\"block-link\" target=\"_blank\"><img loading=\"lazy\" decoding=\"async\" alt=\"\" src=\"https:\/\/assets.acinolatam.com\/wp-content\/uploads\/sites\/3\/2025\/07\/Serb.png\" width=\"360\" height=\"180\" style=\"aspect-ratio:360\/180;\"  \/><\/a><a href=\"https:\/\/www.supernus.com\/\" class=\"block-link\" target=\"_blank\"><img loading=\"lazy\" decoding=\"async\" alt=\"\" src=\"https:\/\/assets.acinolatam.com\/wp-content\/uploads\/sites\/3\/2025\/07\/Supernus.png\" width=\"360\" height=\"180\" style=\"aspect-ratio:360\/180;\"  \/><\/a><a href=\"https:\/\/techni-pharma.fr\/en\/\" class=\"block-link\" target=\"_blank\"><img loading=\"lazy\" decoding=\"async\" alt=\"\" src=\"https:\/\/assets.acinolatam.com\/wp-content\/uploads\/sites\/3\/2025\/07\/Techni-Pharma.png\" width=\"360\" height=\"180\" style=\"aspect-ratio:360\/180;\"  \/><\/a><a href=\"https:\/\/www.viatris.mx\/\" class=\"block-link\" target=\"_blank\"><img loading=\"lazy\" decoding=\"async\" alt=\"\" src=\"https:\/\/assets.acinolatam.com\/wp-content\/uploads\/sites\/3\/2025\/11\/Viatris-2.svg\"  width=\"0\" height=\"0\" \/><\/a><a href=\"https:\/\/www.ucb.com\/\" class=\"block-link\" target=\"_blank\"><img loading=\"lazy\" decoding=\"async\" alt=\"\" src=\"https:\/\/assets.acinolatam.com\/wp-content\/uploads\/sites\/3\/2025\/09\/UCB-5.svg\"  width=\"0\" height=\"0\" \/><\/a><\/div><\/div><\/div><\/div>","protected":false},"excerpt":{"rendered":"","protected":false},"author":3,"featured_media":0,"parent":0,"menu_order":0,"comment_status":"closed","ping_status":"closed","template":"","meta":{"_acf_changed":false,"footnotes":""},"class_list":["post-362","page","type-page","status-publish","hentry"],"acf":[],"_links":{"self":[{"href":"https:\/\/acinolatam.com\/pt-br\/wp-json\/wp\/v2\/pages\/362","targetHints":{"allow":["GET"]}}],"collection":[{"href":"https:\/\/acinolatam.com\/pt-br\/wp-json\/wp\/v2\/pages"}],"about":[{"href":"https:\/\/acinolatam.com\/pt-br\/wp-json\/wp\/v2\/types\/page"}],"author":[{"embeddable":true,"href":"https:\/\/acinolatam.com\/pt-br\/wp-json\/wp\/v2\/users\/3"}],"replies":[{"embeddable":true,"href":"https:\/\/acinolatam.com\/pt-br\/wp-json\/wp\/v2\/comments?post=362"}],"version-history":[{"count":10,"href":"https:\/\/acinolatam.com\/pt-br\/wp-json\/wp\/v2\/pages\/362\/revisions"}],"predecessor-version":[{"id":1782,"href":"https:\/\/acinolatam.com\/pt-br\/wp-json\/wp\/v2\/pages\/362\/revisions\/1782"}],"wp:attachment":[{"href":"https:\/\/acinolatam.com\/pt-br\/wp-json\/wp\/v2\/media?parent=362"}],"curies":[{"name":"wp","href":"https:\/\/api.w.org\/{rel}","templated":true}]}}